{"id":17,"date":"2012-04-11T14:54:25","date_gmt":"2012-04-11T12:54:25","guid":{"rendered":"http:\/\/blog.xarxa-omnia.org\/maratopobresa\/?page_id=17"},"modified":"2012-05-03T15:15:16","modified_gmt":"2012-05-03T13:15:16","slug":"maratomnia","status":"publish","type":"page","link":"https:\/\/bloc.xarxa-omnia.org\/maratopobresa\/maratomnia\/","title":{"rendered":"Marat\u00d2mnia"},"content":{"rendered":"<p><iframe loading=\"lazy\" width=\"100%\" height=\"550\" frameborder=\"0\" scrolling=\"no\" marginheight=\"0\" marginwidth=\"0\" src=\"http:\/\/maps.google.com\/maps\/ms?msa=0&amp;msid=215480288691928778528.0004bdf69c455f87a9d33&amp;hl=ca&amp;ie=UTF8&amp;t=m&amp;ll=41.404626,2.110748&amp;spn=0.360516,0.583649&amp;z=10&amp;output=embed\"><\/iframe><br \/><small>Mostra <a href=\"http:\/\/maps.google.com\/maps\/ms?msa=0&amp;msid=215480288691928778528.0004bdf69c455f87a9d33&amp;hl=ca&amp;ie=UTF8&amp;t=m&amp;ll=41.404626,2.110748&amp;spn=0.360516,0.583649&amp;z=10&amp;source=embed\" style=\"color:#0000FF;text-align:left\">Marat\u00f3 per la pobresa<\/a> en un mapa m\u00e9s gran<\/small><\/p>\n<h3>Alguns \u00d2mnia ja estan enviant propostes! I el teu punt? Que ning\u00fa es quedi fora de joc!<\/h3>\n<p><a href=\"http:\/\/blog.xarxa-omnia.org\/maratopobresa\/files\/2012\/04\/mapa_masiaespinos_moltaprop.png\"><img loading=\"lazy\" decoding=\"async\" class=\"size-medium wp-image-127 alignright\" title=\"Ubicaci\u00f3 imatge al mapa\" src=\"http:\/\/blog.xarxa-omnia.org\/maratopobresa\/files\/2012\/04\/mapa_masiaespinos_moltaprop-300x180.png\" alt=\"Mapa amb la ubicaci\u00f3 de Masia Espin\u00f2s\" width=\"200\" height=\"150\" \/><\/a>Aquest mapa parteix de la proposta de Daniel Molina, dinamitzador del <a href=\"http:\/\/xarxa-omnia.org\/node\/1914\">Punt \u00d2mnia Masia Espin\u00f3s<\/a>, de <strong>geolocalitzar imatges<\/strong> (fotos, dibuixos, cartells, punts de llibre) de les activitats que faci cada punt per la Marat\u00f3, utilitzant l&#8217;eina Picasa.<\/p>\n<h3>Puja les teves imatges a l&#8217;<a href=\"https:\/\/picasaweb.google.com\/xarxaomnia\/MaratOmnia\">\u00e0lbum Marat\u00d2mnia<\/a> del Picasa de Xarxa \u00d2mnia!<\/h3>\n<p>Com ho faig? Demana les dades d&#8217;acc\u00e9s i suport a seguiment(arrova)xarxa-omnia.org, i\/o consulta <a href=\"http:\/\/blog.xarxa-omnia.org\/maratopobresa\/maratomnia\/fotos-al-picasa\/\">aquestes instruccions<\/a>.<\/p>\n","protected":false},"excerpt":{"rendered":"<p>Mostra Marat\u00f3 per la pobresa en un mapa m\u00e9s gran Alguns \u00d2mnia ja estan enviant propostes! I el teu punt? Que ning\u00fa es quedi fora de joc! Aquest mapa parteix de la proposta de Daniel Molina, dinamitzador del Punt \u00d2mnia Masia Espin\u00f3s, de geolocalitzar imatges (fotos, dibuixos, cartells, punts de llibre) de les activitats que [&hellip;]<\/p>\n","protected":false},"author":61,"featured_media":0,"parent":0,"menu_order":1,"comment_status":"open","ping_status":"open","template":"","meta":{"footnotes":""},"class_list":["post-17","page","type-page","status-publish","hentry"],"_links":{"self":[{"href":"https:\/\/bloc.xarxa-omnia.org\/maratopobresa\/wp-json\/wp\/v2\/pages\/17","targetHints":{"allow":["GET"]}}],"collection":[{"href":"https:\/\/bloc.xarxa-omnia.org\/maratopobresa\/wp-json\/wp\/v2\/pages"}],"about":[{"href":"https:\/\/bloc.xarxa-omnia.org\/maratopobresa\/wp-json\/wp\/v2\/types\/page"}],"author":[{"embeddable":true,"href":"https:\/\/bloc.xarxa-omnia.org\/maratopobresa\/wp-json\/wp\/v2\/users\/61"}],"replies":[{"embeddable":true,"href":"https:\/\/bloc.xarxa-omnia.org\/maratopobresa\/wp-json\/wp\/v2\/comments?post=17"}],"version-history":[{"count":21,"href":"https:\/\/bloc.xarxa-omnia.org\/maratopobresa\/wp-json\/wp\/v2\/pages\/17\/revisions"}],"predecessor-version":[{"id":120,"href":"https:\/\/bloc.xarxa-omnia.org\/maratopobresa\/wp-json\/wp\/v2\/pages\/17\/revisions\/120"}],"wp:attachment":[{"href":"https:\/\/bloc.xarxa-omnia.org\/maratopobresa\/wp-json\/wp\/v2\/media?parent=17"}],"curies":[{"name":"wp","href":"https:\/\/api.w.org\/{rel}","templated":true}]}}