{"id":2,"date":"2012-04-10T18:43:07","date_gmt":"2012-04-10T16:43:07","guid":{"rendered":""},"modified":"2012-04-18T20:59:43","modified_gmt":"2012-04-18T18:59:43","slug":"about","status":"publish","type":"page","link":"https:\/\/bloc.xarxa-omnia.org\/maratopobresa\/about\/","title":{"rendered":"La Marat\u00f3"},"content":{"rendered":"<p><a href=\"http:\/\/blogs.ccrtvi.com\/media\/1093\/20120329-cartell_marato.jpg\"><img loading=\"lazy\" decoding=\"async\" class=\"alignleft\" style=\"margin: 5px;\" title=\"Cartell de la marat\u00f3 per la pobresa\" src=\"http:\/\/blogs.ccrtvi.com\/media\/1093\/20120329-cartell_marato.jpg\" alt=\"Cartell de la marat\u00f3 per la pobresa\" width=\"270\" height=\"382\" \/><\/a><\/p>\n<p>El proper diumenge 27 de maig, tindr\u00e0 lloc la <a href=\"http:\/\/www.tv3.cat\/maratopobresa\">Marat\u00f3 per la pobresa<\/a>, organitzada per TV3, Catalunya R\u00e0dio i la Fundaci\u00f3 La Marat\u00f3 de TV3.<\/p>\n<p>Es tracta d&#8217;una acci\u00f3 puntual i excepcional que, sota el t\u00edtol &#8220;Que ning\u00fa es quedi fora de joc&#8221;, t\u00e9 com a objectiu sensibilitzar i mobilitzar la societat davant la situaci\u00f3 de nombroses persones que, donada l&#8217;evoluci\u00f3 de la crisi, es troben en situaci\u00f3 de risc d&#8217;exclusi\u00f3 social o ja n&#8217;estan excloses.<\/p>\n<p>Fa ja 13 anys que el Programa \u00d2mnia del Departament de Benestar Social i Fam\u00edlia treballa per la prevenci\u00f3 i la inclusi\u00f3 social des de la formaci\u00f3 en noves tecnologies, la vinculaci\u00f3 a la comunitat i la inserci\u00f3 de les persones en la societat.<\/p>\n","protected":false},"excerpt":{"rendered":"<p>El proper diumenge 27 de maig, tindr\u00e0 lloc la Marat\u00f3 per la pobresa, organitzada per TV3, Catalunya R\u00e0dio i la Fundaci\u00f3 La Marat\u00f3 de TV3. Es tracta d&#8217;una acci\u00f3 puntual i excepcional que, sota el t\u00edtol &#8220;Que ning\u00fa es quedi fora de joc&#8221;, t\u00e9 com a objectiu sensibilitzar i mobilitzar la societat davant la situaci\u00f3 [&hellip;]<\/p>\n","protected":false},"author":61,"featured_media":0,"parent":0,"menu_order":2,"comment_status":"open","ping_status":"open","template":"","meta":{"footnotes":""},"class_list":["post-2","page","type-page","status-publish","hentry"],"_links":{"self":[{"href":"https:\/\/bloc.xarxa-omnia.org\/maratopobresa\/wp-json\/wp\/v2\/pages\/2","targetHints":{"allow":["GET"]}}],"collection":[{"href":"https:\/\/bloc.xarxa-omnia.org\/maratopobresa\/wp-json\/wp\/v2\/pages"}],"about":[{"href":"https:\/\/bloc.xarxa-omnia.org\/maratopobresa\/wp-json\/wp\/v2\/types\/page"}],"author":[{"embeddable":true,"href":"https:\/\/bloc.xarxa-omnia.org\/maratopobresa\/wp-json\/wp\/v2\/users\/61"}],"replies":[{"embeddable":true,"href":"https:\/\/bloc.xarxa-omnia.org\/maratopobresa\/wp-json\/wp\/v2\/comments?post=2"}],"version-history":[{"count":13,"href":"https:\/\/bloc.xarxa-omnia.org\/maratopobresa\/wp-json\/wp\/v2\/pages\/2\/revisions"}],"predecessor-version":[{"id":143,"href":"https:\/\/bloc.xarxa-omnia.org\/maratopobresa\/wp-json\/wp\/v2\/pages\/2\/revisions\/143"}],"wp:attachment":[{"href":"https:\/\/bloc.xarxa-omnia.org\/maratopobresa\/wp-json\/wp\/v2\/media?parent=2"}],"curies":[{"name":"wp","href":"https:\/\/api.w.org\/{rel}","templated":true}]}}