{"id":72,"date":"2012-04-18T18:02:57","date_gmt":"2012-04-18T16:02:57","guid":{"rendered":"http:\/\/blog.xarxa-omnia.org\/maratopobresa\/?page_id=72"},"modified":"2012-04-23T14:33:00","modified_gmt":"2012-04-23T12:33:00","slug":"participacio","status":"publish","type":"page","link":"https:\/\/bloc.xarxa-omnia.org\/maratopobresa\/","title":{"rendered":"Participa!"},"content":{"rendered":"<p><a href=\"http:\/\/blog.xarxa-omnia.org\/maratopobresa\/files\/2012\/04\/marato_pobresa.png\"><img loading=\"lazy\" decoding=\"async\" class=\"alignleft size-full wp-image-83\" title=\"Titol Marat\u00f3 Pobresa\" src=\"http:\/\/blog.xarxa-omnia.org\/maratopobresa\/files\/2012\/04\/marato_pobresa.png\" alt=\"\" width=\"254\" height=\"136\" \/><\/a><\/p>\n<p>La <a href=\"http:\/\/www.xarxa-omnia.org\/\">Xarxa \u00d2mnia<\/a> s&#8217;adhereix als objectius de la <a href=\"http:\/\/blog.xarxa-omnia.org\/maratopobresa\/about\/\">Marat\u00f3 per la Pobresa<\/a>, i proposa a cada Punt \u00d2mnia que  hi participi de la manera que m\u00e9s s&#8217;adapti al seu entorn:<\/p>\n<table align=\"center\">\n<tbody>\n<tr>\n<td width=\"50%\" bgcolor=\"#C9EEFE\">\n<h3 style=\"text-align: center;\"><a href=\"http:\/\/blog.xarxa-omnia.org\/maratopobresa\/participacio\/activitats-per-ser-enregistrades\/\"><img loading=\"lazy\" decoding=\"async\" class=\"size-full wp-image-107 aligncenter\" title=\"Icona de persones\" src=\"http:\/\/blog.xarxa-omnia.org\/maratopobresa\/files\/2012\/04\/1334770827_file_document_paper_blue_g16091.png\" alt=\"\" width=\"128\" height=\"128\" \/><\/a><\/h3>\n<h3 style=\"text-align: center;\"><strong>Proposeu una <a title=\"V\u00e9s a la p\u00e0gina amb consells per organitzar activitats\" href=\"http:\/\/blog.xarxa-omnia.org\/maratopobresa\/participacio\/activitats-per-ser-enregistrades\/\">activitat per la Marat\u00f3<\/a><\/strong><\/h3>\n<\/td>\n<td width=\"50%\" bgcolor=\"#ECFDCE\">\n<h3 style=\"text-align: center;\"><a href=\"http:\/\/blog.xarxa-omnia.org\/maratopobresa\/participacio\/fer-difusio-de-lesdeveniment\/\"><img loading=\"lazy\" decoding=\"async\" class=\"size-full wp-image-111 aligncenter\" title=\"1334771325_file_document_paper_green_g21743\" src=\"http:\/\/blog.xarxa-omnia.org\/maratopobresa\/files\/2012\/04\/1334771325_file_document_paper_green_g21743.png\" alt=\"Icona difusi\u00f3\" width=\"128\" height=\"128\" \/><\/a><\/p>\n<h3 style=\"text-align: center;\"><strong>Feu-ne <a title=\"V\u00e9s a la p\u00e0gina amb consells per fer difusi\u00f3\" href=\"http:\/\/blog.xarxa-omnia.org\/maratopobresa\/participacio\/fer-difusio-de-lesdeveniment\/\">difusi\u00f3<\/a><\/strong><\/h3>\n<\/td>\n<\/tr>\n<tr>\n<td width=\"50%\" bgcolor=\"#ECFDCE\">\n<h3 style=\"text-align: center;\"><a href=\"http:\/\/blog.xarxa-omnia.org\/maratopobresa\/participacio\/altres-formes-de-participar-hi\/\"><img loading=\"lazy\" decoding=\"async\" class=\"aligncenter size-full wp-image-115\" title=\"Icona idees\" src=\"http:\/\/blog.xarxa-omnia.org\/maratopobresa\/files\/2012\/04\/1334771919_file_document_paper_green_g14628.png\" alt=\"Icona idees\" width=\"128\" height=\"128\" \/><\/a><strong> <\/strong><\/h3>\n<h3 style=\"text-align: center;\"><strong>Participeu d&#8217;<a title=\"V\u00e9s a la p\u00e0gina per con\u00e8ixer altres maneres de participar-hi\" href=\"http:\/\/blog.xarxa-omnia.org\/maratopobresa\/participacio\/altres-formes-de-participar-hi\/\">altres maneres<\/a><\/strong><\/h3>\n<\/td>\n<td width=\"50%\" bgcolor=\"#C9EEFE\">\n<h3 style=\"text-align: center;\"><a href=\"http:\/\/blog.xarxa-omnia.org\/maratopobresa\/maratomnia\/\"><img loading=\"lazy\" decoding=\"async\" class=\"aligncenter size-full wp-image-116\" title=\"Icona de lupa\" src=\"http:\/\/blog.xarxa-omnia.org\/maratopobresa\/files\/2012\/04\/1334770949_file_document_paper_blue_g14989.png\" alt=\"Icona de lupa\" width=\"128\" height=\"128\" \/><\/a><\/h3>\n<h3 style=\"text-align: center;\"><strong>Geolocalitzeu la vostra activitat al mapa de la <a title=\"V\u00e9s a la p\u00e0gina de la Marat\u00d2mnia\" href=\"http:\/\/blog.xarxa-omnia.org\/maratopobresa\/maratomnia\/\">Marat\u00d2mnia<\/a>!<\/strong><\/h3>\n<p><strong><br \/>\n<\/strong><\/td>\n<\/tr>\n<\/tbody>\n<\/table>\n","protected":false},"excerpt":{"rendered":"<p>La Xarxa \u00d2mnia s&#8217;adhereix als objectius de la Marat\u00f3 per la Pobresa, i proposa a cada Punt \u00d2mnia que hi participi de la manera que m\u00e9s s&#8217;adapti al seu entorn: Proposeu una activitat per la Marat\u00f3 Feu-ne difusi\u00f3 Participeu d&#8217;altres maneres Geolocalitzeu la vostra activitat al mapa de la Marat\u00d2mnia!<\/p>\n","protected":false},"author":61,"featured_media":0,"parent":0,"menu_order":0,"comment_status":"open","ping_status":"open","template":"","meta":{"footnotes":""},"class_list":["post-72","page","type-page","status-publish","hentry"],"_links":{"self":[{"href":"https:\/\/bloc.xarxa-omnia.org\/maratopobresa\/wp-json\/wp\/v2\/pages\/72","targetHints":{"allow":["GET"]}}],"collection":[{"href":"https:\/\/bloc.xarxa-omnia.org\/maratopobresa\/wp-json\/wp\/v2\/pages"}],"about":[{"href":"https:\/\/bloc.xarxa-omnia.org\/maratopobresa\/wp-json\/wp\/v2\/types\/page"}],"author":[{"embeddable":true,"href":"https:\/\/bloc.xarxa-omnia.org\/maratopobresa\/wp-json\/wp\/v2\/users\/61"}],"replies":[{"embeddable":true,"href":"https:\/\/bloc.xarxa-omnia.org\/maratopobresa\/wp-json\/wp\/v2\/comments?post=72"}],"version-history":[{"count":39,"href":"https:\/\/bloc.xarxa-omnia.org\/maratopobresa\/wp-json\/wp\/v2\/pages\/72\/revisions"}],"predecessor-version":[{"id":76,"href":"https:\/\/bloc.xarxa-omnia.org\/maratopobresa\/wp-json\/wp\/v2\/pages\/72\/revisions\/76"}],"wp:attachment":[{"href":"https:\/\/bloc.xarxa-omnia.org\/maratopobresa\/wp-json\/wp\/v2\/media?parent=72"}],"curies":[{"name":"wp","href":"https:\/\/api.w.org\/{rel}","templated":true}]}}