{"id":6,"date":"2010-02-08T15:29:23","date_gmt":"2010-02-08T13:29:23","guid":{"rendered":"http:\/\/xarxaomnia.gencat.cat\/blocs\/mascares\/?page_id=6"},"modified":"2010-02-10T13:57:33","modified_gmt":"2010-02-10T11:57:33","slug":"mascares-per-provar","status":"publish","type":"page","link":"https:\/\/bloc.xarxa-omnia.org\/mascares\/mascares-per-provar\/","title":{"rendered":"M\u00e0scares per provar"},"content":{"rendered":"<p>Amb <a title=\"dibujos.net\" href=\"http:\/\/mas-dibujos.dibujos.net\/mascaras\/\" target=\"_blank\">dibujos.net<\/a> podeu triar diferents tipus de m\u00e0scares i pintar-les en l\u00ednia, despr\u00e9s es poden imprimir directament, o desar-les a l&#8217;ordinador.<\/p>\n<p><strong>\u00c9s molt senzill!<\/strong><\/p>\n<p><code>[kml_flashembed movie=\"http:\/\/static.slidesharecdn.com\/swf\/ssplayer2.swf?doc=dibuspuntnet-100209054906-phpapp01&amp;stripped_title=pintem-una-mscara\" width=\"455\" height=\"455\" wmode=\"transparent\" \/]<\/code><\/p>\n<p>Una altra manera \u00e9s baixant-les d&#8217;un lloc web i<span style=\"color: #339966\"> <strong>pintant-les amb algun editor d&#8217;imatge<\/strong><\/span> (Paint, GIMP, Tuxpaint, etc.) o a m\u00e0.<\/p>\n<p style=\"text-align: center\"><img loading=\"lazy\" decoding=\"async\" class=\"size-full wp-image-36 aligncenter\" src=\"http:\/\/blog.xarxa-omnia.org\/mascares\/files\/2010\/02\/pinta_el_diable.png\" alt=\"pinta_el_diable\" width=\"450\" height=\"301\" srcset=\"https:\/\/bloc.xarxa-omnia.org\/mascares\/files\/2010\/02\/pinta_el_diable.png 750w, https:\/\/bloc.xarxa-omnia.org\/mascares\/files\/2010\/02\/pinta_el_diable-300x200.png 300w\" sizes=\"auto, (max-width: 450px) 100vw, 450px\" \/><\/p>\n<p style=\"text-align: center\">\n<p><strong>Us deixem alguns <span style=\"color: #339966\">exemples<\/span> <\/strong>(Per descarregar-vos aquestes imatges feu clic amb el bot\u00f3 dret i seleccioneu &#8216;Anomena i Desa&#8217;):<\/p>\n<h5>Jirafa<\/h5>\n<p style=\"text-align: center\"><img loading=\"lazy\" decoding=\"async\" class=\"size-full wp-image-27 aligncenter\" src=\"http:\/\/blog.xarxa-omnia.org\/mascares\/files\/2010\/02\/jirafa.jpg\" alt=\"jirafa\" width=\"369\" height=\"400\" srcset=\"https:\/\/bloc.xarxa-omnia.org\/mascares\/files\/2010\/02\/jirafa.jpg 369w, https:\/\/bloc.xarxa-omnia.org\/mascares\/files\/2010\/02\/jirafa-276x300.jpg 276w\" sizes=\"auto, (max-width: 369px) 100vw, 369px\" \/><\/p>\n<p><strong>M\u00e0scara<\/strong><\/p>\n<p style=\"text-align: center\"><img loading=\"lazy\" decoding=\"async\" class=\"alignleft size-full wp-image-29\" src=\"http:\/\/blog.xarxa-omnia.org\/mascares\/files\/2010\/02\/antifaz.jpg\" alt=\"antifaz\" width=\"526\" height=\"557\" srcset=\"https:\/\/bloc.xarxa-omnia.org\/mascares\/files\/2010\/02\/antifaz.jpg 526w, https:\/\/bloc.xarxa-omnia.org\/mascares\/files\/2010\/02\/antifaz-283x300.jpg 283w\" sizes=\"auto, (max-width: 526px) 100vw, 526px\" \/><\/p>\n<p><strong>Diable<br \/>\n<\/strong><\/p>\n<p style=\"text-align: center\"><img loading=\"lazy\" decoding=\"async\" class=\"alignleft size-full wp-image-34\" src=\"http:\/\/blog.xarxa-omnia.org\/mascares\/files\/2010\/02\/diab_nb.gif\" alt=\"diab_nb\" width=\"520\" height=\"478\" \/><\/p>\n","protected":false},"excerpt":{"rendered":"<p>Amb dibujos.net podeu triar diferents tipus de m\u00e0scares i pintar-les en l\u00ednia, despr\u00e9s es poden imprimir directament, o desar-les a l&#8217;ordinador. \u00c9s molt senzill! [kml_flashembed movie=&#8221;http:\/\/static.slidesharecdn.com\/swf\/ssplayer2.swf?doc=dibuspuntnet-100209054906-phpapp01&amp;stripped_title=pintem-una-mscara&#8221; width=&#8221;455&#8243; height=&#8221;455&#8243; wmode=&#8221;transparent&#8221; \/] Una altra manera \u00e9s baixant-les d&#8217;un lloc web i pintant-les amb algun editor d&#8217;imatge (Paint, GIMP, Tuxpaint, etc.) o a m\u00e0. Us deixem alguns exemples [&hellip;]<\/p>\n","protected":false},"author":61,"featured_media":0,"parent":0,"menu_order":2,"comment_status":"closed","ping_status":"open","template":"","meta":{"footnotes":""},"class_list":["post-6","page","type-page","status-publish","hentry"],"_links":{"self":[{"href":"https:\/\/bloc.xarxa-omnia.org\/mascares\/wp-json\/wp\/v2\/pages\/6","targetHints":{"allow":["GET"]}}],"collection":[{"href":"https:\/\/bloc.xarxa-omnia.org\/mascares\/wp-json\/wp\/v2\/pages"}],"about":[{"href":"https:\/\/bloc.xarxa-omnia.org\/mascares\/wp-json\/wp\/v2\/types\/page"}],"author":[{"embeddable":true,"href":"https:\/\/bloc.xarxa-omnia.org\/mascares\/wp-json\/wp\/v2\/users\/61"}],"replies":[{"embeddable":true,"href":"https:\/\/bloc.xarxa-omnia.org\/mascares\/wp-json\/wp\/v2\/comments?post=6"}],"version-history":[{"count":33,"href":"https:\/\/bloc.xarxa-omnia.org\/mascares\/wp-json\/wp\/v2\/pages\/6\/revisions"}],"predecessor-version":[{"id":28,"href":"https:\/\/bloc.xarxa-omnia.org\/mascares\/wp-json\/wp\/v2\/pages\/6\/revisions\/28"}],"wp:attachment":[{"href":"https:\/\/bloc.xarxa-omnia.org\/mascares\/wp-json\/wp\/v2\/media?parent=6"}],"curies":[{"name":"wp","href":"https:\/\/api.w.org\/{rel}","templated":true}]}}