{"id":8,"date":"2010-02-08T15:30:00","date_gmt":"2010-02-08T13:30:00","guid":{"rendered":"http:\/\/xarxaomnia.gencat.cat\/blocs\/mascares\/?page_id=8"},"modified":"2010-02-10T13:50:59","modified_gmt":"2010-02-10T11:50:59","slug":"altres-recursos","status":"publish","type":"page","link":"https:\/\/bloc.xarxa-omnia.org\/mascares\/altres-recursos\/","title":{"rendered":"Altres recursos"},"content":{"rendered":"<h3>Altres recursos per a crear m\u00e0scares de Carnestoltes:<\/h3>\n<p><span style=\"color: #ffffff\">&#8212;&#8212;&#8212;&#8212;&#8212;&#8212;&#8212;&#8212;&#8212;&#8212;&#8212;&#8212;&#8212;&#8212;&#8212;&#8212;&#8212;&#8212;&#8212;&#8212;&#8212;&#8212;&#8212;&#8212;&#8212;&#8212;&#8212;&#8212;&#8212;&#8212;&#8212;&#8212;&#8212;&#8212;&#8212;&#8212;&#8212;&#8212;&#8212;&#8212;&#8212;&#8212;&#8212;&#8212;<\/span><\/p>\n<div><img loading=\"lazy\" decoding=\"async\" class=\"size-full wp-image-17 alignleft\" style=\"border: 5px solid white\" src=\"http:\/\/blog.xarxa-omnia.org\/mascares\/files\/2010\/02\/jester_hat_needed_thumb.jpg\" alt=\"aires de fiesta\" width=\"101\" height=\"74\" \/><a href=\"http:\/\/lossuspirosdelalma.blogspot.com\/2009\/01\/caretas-y-mascaras-para-colorear-y.html\" target=\"_blank\">Los suspiros del alma<\/a>:\u00a0 bloc amb tot d&#8217;idees per celebrar el carnestoltes amb un munt de disfresses, i totes per fer a casa!<\/p>\n<p><span style=\"color: #ffffff\">&#8212;&#8212;&#8212;&#8212;&#8212;&#8212;&#8212;&#8212;&#8212;&#8212;&#8212;&#8212;&#8212;&#8212;&#8212;&#8212;&#8212;&#8212;&#8212;&#8212;&#8212;&#8212;&#8212;&#8212;&#8212;&#8212;&#8212;&#8212;&#8212;&#8212;&#8212;&#8212;&#8212;&#8212;&#8212;&#8212;&#8212;&#8212;&#8212;&#8212;&#8212;&#8212;&#8212;&#8212;<\/span><\/p>\n<div><img loading=\"lazy\" decoding=\"async\" class=\"alignright size-full wp-image-16\" style=\"border: 5px solid white\" src=\"http:\/\/blog.xarxa-omnia.org\/mascares\/files\/2010\/02\/youdibujo.png\" alt=\"youdibujo\" width=\"101\" height=\"67\" \/><a title=\"Yodibujo.es\" href=\"http:\/\/www.yodibujo.es\/c_1653\/actividades\/fabricar-con-tus-manos\/manualidades-para-cada-fiesta-del-ano\/fabricar-materiales-para-halloween\/caretas-y-mascaras-para-halloween\/mascara-de-halloween-para-pintar\" target=\"_blank\">Yodibujo.com<\/a>: p\u00e0gina amb retallables, tenen un especial amb m\u00e0scares de Halloween.<\/div>\n<div>\n<p><span style=\"color: #ffffff\">&#8212;&#8212;&#8212;&#8212;&#8212;&#8212;&#8212;&#8212;&#8212;&#8212;&#8212;&#8212;&#8212;&#8212;&#8212;&#8212;&#8212;&#8212;&#8212;&#8212;&#8212;&#8212;&#8212;&#8212;&#8212;&#8212;&#8212;&#8212;&#8212;&#8212;&#8212;&#8212;&#8212;&#8212;&#8212;&#8212;&#8212;&#8212;&#8212;&#8212;&#8212;&#8212;&#8212;&#8212;<\/span><\/div>\n<div><img loading=\"lazy\" decoding=\"async\" class=\"size-full wp-image-56 alignleft\" style=\"border: 5px solid white\" src=\"http:\/\/blog.xarxa-omnia.org\/mascares\/files\/2010\/02\/chiquipedia.png\" alt=\"chiquipedia\" width=\"101\" height=\"69\" \/><a title=\"chiquipedia\" href=\"http:\/\/mascaras.chiquipedia.com\/\" target=\"_blank\">Chiquipedia.com<\/a>: m\u00e0scares que agradaran als m\u00e9s menuts!<\/div>\n<div><span style=\"color: #ffffff\">&#8212;&#8212;&#8212;&#8212;&#8212;&#8212;&#8212;&#8212;&#8212;&#8212;&#8212;&#8212;&#8212;&#8212;&#8212;&#8212;&#8212;&#8212;&#8212;&#8212;&#8212;&#8212;&#8212;&#8212;&#8212;&#8212;&#8212;&#8212;&#8212;&#8212;&#8212;&#8212;&#8212;&#8212;&#8212;&#8212;&#8212;&#8212;&#8212;&#8212;&#8212;&#8212;&#8212;&#8212;<\/span><span style=\"color: #ffffff\">&#8212;&#8212;&#8212;&#8212;&#8212;&#8212;&#8212;&#8212;&#8212;&#8212;&#8212;&#8212;&#8212;&#8212;&#8212;&#8211;<\/span><\/div>\n<div><img loading=\"lazy\" decoding=\"async\" class=\"alignright size-full wp-image-58\" style=\"border: 5px solid white\" src=\"http:\/\/blog.xarxa-omnia.org\/mascares\/files\/2010\/02\/logo_dibusparapintar2.gif\" alt=\"logo_dibusparapintar2\" width=\"101\" height=\"71\" \/><a title=\"Dibuixos per a pintar\" href=\"http:\/\/www.dibujosparapintar.com\/manualidades_mascaras3.html\" target=\"_blank\">Dibujos para pintar<\/a>: Per convertir-se en Darth Vader o Batman amb senzilles caretes per imprimir o pintar.<\/div>\n<div><span style=\"color: #ffffff\">&#8212;&#8212;&#8212;&#8212;&#8212;&#8212;&#8212;&#8212;&#8212;&#8212;&#8212;&#8212;&#8212;&#8212;&#8212;&#8212;&#8212;&#8212;&#8212;&#8212;&#8212;&#8212;&#8212;&#8212;&#8212;&#8212;&#8212;&#8212;&#8212;&#8212;&#8212;&#8212;&#8212;&#8212;&#8212;&#8212;&#8212;&#8212;&#8212;&#8212;&#8212;&#8212;&#8212;&#8212;<\/span><\/div>\n<div>\n<p><span style=\"color: #ffffff\">&#8212;&#8212;&#8212;&#8212;&#8212;&#8212;&#8212;&#8212;&#8212;&#8212;&#8212;&#8212;&#8212;&#8212;&#8212;&#8211;<\/span><\/div>\n<div><img loading=\"lazy\" decoding=\"async\" class=\"alignleft size-full wp-image-22\" style=\"border: 5px solid white\" src=\"http:\/\/blog.xarxa-omnia.org\/mascares\/files\/2010\/02\/mascara_pocoyo.png\" alt=\"mascara_pocoyo\" width=\"100\" height=\"68\" srcset=\"https:\/\/bloc.xarxa-omnia.org\/mascares\/files\/2010\/02\/mascara_pocoyo.png 405w, https:\/\/bloc.xarxa-omnia.org\/mascares\/files\/2010\/02\/mascara_pocoyo-300x204.png 300w\" sizes=\"auto, (max-width: 100px) 100vw, 100px\" \/><\/p>\n<p><a title=\"pocoyo\" href=\"http:\/\/www.pocoyo.com\/\" target=\"_blank\">Pocoyo.com<\/a>: si ets fan de Pocoyo, t&#8217;agradaran les m\u00e0scares que ofereix el seu web. Has d&#8217;entrar al personatge que t&#8217;agradi, fer clic a activitats i triar la cara del personatge, que es pot descarregar en pdf.<\/p>\n<p><span style=\"color: #ffffff\">&#8212;&#8212;&#8212;&#8212;&#8212;&#8212;&#8212;&#8212;&#8212;&#8212;&#8212;&#8212;&#8212;&#8212;&#8212;&#8212;&#8212;&#8212;&#8212;&#8212;&#8212;&#8212;&#8212;&#8212;&#8212;&#8212;&#8212;&#8212;&#8212;&#8212;&#8212;&#8212;&#8212;&#8212;&#8212;&#8212;&#8212;&#8212;&#8212;&#8212;&#8212;&#8212;&#8212;&#8212;<\/span><span style=\"color: #ffffff\">&#8212;&#8212;&#8212;&#8212;&#8212;&#8212;&#8212;&#8212;&#8212;&#8212;&#8212;&#8212;&#8212;&#8212;&#8212;-<\/span><\/div>\n<div><img loading=\"lazy\" decoding=\"async\" class=\"alignright size-full wp-image-40\" style=\"border: 5px solid white\" src=\"http:\/\/blog.xarxa-omnia.org\/mascares\/files\/2010\/02\/entete-fete.gif\" alt=\"entete-fete\" width=\"102\" height=\"76\" \/>Est\u00e0 en franc\u00e8s, per\u00f2 descarregar-se m\u00e0scares del lloc web <a title=\"tibooparc.com\" href=\"http:\/\/www.tibooparc.com\/deguisements\/masques.htm\" target=\"_blank\">Tibooparc<\/a> \u00e9s molt senzill. Nom\u00e9s cal decidir si la volem en blanc i negre o ja amb colors, tenim tota una s\u00e8ries de personatges per triar.<\/div>\n<\/div>\n","protected":false},"excerpt":{"rendered":"<p>Altres recursos per a crear m\u00e0scares de Carnestoltes: &#8212;&#8212;&#8212;&#8212;&#8212;&#8212;&#8212;&#8212;&#8212;&#8212;&#8212;&#8212;&#8212;&#8212;&#8212;&#8212;&#8212;&#8212;&#8212;&#8212;&#8212;&#8212;&#8212;&#8212;&#8212;&#8212;&#8212;&#8212;&#8212;&#8212;&#8212;&#8212;&#8212;&#8212;&#8212;&#8212;&#8212;&#8212;&#8212;&#8212;&#8212;&#8212;&#8212;&#8212; Los suspiros del alma:\u00a0 bloc amb tot d&#8217;idees per celebrar el carnestoltes amb un munt de disfresses, i totes per fer a casa! &#8212;&#8212;&#8212;&#8212;&#8212;&#8212;&#8212;&#8212;&#8212;&#8212;&#8212;&#8212;&#8212;&#8212;&#8212;&#8212;&#8212;&#8212;&#8212;&#8212;&#8212;&#8212;&#8212;&#8212;&#8212;&#8212;&#8212;&#8212;&#8212;&#8212;&#8212;&#8212;&#8212;&#8212;&#8212;&#8212;&#8212;&#8212;&#8212;&#8212;&#8212;&#8212;&#8212;&#8212; Yodibujo.com: p\u00e0gina amb retallables, tenen un especial amb m\u00e0scares de Halloween. &#8212;&#8212;&#8212;&#8212;&#8212;&#8212;&#8212;&#8212;&#8212;&#8212;&#8212;&#8212;&#8212;&#8212;&#8212;&#8212;&#8212;&#8212;&#8212;&#8212;&#8212;&#8212;&#8212;&#8212;&#8212;&#8212;&#8212;&#8212;&#8212;&#8212;&#8212;&#8212;&#8212;&#8212;&#8212;&#8212;&#8212;&#8212;&#8212;&#8212;&#8212;&#8212;&#8212;&#8212; Chiquipedia.com: m\u00e0scares que agradaran als m\u00e9s menuts! &#8212;&#8212;&#8212;&#8212;&#8212;&#8212;&#8212;&#8212;&#8212;&#8212;&#8212;&#8212;&#8212;&#8212;&#8212;&#8212;&#8212;&#8212;&#8212;&#8212;&#8212;&#8212;&#8212;&#8212;&#8212;&#8212;&#8212;&#8212;&#8212;&#8212;&#8212;&#8212;&#8212;&#8212;&#8212;&#8212;&#8212;&#8212;&#8212;&#8212;&#8212;&#8212;&#8212;&#8212;&#8212;&#8212;&#8212;&#8212;&#8212;&#8212;&#8212;&#8212;&#8212;&#8212;&#8212;&#8212;&#8212;&#8212;&#8212;&#8211; Dibujos para [&hellip;]<\/p>\n","protected":false},"author":61,"featured_media":0,"parent":0,"menu_order":3,"comment_status":"closed","ping_status":"open","template":"","meta":{"footnotes":""},"class_list":["post-8","page","type-page","status-publish","hentry"],"_links":{"self":[{"href":"https:\/\/bloc.xarxa-omnia.org\/mascares\/wp-json\/wp\/v2\/pages\/8","targetHints":{"allow":["GET"]}}],"collection":[{"href":"https:\/\/bloc.xarxa-omnia.org\/mascares\/wp-json\/wp\/v2\/pages"}],"about":[{"href":"https:\/\/bloc.xarxa-omnia.org\/mascares\/wp-json\/wp\/v2\/types\/page"}],"author":[{"embeddable":true,"href":"https:\/\/bloc.xarxa-omnia.org\/mascares\/wp-json\/wp\/v2\/users\/61"}],"replies":[{"embeddable":true,"href":"https:\/\/bloc.xarxa-omnia.org\/mascares\/wp-json\/wp\/v2\/comments?post=8"}],"version-history":[{"count":30,"href":"https:\/\/bloc.xarxa-omnia.org\/mascares\/wp-json\/wp\/v2\/pages\/8\/revisions"}],"predecessor-version":[{"id":15,"href":"https:\/\/bloc.xarxa-omnia.org\/mascares\/wp-json\/wp\/v2\/pages\/8\/revisions\/15"}],"wp:attachment":[{"href":"https:\/\/bloc.xarxa-omnia.org\/mascares\/wp-json\/wp\/v2\/media?parent=8"}],"curies":[{"name":"wp","href":"https:\/\/api.w.org\/{rel}","templated":true}]}}