{"id":35,"date":"2010-10-27T19:01:30","date_gmt":"2010-10-27T17:01:30","guid":{"rendered":"http:\/\/xarxaomnia.gencat.cat\/blocs\/mortsvivents\/?page_id=35"},"modified":"2010-10-28T12:26:49","modified_gmt":"2010-10-28T10:26:49","slug":"vull-ser-zombie","status":"publish","type":"page","link":"https:\/\/bloc.xarxa-omnia.org\/mortsvivents\/","title":{"rendered":"Vull ser zombi"},"content":{"rendered":"<p><big>Ja teniu preparada la Castanyada i la disfressa de <em>Halloween<\/em>? Aquest senzill recurs serveix per ambientar-nos en l\u2019atmosfera m\u00e9s t\u00e8trica dels morts vivents.<\/big><\/p>\n<p><big><\/big><\/p>\n<p><span style=\"color: #fd5a1e;\"><big><strong>Com pots fer-ho:<\/strong><\/big><\/span><\/p>\n<p><big><strong>1. <\/strong>Segueix uns <a title=\"P\u00e0gina per convertir-se en zombi\" href=\"http:\/\/blog.xarxa-omnia.org\/mortsvivents\/about\/\" target=\"_blank\">senzills passos<\/a> per convertir-te en un zombi.<\/big><\/p>\n<p><big><strong>2.<\/strong> <a title=\"La festa dels zombis\" href=\"http:\/\/blog.xarxa-omnia.org\/mortsvivents\/festa-de-zombies\/\" target=\"_blank\">Comparteix<\/a> la teva experi\u00e8ncia com a zombi.<\/big><\/p>\n<p><span style=\"color: #ff0000;\"><big><br \/>\n<span style=\"color: #fd5a1e;\"><strong>Qu\u00e8 podem practicar?<\/strong><\/span><\/big><\/span><big> <\/big><\/p>\n<ul>\n<li><big>La <strong>navegaci\u00f3 per les carpetes<\/strong> del nostre ordinador<\/big><\/li>\n<li><big>La <strong>captura<\/strong> de fotos sota una premissa concreta (quin pl\u00e0nol ens demana que inserim?)<\/big><\/li>\n<li><big>El <strong>retoc d&#8217;imatge<\/strong> digital (per exemple, retallar)<\/big><\/li>\n<li><big>Els <strong>formats<\/strong> dels arxius <strong>d&#8217;imatge<\/strong><\/big><\/li>\n<li><big>El copiar-enganxar enlla\u00e7os<\/big><\/li>\n<li><big>L&#8217;enviament de <strong>correus electr\u00f2nics<\/strong><\/big><\/li>\n<li><big>La <strong>incrustaci\u00f3 de codi html<\/strong> a blocs i altres eines virtuals<\/big><\/li>\n<\/ul>\n<p><big><\/big><\/p>\n","protected":false},"excerpt":{"rendered":"<p>Ja teniu preparada la Castanyada i la disfressa de Halloween? Aquest senzill recurs serveix per ambientar-nos en l\u2019atmosfera m\u00e9s t\u00e8trica dels morts vivents. Com pots fer-ho: 1. Segueix uns senzills passos per convertir-te en un zombi. 2. Comparteix la teva experi\u00e8ncia com a zombi. Qu\u00e8 podem practicar? La navegaci\u00f3 per les carpetes del nostre ordinador [&hellip;]<\/p>\n","protected":false},"author":61,"featured_media":0,"parent":0,"menu_order":1,"comment_status":"closed","ping_status":"closed","template":"","meta":{"footnotes":""},"class_list":["post-35","page","type-page","status-publish","hentry"],"_links":{"self":[{"href":"https:\/\/bloc.xarxa-omnia.org\/mortsvivents\/wp-json\/wp\/v2\/pages\/35","targetHints":{"allow":["GET"]}}],"collection":[{"href":"https:\/\/bloc.xarxa-omnia.org\/mortsvivents\/wp-json\/wp\/v2\/pages"}],"about":[{"href":"https:\/\/bloc.xarxa-omnia.org\/mortsvivents\/wp-json\/wp\/v2\/types\/page"}],"author":[{"embeddable":true,"href":"https:\/\/bloc.xarxa-omnia.org\/mortsvivents\/wp-json\/wp\/v2\/users\/61"}],"replies":[{"embeddable":true,"href":"https:\/\/bloc.xarxa-omnia.org\/mortsvivents\/wp-json\/wp\/v2\/comments?post=35"}],"version-history":[{"count":5,"href":"https:\/\/bloc.xarxa-omnia.org\/mortsvivents\/wp-json\/wp\/v2\/pages\/35\/revisions"}],"predecessor-version":[{"id":45,"href":"https:\/\/bloc.xarxa-omnia.org\/mortsvivents\/wp-json\/wp\/v2\/pages\/35\/revisions\/45"}],"wp:attachment":[{"href":"https:\/\/bloc.xarxa-omnia.org\/mortsvivents\/wp-json\/wp\/v2\/media?parent=35"}],"curies":[{"name":"wp","href":"https:\/\/api.w.org\/{rel}","templated":true}]}}