{"id":2,"date":"2010-02-26T13:29:29","date_gmt":"2010-02-26T12:29:29","guid":{"rendered":""},"modified":"2013-02-25T13:35:10","modified_gmt":"2013-02-25T11:35:10","slug":"about","status":"publish","type":"page","link":"https:\/\/bloc.xarxa-omnia.org\/naturalment\/","title":{"rendered":"Inici i Motivaci\u00f3"},"content":{"rendered":"<h3>Quantes dates trobem al calendari per recordar i treballar en favor de la nostra natura i medi ambient?<\/h3>\n<p>Alguns exemples:<\/p>\n<ul>\n<li> <strong>21 de mar\u00e7<\/strong>, <a title=\"Dia dels boscos\" href=\"http:\/\/www.fao.org\/forestry\/international-day-of-forests\/es\/\">Dia Internacional dels <strong>Boscos<\/strong><\/a><\/li>\n<li><strong>22 de mar\u00e7,<\/strong> <a title=\"Web del dia mundial de l'aigua\" href=\"http:\/\/www.un.org\/es\/events\/waterday\/\">Dia Mundial de l&#8217;<strong>Aigua<\/strong><\/a><\/li>\n<li><strong>23 de mar\u00e7, <\/strong><a title=\"Web del dia metereol\u00f2gic mundial\" href=\"http:\/\/www.wmo.int\/worldmetday\/index_es.html\">Dia <strong>Meteorol\u00f2gic<\/strong> Mundial<\/a><\/li>\n<li><strong>22 d&#8217;abril,<\/strong> <a title=\"Dia de la mare terra\" href=\"http:\/\/www.un.org\/es\/events\/motherearthday\/\">Dia Internacional de la <strong>Mare Terra<\/strong><\/a><\/li>\n<li><strong>11 de maig<\/strong>, <a title=\"Dia de les aus migrat\u00f2ries\" href=\"http:\/\/www.worldmigratorybirdday.org\/index_sp.htm\">Dia Mundial de les <strong>Aus Migrat\u00f2ries<\/strong><\/a><\/li>\n<li><strong>22 de maig<\/strong>, <a title=\"V\u00e9s al web del dia de la biodiversitat\" href=\"http:\/\/www.un.org\/es\/events\/biodiversityday\/\">Dia Internacional de la <strong>Diversitat Biol\u00f2gica<\/strong><\/a><\/li>\n<li><strong>5 de juny<\/strong>, <a title=\"Dia mundial del medi ambient\" href=\"http:\/\/unep.org\/spanish\/wed\/\">Dia Mundial del <strong>Medi Ambient<\/strong><\/a><\/li>\n<li><strong>8 de juny, <\/strong><a title=\"Dia Mundial dels Oceans\" href=\"http:\/\/www.un.org\/es\/events\/oceansday\/index.shtml\">Dia Mundial dels <strong>Oceans<\/strong><\/a><\/li>\n<li><strong>17 de juny, <\/strong><a title=\"Dia mundial contra la desertificaci\u00f3\" href=\"http:\/\/www.un.org\/es\/events\/oceansday\/index.shtml\">Dia Mundial de Lluita <strong>contra<\/strong> la<strong> Desertificaci\u00f3 i <\/strong>la <\/a><strong><a title=\"Dia mundial contra la desertificaci\u00f3\" href=\"http:\/\/www.un.org\/es\/events\/oceansday\/index.shtml\">Sequera<\/a><\/strong><\/li>\n<li><strong>16 de setembre, <\/strong><a title=\"Dia de la capa d'Oz\u00f3\" href=\"http:\/\/www.un.org\/es\/events\/ozoneday\/\">Dia Internacional de la <\/a><strong><a title=\"Dia de la capa d'Oz\u00f3\" href=\"http:\/\/www.un.org\/es\/events\/ozoneday\/\">Capa d&#8217;Oz\u00f3<\/a><\/strong><\/li>\n<li><strong>6 de novembre, <\/strong><a title=\"Dia per la prevenci\u00f3 de l'explotaci\u00f3 del Medi Ambient\" href=\"http:\/\/www.un.org\/es\/events\/environmentconflictday\/\">Dia Internacional per la Prevenci\u00f3 de l&#8217;Explotaci\u00f3 del <strong>Medi Ambient<\/strong> en la Guerra i els Conflictes armats<\/a><\/li>\n<li><strong>11 de desembre<\/strong>, <a title=\"Dia de les muntanyes\" href=\"http:\/\/www.un.org\/es\/events\/mountainday\/\">Dia Internacional de les <strong>Muntanyes<\/strong><\/a><\/li>\n<\/ul>\n<p>D&#8217;altra banda, el 2013 ha estat proclamat per l&#8217;ONU com l&#8217;<a title=\"2013, any de la cooperaci\u00f3 en l'esfera de l'aigua\" href=\"http:\/\/www.un.org\/spanish\/events\/calendario\/years\/doc_y2013.html\">Any de la Cooperaci\u00f3 en l&#8217;Esfera de l&#8217;Aigua<\/a>, dins del <a title=\"Deceni &quot;L'Aigua, font de vida&quot;\" href=\"http:\/\/www.un.org\/spanish\/waterforlifedecade\/\">Decenni Internacional per a l&#8217;Acci\u00f3 &#8220;L&#8217;Aigua, font de vida&#8221; (2005-2015)<\/a>.<\/p>\n<table cellpadding=\"10\">\n<tbody>\n<tr>\n<td bgcolor=\"#BDE701\">\n<h4>En definitiva, qualsevol ocasi\u00f3 \u00e9s bona per <strong>prendre consci\u00e8ncia<\/strong> i preguntar-nos:<\/p>\n<p>com podem millorar? com podem evitar perjudicar m\u00e9s la nostra terra? qu\u00e8 podem fer totes i tots plegats per construir un lloc millor?<\/h4>\n<\/td>\n<td><img decoding=\"async\" title=\"Imatge d'un brot\" src=\"http:\/\/xarxaomnia.gencat.cat\/blocs\/naturalment\/files\/2010\/02\/sprout_leonardini_verd.jpg\" alt=\"Imatge d'un brot\" width=\"350\" align=\"right\" \/><\/td>\n<\/tr>\n<\/tbody>\n<\/table>\n<h3>En aquest bloc, hi trobareu:<\/h3>\n<li><a href=\"http:\/\/xarxaomnia.gencat.cat\/blocs\/naturalment\/category\/informacio\/\" target=\"_self\"><strong>Recursos per informar-nos<\/strong><\/a> del que est\u00e0 passant i entendre per qu\u00e8 hem d&#8217;actuar.<\/li>\n<li><a href=\"http:\/\/xarxaomnia.gencat.cat\/blocs\/naturalment\/category\/jocs\/\" target=\"_self\"><strong>Enlla\u00e7os a jocs<\/strong><\/a> per aprendre, mentre ens divertim, sobre el medi ambient i les accions com ara el reciclatge.<\/li>\n<li>V\u00eddeos sobre el medi ambient, la reutilitzaci\u00f3 i la natura, per aprofundir-hi de manera entretinguda.<\/li>\n<li>L&#8217;<a href=\"http:\/\/xarxaomnia.gencat.cat\/blocs\/naturalment\/a-lomnia\/\" target=\"_self\"><strong>experi\u00e8ncia al Punt \u00d2mnia de l&#8217;A.V Espronceda<\/strong><\/a> de Sabadell el 2010 sobre <strong>treball transversal<\/strong> amb el programa &#8220;Civisme.net&#8221; de FAVIBC.<\/li>\n","protected":false},"excerpt":{"rendered":"<p>Quantes dates trobem al calendari per recordar i treballar en favor de la nostra natura i medi ambient? Alguns exemples: 21 de mar\u00e7, Dia Internacional dels Boscos 22 de mar\u00e7, Dia Mundial de l&#8217;Aigua 23 de mar\u00e7, Dia Meteorol\u00f2gic Mundial 22 d&#8217;abril, Dia Internacional de la Mare Terra 11 de maig, Dia Mundial de les [&hellip;]<\/p>\n","protected":false},"author":61,"featured_media":0,"parent":0,"menu_order":1,"comment_status":"open","ping_status":"open","template":"","meta":{"ngg_post_thumbnail":0,"footnotes":""},"class_list":["post-2","page","type-page","status-publish","hentry"],"_links":{"self":[{"href":"https:\/\/bloc.xarxa-omnia.org\/naturalment\/wp-json\/wp\/v2\/pages\/2","targetHints":{"allow":["GET"]}}],"collection":[{"href":"https:\/\/bloc.xarxa-omnia.org\/naturalment\/wp-json\/wp\/v2\/pages"}],"about":[{"href":"https:\/\/bloc.xarxa-omnia.org\/naturalment\/wp-json\/wp\/v2\/types\/page"}],"author":[{"embeddable":true,"href":"https:\/\/bloc.xarxa-omnia.org\/naturalment\/wp-json\/wp\/v2\/users\/61"}],"replies":[{"embeddable":true,"href":"https:\/\/bloc.xarxa-omnia.org\/naturalment\/wp-json\/wp\/v2\/comments?post=2"}],"version-history":[{"count":101,"href":"https:\/\/bloc.xarxa-omnia.org\/naturalment\/wp-json\/wp\/v2\/pages\/2\/revisions"}],"predecessor-version":[{"id":5,"href":"https:\/\/bloc.xarxa-omnia.org\/naturalment\/wp-json\/wp\/v2\/pages\/2\/revisions\/5"}],"wp:attachment":[{"href":"https:\/\/bloc.xarxa-omnia.org\/naturalment\/wp-json\/wp\/v2\/media?parent=2"}],"curies":[{"name":"wp","href":"https:\/\/api.w.org\/{rel}","templated":true}]}}