{"id":2,"date":"2011-01-01T09:24:31","date_gmt":"2011-01-01T09:24:31","guid":{"rendered":"http:\/\/omniaakwaba.wordpress.com\/?page_id=2"},"modified":"2019-05-28T15:50:10","modified_gmt":"2019-05-28T13:50:10","slug":"about","status":"publish","type":"page","link":"https:\/\/bloc.xarxa-omnia.org\/omniaakwaba\/about\/","title":{"rendered":"Qui som?"},"content":{"rendered":"<p style=\"text-align: justify\"><a href=\"http:\/\/xarxaomnia.gencat.cat\/blocs\/omniaakwaba\/files\/2015\/05\/view-php.png\"><img loading=\"lazy\" decoding=\"async\" class=\"alignleft size-medium wp-image-1091\" src=\"http:\/\/xarxaomnia.gencat.cat\/blocs\/omniaakwaba\/files\/2015\/05\/view-php.png?w=300\" alt=\"view.php\" width=\"300\" height=\"83\" srcset=\"https:\/\/bloc.xarxa-omnia.org\/omniaakwaba\/files\/2015\/05\/view-php.png 1700w, https:\/\/bloc.xarxa-omnia.org\/omniaakwaba\/files\/2015\/05\/view-php-300x83.png 300w\" sizes=\"auto, (max-width: 300px) 100vw, 300px\" \/><\/a><\/p>\n<p><a href=\"http:\/\/xarxaomnia.gencat.cat\/blocs\/omniaakwaba\/files\/2019\/05\/Logo-Omnia-20-anys.jpg\" rel=\"attachment wp-att-2299\"><img loading=\"lazy\" decoding=\"async\" class=\"alignnone size-medium wp-image-2299\" src=\"http:\/\/xarxaomnia.gencat.cat\/blocs\/omniaakwaba\/files\/2019\/05\/Logo-Omnia-20-anys-300x115.jpg\" alt=\"Logo Omnia 20 anys\" width=\"300\" height=\"115\" srcset=\"https:\/\/bloc.xarxa-omnia.org\/omniaakwaba\/files\/2019\/05\/Logo-Omnia-20-anys-300x115.jpg 300w, https:\/\/bloc.xarxa-omnia.org\/omniaakwaba\/files\/2019\/05\/Logo-Omnia-20-anys-768x295.jpg 768w\" sizes=\"auto, (max-width: 300px) 100vw, 300px\" \/><\/a><\/p>\n<p style=\"text-align: justify\">Som un dels punts de la Xarxa \u00d2mnia, situat al barri Collblanc-la Torrassa de l&#8217;Hospitalet de Llobregat. El nostre Punt \u00d2mnia Akwaba va comen\u00e7ar a funcionar el mes de setembre de 1999 dins d&#8217;una xarxa que \u00e9s present a molts barris de Catalunya i que possibilita l&#8217;acc\u00e9s a les tecnologies de la informaci\u00f3 com a mesura per a combatre l&#8217;exclusi\u00f3 social.<\/p>\n<p style=\"text-align: justify\">\u00d2mnia \u00e9s obert a tot el barri per tal que les entitats i els ve\u00efns i les ve\u00efnes de Collblanc-la Torrassa accedeixin a les noves tecnologies i participin de la nova societat de la informaci\u00f3. A aquest servei de la Fundaci\u00f3 s&#8217;hi accedeix tant individualment com de manera col\u00b7lectiva i es poden desenvolupar diverses activitats: cursos d&#8217;inform\u00e0tica per a adults, assessorament en l&#8217;elaboraci\u00f3 de curr\u00edculums, recerca de feina a trav\u00e9s de la xarxa, activitats inform\u00e0tiques de caire l\u00fadic i educatives per a infants i joves, cursos d&#8217;autoaprenentatge de catal\u00e0&#8230; i moltes m\u00e9s coses en funci\u00f3 de les necessitats de les persones que participen i fan el Punt \u00d2mnia.<\/p>\n<p style=\"text-align: justify\">+ info<a href=\"http:\/\/fundacioakwaba.cat\/\"> Fundaci\u00f3 Akwaba<\/a><\/p>\n","protected":false},"excerpt":{"rendered":"<p>Som un dels punts de la Xarxa \u00d2mnia, situat al barri Collblanc-la Torrassa de l&#8217;Hospitalet de Llobregat. El nostre Punt \u00d2mnia Akwaba va comen\u00e7ar a funcionar el mes de setembre de 1999 dins d&#8217;una xarxa que \u00e9s present a molts barris de Catalunya i que possibilita l&#8217;acc\u00e9s a les tecnologies de la informaci\u00f3 com a [&hellip;]<\/p>\n","protected":false},"author":1,"featured_media":1092,"parent":0,"menu_order":-8,"comment_status":"open","ping_status":"open","template":"","meta":{"footnotes":""},"class_list":["post-2","page","type-page","status-publish","has-post-thumbnail","czr-hentry"],"_links":{"self":[{"href":"https:\/\/bloc.xarxa-omnia.org\/omniaakwaba\/wp-json\/wp\/v2\/pages\/2","targetHints":{"allow":["GET"]}}],"collection":[{"href":"https:\/\/bloc.xarxa-omnia.org\/omniaakwaba\/wp-json\/wp\/v2\/pages"}],"about":[{"href":"https:\/\/bloc.xarxa-omnia.org\/omniaakwaba\/wp-json\/wp\/v2\/types\/page"}],"author":[{"embeddable":true,"href":"https:\/\/bloc.xarxa-omnia.org\/omniaakwaba\/wp-json\/wp\/v2\/users\/1"}],"replies":[{"embeddable":true,"href":"https:\/\/bloc.xarxa-omnia.org\/omniaakwaba\/wp-json\/wp\/v2\/comments?post=2"}],"version-history":[{"count":2,"href":"https:\/\/bloc.xarxa-omnia.org\/omniaakwaba\/wp-json\/wp\/v2\/pages\/2\/revisions"}],"predecessor-version":[{"id":2301,"href":"https:\/\/bloc.xarxa-omnia.org\/omniaakwaba\/wp-json\/wp\/v2\/pages\/2\/revisions\/2301"}],"wp:featuredmedia":[{"embeddable":true,"href":"https:\/\/bloc.xarxa-omnia.org\/omniaakwaba\/wp-json\/wp\/v2\/media\/1092"}],"wp:attachment":[{"href":"https:\/\/bloc.xarxa-omnia.org\/omniaakwaba\/wp-json\/wp\/v2\/media?parent=2"}],"curies":[{"name":"wp","href":"https:\/\/api.w.org\/{rel}","templated":true}]}}