{"id":2070,"date":"2018-12-07T01:51:20","date_gmt":"2018-12-06T23:51:20","guid":{"rendered":"http:\/\/xarxaomnia.gencat.cat\/blocs\/omniaakwaba\/?page_id=2070"},"modified":"2025-12-15T16:04:10","modified_gmt":"2025-12-15T14:04:10","slug":"blocs","status":"publish","type":"page","link":"https:\/\/bloc.xarxa-omnia.org\/omniaakwaba\/blocs\/","title":{"rendered":"P\u00f2dcasts i Blocs"},"content":{"rendered":"\n<h3 class=\"wp-block-heading has-medium-font-size\"><\/h3>\n\n\n\n<p class=\"has-medium-font-size\"><a href=\"https:\/\/www.ivoox.com\/podcast-tres-dos_sq_f11889197_1.html\" data-type=\"link\" data-id=\"https:\/\/www.ivoox.com\/podcast-tres-dos_sq_f11889197_1.html\"><strong><em>TRES+DOS<\/em><\/strong><\/a><\/p>\n\n\n\n<p>Aquest projecte de p\u00f2dcast, es va posar en marxa l&#8217;any 2022. TRES+DOS, est\u00e0 format per un grup de persones amb diversitat funcional, i malaltia mental, que ens va derivar el <a href=\"https:\/\/teb.org\/es\/\" data-type=\"link\" data-id=\"https:\/\/teb.org\/es\/\">TEB <\/a>l&#8217;any 2020. A causa de la pand\u00e8mia, es va haver d&#8217;ajornar i es van treballar diversos projectes. L&#8217;any 2023 van comen\u00e7ar a gravar amb el suport de <a href=\"https:\/\/torrebarrina.l-h.cat\/\" data-type=\"link\" data-id=\"https:\/\/torrebarrina.l-h.cat\/\">Torre Barrina<\/a>, centre municipal de creaci\u00f3 multim\u00e8dia de L\u2019Hospitalet, i motor de la innovaci\u00f3 social de la ciutat.<\/p>\n\n\n\n<p><\/p>\n\n\n\n<figure class=\"wp-block-embed is-type-video is-provider-youtube wp-block-embed-youtube wp-embed-aspect-16-9 wp-has-aspect-ratio\"><div class=\"wp-block-embed__wrapper\">\n<iframe loading=\"lazy\" title=\"TRES+DOS Programa13\" width=\"1170\" height=\"658\" src=\"https:\/\/www.youtube.com\/embed\/IFfUiY78nos?feature=oembed\" frameborder=\"0\" allow=\"accelerometer; autoplay; clipboard-write; encrypted-media; gyroscope; picture-in-picture; web-share\" referrerpolicy=\"strict-origin-when-cross-origin\" allowfullscreen><\/iframe>\n<\/div><\/figure>\n\n\n\n<p>Per sentir tots els programes podeu fer <a href=\"https:\/\/go.ivoox.com\/sq\/1889197\" data-type=\"link\" data-id=\"https:\/\/go.ivoox.com\/sq\/1889197\">clic aqu\u00ed.<\/a><\/p>\n\n\n\n<p><\/p>\n\n\n\n<p class=\"has-medium-font-size\"><a href=\"https:\/\/go.ivoox.com\/sq\/1841005\" data-type=\"link\" data-id=\"https:\/\/go.ivoox.com\/sq\/1841005\"><strong><em>Veus d&#8217;\u00d2mnia<\/em><\/strong><\/a><\/p>\n\n\n\n<p>Des de l&#8217;any 2017 col\u00b7laborem amb el Punt \u00d2mnia Badia del Vall\u00e8s en el programa de r\u00e0dio que s&#8217;emet per <a href=\"https:\/\/www.facebook.com\/som.radiobadia\" data-type=\"link\" data-id=\"https:\/\/www.facebook.com\/som.radiobadia\">Facebook<\/a> cada dimecres a les 17 hores, amb reflexions, frases, poemes, receptes, narracions i tot all\u00f2 que les persones vulguin expressar.<\/p>\n\n\n\n<p>Febrer de 2023 es va deixar d&#8217;emetre per unes setmanes, per aquest motiu, amb grup de Veus d&#8217;\u00d2mnia ens vam endinsar en els p\u00f2dcasts i aix\u00ed vam poder continuar amb l&#8217;activitat i sentir les seves veus.<\/p>\n\n\n\n<p>Si vols escoltar els programes fes clic l&#8217;enlla\u00e7<a href=\"https:\/\/go.ivoox.com\/sq\/1841005\" data-type=\"link\" data-id=\"https:\/\/go.ivoox.com\/sq\/1841005\"> &#8220;Voces de \u00d2mnia&#8221;.<\/a><\/p>\n\n\n\n<h5 class=\"wp-block-heading\"><figure><a href=\"http:\/\/bloc.xarxa-omnia.org\/omniaakwaba\/files\/2023\/03\/Poemes-3.png\"><img loading=\"lazy\" decoding=\"async\" width=\"2000\" height=\"1600\" class=\"aligncenter size-full wp-image-3657\" src=\"http:\/\/bloc.xarxa-omnia.org\/omniaakwaba\/files\/2023\/03\/Poemes-3.png\" alt=\"Voces de \u00d2mnia\"><\/a><\/figure><\/h5>\n\n\n\n<p><\/p>\n\n\n\n<h5 class=\"wp-block-heading has-medium-font-size\"><em><strong><a href=\"https:\/\/raconsdelament.blogspot.com\/\" data-type=\"link\" data-id=\"https:\/\/raconsdelament.blogspot.com\/\">Blocs<\/a><\/strong><\/em><\/h5>\n\n\n\n<p>A setembre del 2018 vam comen\u00e7ar aquesta aventura dels blocs amb dos grups de dones que tenen moltes ganes d&#8217;aprendre i fer coses!<\/p>\n\n\n\n<p>Podeu veure el seu treball&nbsp;&nbsp;<a href=\"http:\/\/raconsdelament.blogspot.com\/\">&#8220;Records amb mirada de dona&#8221;<\/a> i <a href=\"https:\/\/reporteresdelbarri.blogspot.com\/\">&#8220;Reporteres TIC del barri&#8221;<\/a>&nbsp;i tamb\u00e9 el bloc que compartim amb la resta de Punts \u00d2mnia de l&#8217;Hospitalet (la <a href=\"https:\/\/bloglhosfera.wordpress.com\/\" target=\"_blank\" rel=\"noreferrer noopener\">BlogL&#8217;Hosfera<\/a>) <a href=\"https:\/\/culleretadefusta.home.blog\/\" target=\"_blank\" rel=\"noreferrer noopener\">&#8220;Cullereta de fusta&#8221;<\/a><\/p>\n\n\n\n<figure class=\"wp-block-image size-full\"><img loading=\"lazy\" decoding=\"async\" width=\"801\" height=\"894\" src=\"https:\/\/bloc.xarxa-omnia.org\/omniaakwaba\/files\/2025\/12\/Records.png\" alt=\"\" class=\"wp-image-4225\" srcset=\"https:\/\/bloc.xarxa-omnia.org\/omniaakwaba\/files\/2025\/12\/Records.png 801w, https:\/\/bloc.xarxa-omnia.org\/omniaakwaba\/files\/2025\/12\/Records-269x300.png 269w, https:\/\/bloc.xarxa-omnia.org\/omniaakwaba\/files\/2025\/12\/Records-768x857.png 768w\" sizes=\"auto, (max-width: 801px) 100vw, 801px\" \/><\/figure>\n\n\n\n<p><\/p>\n","protected":false},"excerpt":{"rendered":"<p>TRES+DOS Aquest projecte de p\u00f2dcast, es va posar en marxa l&#8217;any 2022. TRES+DOS, est\u00e0 format per un grup de persones amb diversitat funcional, i malaltia mental, que ens va derivar el TEB l&#8217;any 2020. A causa de la pand\u00e8mia, es va haver d&#8217;ajornar i es van treballar diversos projectes. L&#8217;any 2023 van comen\u00e7ar a gravar [&hellip;]<\/p>\n","protected":false},"author":153,"featured_media":0,"parent":0,"menu_order":0,"comment_status":"closed","ping_status":"closed","template":"","meta":{"footnotes":""},"class_list":["post-2070","page","type-page","status-publish","czr-hentry"],"_links":{"self":[{"href":"https:\/\/bloc.xarxa-omnia.org\/omniaakwaba\/wp-json\/wp\/v2\/pages\/2070","targetHints":{"allow":["GET"]}}],"collection":[{"href":"https:\/\/bloc.xarxa-omnia.org\/omniaakwaba\/wp-json\/wp\/v2\/pages"}],"about":[{"href":"https:\/\/bloc.xarxa-omnia.org\/omniaakwaba\/wp-json\/wp\/v2\/types\/page"}],"author":[{"embeddable":true,"href":"https:\/\/bloc.xarxa-omnia.org\/omniaakwaba\/wp-json\/wp\/v2\/users\/153"}],"replies":[{"embeddable":true,"href":"https:\/\/bloc.xarxa-omnia.org\/omniaakwaba\/wp-json\/wp\/v2\/comments?post=2070"}],"version-history":[{"count":17,"href":"https:\/\/bloc.xarxa-omnia.org\/omniaakwaba\/wp-json\/wp\/v2\/pages\/2070\/revisions"}],"predecessor-version":[{"id":4237,"href":"https:\/\/bloc.xarxa-omnia.org\/omniaakwaba\/wp-json\/wp\/v2\/pages\/2070\/revisions\/4237"}],"wp:attachment":[{"href":"https:\/\/bloc.xarxa-omnia.org\/omniaakwaba\/wp-json\/wp\/v2\/media?parent=2070"}],"curies":[{"name":"wp","href":"https:\/\/api.w.org\/{rel}","templated":true}]}}