{"id":344,"date":"2013-09-10T08:22:38","date_gmt":"2013-09-10T08:22:38","guid":{"rendered":"http:\/\/omniaakwaba.wordpress.com\/?page_id=344"},"modified":"2024-01-30T14:47:56","modified_gmt":"2024-01-30T12:47:56","slug":"espai-per-entitats","status":"publish","type":"page","link":"https:\/\/bloc.xarxa-omnia.org\/omniaakwaba\/espai-per-entitats\/","title":{"rendered":"Recursos del Barri"},"content":{"rendered":"<p><strong>Recursos del Barri Collblanc-la Torrassa<\/strong><\/p>\n<p>El Punt \u00d2mnia Fundaci\u00f3 Akwaba, formem part de la Comissi\u00f3 de <a href=\"https:\/\/procescomunitaricollblanclatorrassa.wordpress.com\/?fbclid=PAAaYot_CmEnt8_7FnSf09bgghYZSwHvQ0yiJ7rxsNiQSZMVRopGny_is4Ntw_aem_AQOnoffN-7_R0_pz1iJNQoT0333BEB3OBWNZ5m4OeOM1MG3MD-lbaCNsehpk67jtwIc\">Comunicaci\u00f3 del Proc\u00e9s Comunitari Intercultural de Collblanc -la Torrassa<\/a> que porta terme <a href=\"https:\/\/itacaelsvents.org\/ca\/area_comunitaria\/projecte_ici_collblanctorrassa.html\">Itaca. <\/a>S&#8217;ha elaborat un mapa de recursos. Fes clic <a href=\"https:\/\/www.google.com\/maps\/d\/u\/2\/viewer?hl=es&amp;ll=41.36783790910399%2C2.1247521420043647&amp;z=14&amp;mid=1MCbtjvXVejiAWA2x9Pp2qX4P68NRzGw\">aqu\u00ed<\/a> o a la imatge per veure els recursos.<\/p>\n<p><a href=\"https:\/\/www.google.com\/maps\/d\/u\/2\/viewer?hl=es&amp;ll=41.36783790910399%2C2.1247521420043647&amp;z=14&amp;mid=1MCbtjvXVejiAWA2x9Pp2qX4P68NRzGw\"><img loading=\"lazy\" decoding=\"async\" class=\"aligncenter size-full wp-image-3833\" src=\"http:\/\/bloc.xarxa-omnia.org\/omniaakwaba\/files\/2024\/01\/social-media-3846597_640.png\" alt=\"\" width=\"640\" height=\"403\" \/><\/a><strong>Necessiteu un espai TIC?<\/strong><\/p>\n<p>Al Punt \u00d2mnia Fundaci\u00f3 Akwaba teniu a la vostra disposici\u00f3, 8 ordinadors, impressora, connexi\u00f3 a Internet i molt m\u00e9s!<\/p>\n<p><strong>Consulta els horaris disponibles<\/strong>.<\/p>\n<p>Truca&#8217;ns i\/o envia un correu i gaudeix de l&#8217;espai!<\/p>\n<p>akwaba@xarxaomnia.gencat.cat<\/p>\n<p><strong>687016021<\/strong><\/p>\n<p>Yolanda Carmona<\/p>\n","protected":false},"excerpt":{"rendered":"<p>Recursos del Barri Collblanc-la Torrassa El Punt \u00d2mnia Fundaci\u00f3 Akwaba, formem part de la Comissi\u00f3 de Comunicaci\u00f3 del Proc\u00e9s Comunitari Intercultural de Collblanc -la Torrassa que porta terme Itaca. S&#8217;ha elaborat un mapa de recursos. Fes clic aqu\u00ed o a la imatge per veure els recursos. Necessiteu un espai TIC? Al Punt \u00d2mnia Fundaci\u00f3 Akwaba [&hellip;]<\/p>\n","protected":false},"author":1,"featured_media":0,"parent":0,"menu_order":0,"comment_status":"open","ping_status":"open","template":"","meta":{"footnotes":""},"class_list":["post-344","page","type-page","status-publish","czr-hentry"],"_links":{"self":[{"href":"https:\/\/bloc.xarxa-omnia.org\/omniaakwaba\/wp-json\/wp\/v2\/pages\/344","targetHints":{"allow":["GET"]}}],"collection":[{"href":"https:\/\/bloc.xarxa-omnia.org\/omniaakwaba\/wp-json\/wp\/v2\/pages"}],"about":[{"href":"https:\/\/bloc.xarxa-omnia.org\/omniaakwaba\/wp-json\/wp\/v2\/types\/page"}],"author":[{"embeddable":true,"href":"https:\/\/bloc.xarxa-omnia.org\/omniaakwaba\/wp-json\/wp\/v2\/users\/1"}],"replies":[{"embeddable":true,"href":"https:\/\/bloc.xarxa-omnia.org\/omniaakwaba\/wp-json\/wp\/v2\/comments?post=344"}],"version-history":[{"count":14,"href":"https:\/\/bloc.xarxa-omnia.org\/omniaakwaba\/wp-json\/wp\/v2\/pages\/344\/revisions"}],"predecessor-version":[{"id":3842,"href":"https:\/\/bloc.xarxa-omnia.org\/omniaakwaba\/wp-json\/wp\/v2\/pages\/344\/revisions\/3842"}],"wp:attachment":[{"href":"https:\/\/bloc.xarxa-omnia.org\/omniaakwaba\/wp-json\/wp\/v2\/media?parent=344"}],"curies":[{"name":"wp","href":"https:\/\/api.w.org\/{rel}","templated":true}]}}