{"id":9,"date":"2011-01-01T09:41:53","date_gmt":"2011-01-01T09:41:53","guid":{"rendered":"http:\/\/omniaakwaba.wordpress.com\/?page_id=9"},"modified":"2026-01-15T20:55:41","modified_gmt":"2026-01-15T18:55:41","slug":"horari-3","status":"publish","type":"page","link":"https:\/\/bloc.xarxa-omnia.org\/omniaakwaba\/horari-3\/","title":{"rendered":"Activitats i horaris."},"content":{"rendered":"\n<p>Les activitats s\u00f3n trimestrals. M\u00e9s informaci\u00f3 per Telegram o WhatsApp al 687016021. Aquest \u00faltim trimestre s&#8217;ha hagut de modificar la programaci\u00f3, i per aix\u00f2 n&#8217;hi ha dos.<\/p>\n\n\n<p><!--more--><\/p>\n\n\n<figure class=\"wp-block-image size-full\"><img loading=\"lazy\" decoding=\"async\" width=\"836\" height=\"751\" src=\"https:\/\/bloc.xarxa-omnia.org\/omniaakwaba\/files\/2026\/01\/Horari-1TR-2026.png\" alt=\"\" class=\"wp-image-4266\" srcset=\"https:\/\/bloc.xarxa-omnia.org\/omniaakwaba\/files\/2026\/01\/Horari-1TR-2026.png 836w, https:\/\/bloc.xarxa-omnia.org\/omniaakwaba\/files\/2026\/01\/Horari-1TR-2026-300x269.png 300w, https:\/\/bloc.xarxa-omnia.org\/omniaakwaba\/files\/2026\/01\/Horari-1TR-2026-768x690.png 768w\" sizes=\"auto, (max-width: 836px) 100vw, 836px\" \/><\/figure>\n","protected":false},"excerpt":{"rendered":"<p>Les activitats s\u00f3n trimestrals. M\u00e9s informaci\u00f3 per Telegram o WhatsApp al 687016021. Aquest \u00faltim trimestre s&#8217;ha hagut de modificar la programaci\u00f3, i per aix\u00f2 n&#8217;hi ha dos.<\/p>\n","protected":false},"author":1,"featured_media":0,"parent":0,"menu_order":0,"comment_status":"open","ping_status":"open","template":"","meta":{"footnotes":""},"class_list":["post-9","page","type-page","status-publish","czr-hentry"],"_links":{"self":[{"href":"https:\/\/bloc.xarxa-omnia.org\/omniaakwaba\/wp-json\/wp\/v2\/pages\/9","targetHints":{"allow":["GET"]}}],"collection":[{"href":"https:\/\/bloc.xarxa-omnia.org\/omniaakwaba\/wp-json\/wp\/v2\/pages"}],"about":[{"href":"https:\/\/bloc.xarxa-omnia.org\/omniaakwaba\/wp-json\/wp\/v2\/types\/page"}],"author":[{"embeddable":true,"href":"https:\/\/bloc.xarxa-omnia.org\/omniaakwaba\/wp-json\/wp\/v2\/users\/1"}],"replies":[{"embeddable":true,"href":"https:\/\/bloc.xarxa-omnia.org\/omniaakwaba\/wp-json\/wp\/v2\/comments?post=9"}],"version-history":[{"count":74,"href":"https:\/\/bloc.xarxa-omnia.org\/omniaakwaba\/wp-json\/wp\/v2\/pages\/9\/revisions"}],"predecessor-version":[{"id":4267,"href":"https:\/\/bloc.xarxa-omnia.org\/omniaakwaba\/wp-json\/wp\/v2\/pages\/9\/revisions\/4267"}],"wp:attachment":[{"href":"https:\/\/bloc.xarxa-omnia.org\/omniaakwaba\/wp-json\/wp\/v2\/media?parent=9"}],"curies":[{"name":"wp","href":"https:\/\/api.w.org\/{rel}","templated":true}]}}