{"id":395,"date":"2017-06-23T12:39:59","date_gmt":"2017-06-23T10:39:59","guid":{"rendered":"http:\/\/xarxaomnia.gencat.cat\/blocs\/omniabanyoles\/?page_id=395"},"modified":"2018-01-11T13:05:03","modified_gmt":"2018-01-11T11:05:03","slug":"inscripcions-juliol","status":"publish","type":"page","link":"https:\/\/bloc.xarxa-omnia.org\/omniabanyoles\/inscripcions-juliol\/","title":{"rendered":"Inscripcions!!!"},"content":{"rendered":"<p><strong><i>&#8211; JA ETS USUARI\/A DEL Punt \u00d2mnia Banyoles? SI ENCARA NO HO ETS, OMPLE EL NOSTRE FULL D&#8217;INSCRIPCIONS I GAUDEIX DE LES NOSTRES INSTAL\u00b7LACIONS!!!<\/i><\/strong><\/p>\n<p><big><big><big><i><b>Que haig de fer?<\/b><\/i><\/big><\/big><\/big><\/p>\n<p><strong>1)\u00a0<\/strong>Anar al seg\u00fcent link.\u00a0<a href=\"https:\/\/drive.google.com\/file\/d\/0B24RdYZODOV0Y0l3SGZSWnA4ZEU\/view?usp=sharing\" target=\"_blank\">Inscripci\u00f3 Punt \u00d2mnia Banyoles<\/a><\/p>\n<p><strong>2)<\/strong>\u00a0Un cop dins, baixar el document.<\/p>\n<p><strong>3)<\/strong>\u00a0Omplir el document.<\/p>\n<p><strong>4)<\/strong>\u00a0Anar al nostra apartat de contacta&#8217;ns i pujar al document a l&#8217;apartat d&#8217;arxius i omplir els apartats obligatoris. (<a href=\"http:\/\/xarxaomnia.gencat.cat\/blocs\/omniabanyoles\/contactens\/\" target=\"_blank\">Contacta&#8217;ns<\/a>)<\/p>\n<p><strong>5)<\/strong>\u00a0I ara s\u00ed, que s\u00ed, ja pots venir a gaudir del nostra espai!!!<\/p>\n<p><strong>6)<\/strong>\u00a0No oblidis de mirar-te les nostres activitats i fer l&#8217;inscripci\u00f3 a les que m\u00e9s t&#8217;interessin, s\u00f3n totes\u00a0<strong>GRATU\u00cfTES!<\/strong><\/p>\n<p><em>*si vols inscriure&#8217;t a un curs, espera a pujar el document i aix\u00ed pujareu els dos documents necessaris.<\/em><\/p>\n<p><em><strong>&#8211; QUE HAIG DE FER PER REALITZAR L&#8217;INSCRIPCI\u00d3 D&#8217;UN CURS\/C\u00c0PSULA\/ACTIVITAT\/TALLER DES DE CASA?<\/strong><\/em><\/p>\n<p><strong>1)\u00a0<\/strong>Anar al seg\u00fcent link.<a href=\"https:\/\/drive.google.com\/file\/d\/0B24RdYZODOV0dVhUNTVVcXE1dkE\/view?usp=sharing\" target=\"_blank\">\u00a0Inscripci\u00f3\u00a0Activitat<\/a><\/p>\n<p><em><strong>nom\u00e9s omplir aquest formulari en cas de voler fer aquesta activitat en concret!<\/strong><\/em>\u00a0<a href=\"https:\/\/drive.google.com\/open?id=0B24RdYZODOV0VWhUd0NsajJDSW8\" target=\"_blank\">inscripci\u00f3 QU\u00c8 M&#8217;AGRADA DEL MEU BARRI EN 5 MINUTS!<\/a><\/p>\n<p><strong>2)<\/strong>\u00a0Un cop dins, baixar el document.<\/p>\n<p><strong>3)<\/strong>\u00a0Omplir el document.<\/p>\n<p><strong>4)<\/strong>\u00a0Anar al nostra apartat de contacta&#8217;ns i pujar al document a l&#8217;apartat d&#8217;arxius i omplir els apartats obligatoris. (<a href=\"http:\/\/xarxaomnia.gencat.cat\/blocs\/omniabanyoles\/contactens\/\" target=\"_blank\">Contacta&#8217;ns<\/a>)<\/p>\n<p><strong>5)<\/strong>\u00a0Us respondrem en breu per\u00a0confirmar\u00a0que heu set admesos a l&#8217;activitat.<\/p>\n<p><strong>6)<\/strong>\u00a0En cas que no poguessis venir siusplau fes-nos-ho saber.<\/p>\n","protected":false},"excerpt":{"rendered":"<p>&#8211; JA ETS USUARI\/A DEL Punt \u00d2mnia Banyoles? SI ENCARA NO HO ETS, OMPLE EL NOSTRE FULL D&#8217;INSCRIPCIONS I GAUDEIX DE LES NOSTRES INSTAL\u00b7LACIONS!!! Que&#8230;<\/p>\n","protected":false},"author":172,"featured_media":0,"parent":0,"menu_order":0,"comment_status":"closed","ping_status":"closed","template":"","meta":{"footnotes":""},"class_list":["post-395","page","type-page","status-publish","hentry"],"_links":{"self":[{"href":"https:\/\/bloc.xarxa-omnia.org\/omniabanyoles\/wp-json\/wp\/v2\/pages\/395","targetHints":{"allow":["GET"]}}],"collection":[{"href":"https:\/\/bloc.xarxa-omnia.org\/omniabanyoles\/wp-json\/wp\/v2\/pages"}],"about":[{"href":"https:\/\/bloc.xarxa-omnia.org\/omniabanyoles\/wp-json\/wp\/v2\/types\/page"}],"author":[{"embeddable":true,"href":"https:\/\/bloc.xarxa-omnia.org\/omniabanyoles\/wp-json\/wp\/v2\/users\/172"}],"replies":[{"embeddable":true,"href":"https:\/\/bloc.xarxa-omnia.org\/omniabanyoles\/wp-json\/wp\/v2\/comments?post=395"}],"version-history":[{"count":2,"href":"https:\/\/bloc.xarxa-omnia.org\/omniabanyoles\/wp-json\/wp\/v2\/pages\/395\/revisions"}],"predecessor-version":[{"id":482,"href":"https:\/\/bloc.xarxa-omnia.org\/omniabanyoles\/wp-json\/wp\/v2\/pages\/395\/revisions\/482"}],"wp:attachment":[{"href":"https:\/\/bloc.xarxa-omnia.org\/omniabanyoles\/wp-json\/wp\/v2\/media?parent=395"}],"curies":[{"name":"wp","href":"https:\/\/api.w.org\/{rel}","templated":true}]}}