{"id":70,"date":"2015-05-08T18:13:18","date_gmt":"2015-05-08T16:13:18","guid":{"rendered":"http:\/\/xarxaomnia.gencat.cat\/blocs\/omniabanyoles\/?page_id=70"},"modified":"2017-06-27T18:54:39","modified_gmt":"2017-06-27T16:54:39","slug":"tramits-on-line","status":"publish","type":"page","link":"https:\/\/bloc.xarxa-omnia.org\/omniabanyoles\/tramits-on-line\/","title":{"rendered":"Tr\u00e0mits on-line"},"content":{"rendered":"<p>Espai d\u2019acc\u00e9s lliure, amb l\u2019objectiu d\u2019oferir suport per a la realitzaci\u00f3 de diferents tr\u00e0mits on-line amb les administracions (Demanar cites pr\u00e8vies (metge, Inem, renovaci\u00f3 DNI, hisenda, etc),\u00a0 renovaci\u00f3 DARDO, sol\u00b7licitar la vida laboral, etc.<\/p>\n<p>&nbsp;<\/p>\n<p><a title=\"Renta 2014\" href=\"http:\/\/www.agenciatributaria.es\/AEAT.internet\/Renta2014.shtml\" target=\"_blank\">Renta 2016<\/a><\/p>\n<p><a title=\"Agencia Tribut\u00e0ria\" href=\"http:\/\/www.agenciatributaria.es\/\" target=\"_blank\">Agencia Tributaria<\/a><\/p>\n<p><a title=\"Demanar Vida Laboral SMS\" href=\"https:\/\/w7.seg-social.es\/AutenticacionSMSWeb\/Identificacion\" target=\"_blank\">Vida laboral<\/a><\/p>\n<p><a title=\"Consulta l'estat de la solicitud de l' Informes\" href=\"https:\/\/sede.seg-social.gob.es\/Sede_1\/Lanzadera\/index.htm?URL=65\" target=\"_blank\">Seguretat Social<\/a><\/p>\n<p><a title=\"Portal Inmigraci\u00f3 \" href=\"http:\/\/extranjeros.empleo.gob.es\/es\/ModelosSolicitudes\/Mod_solicitudes2\/index.html\" target=\"_blank\">immigraci\u00f3\/estrangeria<\/a><\/p>\n<p><a title=\"Consulta telem\u00e1tica d'expedients nacionalitat espanyola per residencia\" href=\"https:\/\/sede.mjusticia.gob.es\/eConsultas\/SegNacionalidad.do\" target=\"_blank\">Consulta telem\u00e0tica de l&#8217;expedient de la nacionalitat espanyola<\/a><\/p>\n<p><a title=\"Demanar Cita Pr\u00e8via DNI o passaport\" href=\"https:\/\/www.citapreviadnie.es\/citaPreviaDniExp\/\" target=\"_blank\">Cita pr\u00e8via DNI<\/a><\/p>\n<p><a title=\"Demanar Cita Pr\u00e8via a l' Inem\" href=\"https:\/\/sede.sepe.gob.es\/citaprevia\/solicitudCitaPrevia.do\" target=\"_blank\">Cita pr\u00e8via INEM<\/a><\/p>\n<p><a title=\"Demanar Cita pr\u00e8via a Extrengeria\" href=\"https:\/\/sede.administracionespublicas.gob.es\/icpplus\/citar\" target=\"_blank\">Administraci\u00f3 P\u00fablica (estrangeria) <\/a><\/p>\n<p><a title=\"Seguiment de l'expedient del Registre Civil Central\" href=\"https:\/\/sede.mjusticia.gob.es\/eConsultas\/SegRcCentral.do?idtramite=1214483963064&amp;lang=es_es&amp;idpagina=1215197884559\" target=\"_blank\">Seguiment Expedient del registra civil central<\/a><\/p>\n<p><a title=\"info. tr\u00e0mit expedient extrengeria\" href=\"https:\/\/sede.administracionespublicas.gob.es\/pagina\/index\/directorio\/infoext2\/\" target=\"_blank\">Estat tramitaci\u00f3 expedient estrangeria <\/a><\/p>\n<p><a title=\"Demanar hora al metge\" href=\"https:\/\/ws1.ics.gencat.cat\/VisitesIServeis\/programacio_visites\/Visites.aspx?\" target=\"_blank\">Cita pr\u00e8via metge<\/a><\/p>\n<p><a title=\"Certificat prestacions\" href=\"https:\/\/sede.sepe.gob.es\/DServiciosPrestanetWEB\/CertificadosPrestaWeb.do\" target=\"_blank\">Certificat de prestacions <\/a><\/p>\n<p>&nbsp;<\/p>\n<p>&nbsp;<\/p>\n","protected":false},"excerpt":{"rendered":"<p>Espai d\u2019acc\u00e9s lliure, amb l\u2019objectiu d\u2019oferir suport per a la realitzaci\u00f3 de diferents tr\u00e0mits on-line amb les administracions (Demanar cites pr\u00e8vies (metge, Inem, renovaci\u00f3 DNI,&#8230;<\/p>\n","protected":false},"author":172,"featured_media":0,"parent":0,"menu_order":3,"comment_status":"open","ping_status":"open","template":"","meta":{"footnotes":""},"class_list":["post-70","page","type-page","status-publish","hentry"],"_links":{"self":[{"href":"https:\/\/bloc.xarxa-omnia.org\/omniabanyoles\/wp-json\/wp\/v2\/pages\/70","targetHints":{"allow":["GET"]}}],"collection":[{"href":"https:\/\/bloc.xarxa-omnia.org\/omniabanyoles\/wp-json\/wp\/v2\/pages"}],"about":[{"href":"https:\/\/bloc.xarxa-omnia.org\/omniabanyoles\/wp-json\/wp\/v2\/types\/page"}],"author":[{"embeddable":true,"href":"https:\/\/bloc.xarxa-omnia.org\/omniabanyoles\/wp-json\/wp\/v2\/users\/172"}],"replies":[{"embeddable":true,"href":"https:\/\/bloc.xarxa-omnia.org\/omniabanyoles\/wp-json\/wp\/v2\/comments?post=70"}],"version-history":[{"count":14,"href":"https:\/\/bloc.xarxa-omnia.org\/omniabanyoles\/wp-json\/wp\/v2\/pages\/70\/revisions"}],"predecessor-version":[{"id":421,"href":"https:\/\/bloc.xarxa-omnia.org\/omniabanyoles\/wp-json\/wp\/v2\/pages\/70\/revisions\/421"}],"wp:attachment":[{"href":"https:\/\/bloc.xarxa-omnia.org\/omniabanyoles\/wp-json\/wp\/v2\/media?parent=70"}],"curies":[{"name":"wp","href":"https:\/\/api.w.org\/{rel}","templated":true}]}}