{"id":2,"date":"2012-10-03T18:32:48","date_gmt":"2012-10-03T18:32:48","guid":{"rendered":""},"modified":"2012-11-06T15:30:04","modified_gmt":"2012-11-06T13:30:04","slug":"about","status":"publish","type":"page","link":"https:\/\/bloc.xarxa-omnia.org\/omniainfantil\/","title":{"rendered":"Compartim"},"content":{"rendered":"<p><a href=\"http:\/\/xarxaomnia.gencat.cat\/blocs\/omniainfantil\/files\/nens.png\"><img loading=\"lazy\" decoding=\"async\" class=\"alignright\" title=\"nens jugant\" src=\"http:\/\/xarxaomnia.gencat.cat\/blocs\/omniainfantil\/files\/nens.png\" alt=\"nens jugant\" width=\"226\" height=\"207\" \/><\/a>Cada  curs ens plantegem noves activitats i estrat\u00e8gies per afrontar  diferents grups de treball. Actualment, hi ha una demanda generalitzada en els punts  \u00d2mnia per a treballar la poblaci\u00f3 infantil; per aix\u00f2, a poc a poc i amb la col\u00b7laboraci\u00f3 de molts dinamitzadors  hem anat recopilant un seguit de recursos de diferents \u00e0mbits, formats,  programes o webs, locals o en l\u00ednia de gran inter\u00e8s.<\/p>\n<p>Tant \u00e9s aix\u00ed que en aquest bloc volem recollir les propostes que ja  hem compartit i aportar-ne de noves. Qualsevol de vosaltres que vulgui  proposar el seu recurs o activitat per a treballar el col\u00b7lectiu infantil  \u00e9s benvingut. Podeu fer-nos arribar els vostres suggeriments a: seguiment @  xarxa-omnia . org<\/p>\n<p>Esperem que us sigui d&#8217;utilitat i que, si genereu noves recopilacions o  activitats, us animeu a compartir-les, aix\u00ed com els resultats que n&#8217;obtingueu.<\/p>\n","protected":false},"excerpt":{"rendered":"<p>Cada curs ens plantegem noves activitats i estrat\u00e8gies per afrontar diferents grups de treball. Actualment, hi ha una demanda generalitzada en els punts \u00d2mnia per a treballar la poblaci\u00f3 infantil; per aix\u00f2, a poc a poc i amb la col\u00b7laboraci\u00f3 de molts dinamitzadors hem anat recopilant un seguit de recursos de diferents \u00e0mbits, formats, programes [&hellip;]<\/p>\n","protected":false},"author":61,"featured_media":0,"parent":0,"menu_order":0,"comment_status":"closed","ping_status":"closed","template":"","meta":{"footnotes":""},"class_list":["post-2","page","type-page","status-publish","hentry"],"_links":{"self":[{"href":"https:\/\/bloc.xarxa-omnia.org\/omniainfantil\/wp-json\/wp\/v2\/pages\/2","targetHints":{"allow":["GET"]}}],"collection":[{"href":"https:\/\/bloc.xarxa-omnia.org\/omniainfantil\/wp-json\/wp\/v2\/pages"}],"about":[{"href":"https:\/\/bloc.xarxa-omnia.org\/omniainfantil\/wp-json\/wp\/v2\/types\/page"}],"author":[{"embeddable":true,"href":"https:\/\/bloc.xarxa-omnia.org\/omniainfantil\/wp-json\/wp\/v2\/users\/61"}],"replies":[{"embeddable":true,"href":"https:\/\/bloc.xarxa-omnia.org\/omniainfantil\/wp-json\/wp\/v2\/comments?post=2"}],"version-history":[{"count":6,"href":"https:\/\/bloc.xarxa-omnia.org\/omniainfantil\/wp-json\/wp\/v2\/pages\/2\/revisions"}],"predecessor-version":[{"id":13,"href":"https:\/\/bloc.xarxa-omnia.org\/omniainfantil\/wp-json\/wp\/v2\/pages\/2\/revisions\/13"}],"wp:attachment":[{"href":"https:\/\/bloc.xarxa-omnia.org\/omniainfantil\/wp-json\/wp\/v2\/media?parent=2"}],"curies":[{"name":"wp","href":"https:\/\/api.w.org\/{rel}","templated":true}]}}