{"id":2,"date":"2011-01-26T19:02:09","date_gmt":"2011-01-26T19:02:09","guid":{"rendered":"http:\/\/xarxaomnia.gencat.cat\/blocs\/omnialafont\/about\/"},"modified":"2013-11-07T20:47:44","modified_gmt":"2013-11-07T18:47:44","slug":"about","status":"publish","type":"page","link":"https:\/\/bloc.xarxa-omnia.org\/omnialafont\/about\/","title":{"rendered":"El Punt"},"content":{"rendered":"<p style=\"text-align: center;\"><strong>Punt \u00d2mnia AV Font dels Capellans<\/strong><\/p>\n<p style=\"text-align: center;\">Correu electr\u00f2nic: lafont@xarxa-omnia.org<\/p>\n<p style=\"text-align: center;\">skype: omnialafont<br \/>\n<small><a style=\"color: #0000ff; text-align: left;\" href=\"http:\/\/maps.google.com\/maps?f=q&amp;source=embed&amp;hl=ca&amp;geocode=&amp;q=Carrer+Frai+Jacint+Coma+i+Gal%C3%AD&amp;aq=&amp;sll=41.728601,1.840339&amp;sspn=0.020786,0.033088&amp;vpsrc=0&amp;ie=UTF8&amp;hq=&amp;hnear=Carrer+del+Fra+Jacint+Coma+i+Gal%C3%AD,+08243+Manresa,+Barcelona,+Catalunya,+Espanya&amp;t=h&amp;ll=41.728601,1.840382&amp;spn=0.02242,0.036478&amp;z=14&amp;iwloc=A\">Mostra un mapa m\u00e9s gran<\/a><\/small><\/p>\n<p style=\"text-align: center;\">\n<p style=\"text-align: center;\"><a href=\"http:\/\/xarxaomnia.gencat.cat\/blocs\/omnialafont\/files\/2013\/03\/collage1.jpg\"><img loading=\"lazy\" decoding=\"async\" title=\"fotos\" src=\"http:\/\/xarxaomnia.gencat.cat\/blocs\/omnialafont\/files\/2013\/03\/collage1.jpg\" alt=\"\" width=\"504\" height=\"484\" \/><\/a><\/p>\n<p style=\"text-align: center;\">\n<p style=\"text-align: center;\"><strong>AV Font dels Capellans i <\/strong><strong>Programa de dinamitzaci\u00f3 M\u00e9s barri, M\u00e9s Font <\/strong><\/p>\n<p style=\"text-align: center;\">Telf i fax: 93 874 43 06<\/p>\n<p style=\"text-align: center;\">Correus electr\u00f2nics: associacio@avfontdelscapellans.cat o pdc@avfontdelscapellans.cat<\/p>\n<p style=\"text-align: center;\"><a href=\"http:\/\/www.avfontdelscapellans.cat\/\">www.avfontdelscapellans.cat<\/a><\/p>\n<p style=\"text-align: center;\">\n","protected":false},"excerpt":{"rendered":"<p>Punt \u00d2mnia AV Font dels Capellans Correu electr\u00f2nic: lafont@xarxa-omnia.org skype: omnialafont Mostra un mapa m\u00e9s gran AV Font dels Capellans i Programa de dinamitzaci\u00f3 M\u00e9s barri, M\u00e9s Font Telf i fax: 93 874 43 06 Correus electr\u00f2nics: associacio@avfontdelscapellans.cat o pdc@avfontdelscapellans.cat www.avfontdelscapellans.cat<\/p>\n","protected":false},"author":139,"featured_media":0,"parent":0,"menu_order":2,"comment_status":"open","ping_status":"open","template":"","meta":{"footnotes":""},"class_list":["post-2","page","type-page","status-publish","czr-hentry"],"_links":{"self":[{"href":"https:\/\/bloc.xarxa-omnia.org\/omnialafont\/wp-json\/wp\/v2\/pages\/2","targetHints":{"allow":["GET"]}}],"collection":[{"href":"https:\/\/bloc.xarxa-omnia.org\/omnialafont\/wp-json\/wp\/v2\/pages"}],"about":[{"href":"https:\/\/bloc.xarxa-omnia.org\/omnialafont\/wp-json\/wp\/v2\/types\/page"}],"author":[{"embeddable":true,"href":"https:\/\/bloc.xarxa-omnia.org\/omnialafont\/wp-json\/wp\/v2\/users\/139"}],"replies":[{"embeddable":true,"href":"https:\/\/bloc.xarxa-omnia.org\/omnialafont\/wp-json\/wp\/v2\/comments?post=2"}],"version-history":[{"count":29,"href":"https:\/\/bloc.xarxa-omnia.org\/omnialafont\/wp-json\/wp\/v2\/pages\/2\/revisions"}],"predecessor-version":[{"id":1197,"href":"https:\/\/bloc.xarxa-omnia.org\/omnialafont\/wp-json\/wp\/v2\/pages\/2\/revisions\/1197"}],"wp:attachment":[{"href":"https:\/\/bloc.xarxa-omnia.org\/omnialafont\/wp-json\/wp\/v2\/media?parent=2"}],"curies":[{"name":"wp","href":"https:\/\/api.w.org\/{rel}","templated":true}]}}