{"id":213,"date":"2014-01-29T16:30:16","date_gmt":"2014-01-29T14:30:16","guid":{"rendered":"http:\/\/xarxaomnia.gencat.cat\/blocs\/omnialafont\/?page_id=213"},"modified":"2015-10-22T18:46:48","modified_gmt":"2015-10-22T16:46:48","slug":"recursos-tic","status":"publish","type":"page","link":"https:\/\/bloc.xarxa-omnia.org\/omnialafont\/recursos-tic\/","title":{"rendered":"Per aprendre"},"content":{"rendered":"<p><a href=\"http:\/\/xarxaomnia.gencat.cat\/blocs\/omnialafont\/files\/2014\/01\/per-aprendre.jpg\"><img loading=\"lazy\" decoding=\"async\" class=\"size-medium wp-image-1398 aligncenter\" src=\"http:\/\/xarxaomnia.gencat.cat\/blocs\/omnialafont\/files\/2014\/01\/per-aprendre-300x199.jpg\" alt=\"per aprendre\" width=\"300\" height=\"199\" srcset=\"https:\/\/bloc.xarxa-omnia.org\/omnialafont\/files\/2014\/01\/per-aprendre-300x199.jpg 300w, https:\/\/bloc.xarxa-omnia.org\/omnialafont\/files\/2014\/01\/per-aprendre.jpg 1280w\" sizes=\"auto, (max-width: 300px) 100vw, 300px\" \/><\/a><\/p>\n<p>&nbsp;<\/p>\n<p><!-- [if gte mso 9]&gt;  Normal 0 21   false false false        MicrosoftInternetExplorer4 &lt; ![endif]--><strong><span style=\"color: #000080\">Per aprendre a escriure&#8230;<\/span><\/strong><\/p>\n<p><a href=\"http:\/\/www.sense-lang.org\/typing\/spanish.php?key=spanish\">Mecanografia (tutorials, test, jocs,&#8230;)<\/a><\/p>\n<p><a href=\"http:\/\/www.xtec.net\/%7Efiglesi2\/mecanografia\/teclat.htm\">http:\/\/www.xtec.net\/~figlesi2\/mecanografia\/teclat.htm<\/a><\/p>\n<p><a href=\"http:\/\/www.societatdelainformacio.com\/alfabetitzacio\/\">Societat de la Informaci\u00f3<\/a><\/p>\n<p><a href=\"http:\/\/www.vedoque.com\/juegos\/mecano\/\">Vedoque<\/a><\/p>\n<p><a href=\"http:\/\/www.keybr.com\/\">Keybr<\/a><\/p>\n<p><a href=\"http:\/\/www.cursomeca.com\/\">CursMeca<\/a><\/p>\n<p><a href=\"http:\/\/www.artypist.com\/ca\/\">ARTypist<\/a><\/p>\n<p><a href=\"http:\/\/www.mecanografia-online.com\/ES\/Aspx\/Start.aspx\">Mecanografia on line<\/a><\/p>\n<p><a href=\"http:\/\/www.edukanda.es\/mediatecaweb\/data\/zip\/271\/juegos_destreza\/index.html;js\">El ratol\u00ed i el teclat<\/a><\/p>\n<p><a href=\"http:\/\/xarxaomnia.gencat.cat\/blocs\/odc\/tastam-aprendre-a-escriure-amb-lordinador\/\">http:\/\/xarxaomnia.gencat.cat\/blocs\/odc\/tastam-aprendre-a-escriure-amb-lordinador\/<\/a><\/p>\n<p><a href=\"http:\/\/www.mecanografia.cat\/test.php\">Test de velocitat (en catal\u00e0)<\/a><\/p>\n<p><a href=\"http:\/\/www.artypist.com\/es\/curso-mecanografia\/practicar\/1\/2\">La posici\u00f3 de les mans<\/a><\/p>\n<p>&nbsp;<\/p>\n<p><strong><span style=\"color: #333399\">El catal\u00e0 <\/span><\/strong><\/p>\n<p><span style=\"color: #000000\"><a href=\"http:\/\/www.genmagic.org\/lengua3\/tcl1c.swf\">Un tren carregat de lletres<\/a><\/span><\/p>\n<p><span style=\"color: #000000\"><a href=\"http:\/\/www.genmagic.org\/lengua3\/lab1c.swf\">Laberint de lletres<\/a><\/span><\/p>\n<p><a href=\"http:\/\/www.verbs.cat\/ca\/\">Els verbs en catal\u00e0<\/a><\/p>\n<p><a href=\"http:\/\/enxaneta.info\/index1.php\">Exercicis de gram\u00e0tica catalana<\/a><\/p>\n<p><a href=\"http:\/\/www.intercat.cat\/speakcat\/index.html\">Intercat<\/a><\/p>\n<p><a href=\"http:\/\/www.genmagic.net\/lengua4\/lleng4c.swf\">Construeix frases en catal\u00e0<\/a><\/p>\n<p>&nbsp;<\/p>\n<p><span style=\"color: #0000ff\"><strong><span style=\"color: #000080\">El castell\u00e0<\/span><\/strong><\/span><\/p>\n<p><a href=\"http:\/\/www.esfacil.eu\/es\/\">Els verbs en castell\u00e0<\/a><\/p>\n<p><a href=\"http:\/\/www.aprenderespanol.org\/\">Exercicis de gram\u00e0tica castellana<\/a><\/p>\n<p><a href=\"http:\/\/www.leoloqueveo.org\/index.htm\">Leo lo que veo<\/a><\/p>\n<p><a href=\"http:\/\/www.juntadeandalucia.es\/averroes\/tajofiguras\/grutra\/jjose\/ordefras.htm\">Ordenar frases en castell\u00e0<\/a><\/p>\n<p><a href=\"http:\/\/www.xtec.cat\/~jgenover\/ordpalabra1.htm\">Ordenar paraules per formar frases en castell\u00e0<\/a><\/p>\n<p><a href=\"http:\/\/www.videoele.com\/menu_A1.html\" target=\"_blank\">V\u00eddeos para aprender espa\u00f1ol<\/a><\/p>\n<p><a href=\"http:\/\/www.practicaespanol.com\/es\/gramatica\/ent\/4\/?page=10\" target=\"_blank\">Practica espa\u00f1ol: gramatica<\/a><\/p>\n<p>&nbsp;<\/p>\n<p><span style=\"color: #000080;font-weight: bold;text-align: justify\">Per llegir llibres&#8230;<\/span><\/p>\n<p style=\"text-align: justify\"><a href=\"http:\/\/\">http:\/\/leerlibrosonline.net\/<\/a><\/p>\n<p style=\"text-align: justify\"><a href=\"http:\/\/\">http:\/\/www.24symbols.com\/es<\/a><\/p>\n<p style=\"text-align: justify\"><a href=\"http:\/\/www.palabravirtual.com\/\">Llegir poesia<\/a><\/p>\n<p style=\"text-align: justify\"><strong><span style=\"color: #000080\">Per editar fotos&#8230;<\/span><\/strong><\/p>\n<p style=\"text-align: justify\"><a href=\"http:\/\/www.fotor.com\/es\/index.html\" target=\"_blank\">www.fotor.com<\/a><\/p>\n<p style=\"text-align: justify\"><a href=\"http:\/\/www.befunky.com\/\">www.befunky.com<\/a><\/p>\n<p style=\"text-align: justify\"><a title=\"www.picmonkey.com\" href=\"http:\/\/www.picmonkey.com\/\">www.picmonkey.com<\/a><\/p>\n<p style=\"text-align: justify\"><a href=\"http:\/\/www.pizap.com\/\">www.pizap.com<\/a><\/p>\n<p style=\"text-align: justify\"><a href=\"http:\/\/www.pixlr.com\/\">www.pixlr.com<\/a><\/p>\n<p><a href=\"http:\/\/www.kizoa.es\/\">http:\/\/www.kizoa.es\/<\/a><\/p>\n<p><a href=\"http:\/\/www.loonapix.com\/es\/effector\" target=\"_blank\">http:\/\/www.loonapix.com\/es\/effector<\/a><\/p>\n<p style=\"text-align: justify\"><a href=\"http:\/\/www.genbeta.com\/web\/alternativas-para-crear-collages-online-muy-vistosos\">http:\/\/www.genbeta.com\/web\/alternativas-para-crear-collages-online-muy-vistosos<\/a><\/p>\n<p style=\"text-align: justify\"><a href=\"http:\/\/xarxaomnia.gencat.cat\/blocs\/odc\/tastam-retoc-fotografic-en-linia\/\">http:\/\/xarxaomnia.gencat.cat\/blocs\/odc\/tastam-retoc-fotografic-en-linia\/<\/a><\/p>\n<p><strong><span style=\"color: #000080\">Per jugar amb fotos fetes amb webcam&#8230;<\/span><\/strong><\/p>\n<p><a title=\"http:\/\/www.fotofriend.com\/\" href=\"http:\/\/www.fotofriend.com\/\" target=\"_blank\">http:\/\/www.fotofriend.com\/<\/a><\/p>\n<p><a title=\"http:\/\/neave.com\/es\/webcam\/\" href=\"http:\/\/neave.com\/es\/webcam\/\" target=\"_blank\">http:\/\/neave.com\/es\/webcam\/<\/a><\/p>\n<p><a title=\"http:\/\/www.seenly.com\/\" href=\"http:\/\/www.seenly.com\/\" target=\"_blank\">http:\/\/www.seenly.com\/<\/a><\/p>\n<p><a title=\"http:\/\/www.gifpal.com\/\" href=\"http:\/\/www.gifpal.com\/\" target=\"_blank\">http:\/\/www.gifpal.com\/<\/a><\/p>\n<p><a href=\"http:\/\/www.cameroid.com\/snap.php\">http:\/\/www.cameroid.com\/snap.php<\/a><\/p>\n<p>&nbsp;<\/p>\n<p style=\"text-align: justify\"><strong><span style=\"color: #000080\">Per editar v\u00eddeos&#8230;<\/span><\/strong><\/p>\n<p><a href=\"http:\/\/www.lwks.com\/\">http:\/\/www.lwks.com\/<\/a> (LightWorks)<\/p>\n<p><a href=\"http:\/\/www.openshot.org\/\">http:\/\/www.openshot.org\/<\/a><\/p>\n<p><a href=\"https:\/\/www.filelab.com\/\">https:\/\/www.filelab.com\/<\/a><\/p>\n<p><a href=\"http:\/\/jaycut.com\/video-editor-demo\">http:\/\/jaycut.com\/video-editor-demo <\/a>(est\u00e0 en fase beta)<\/p>\n<p><a href=\"http:\/\/www.photopeach.com\">www.photopeach.com<\/a> (realment s\u00f3n presentacions de fotos)<\/p>\n<p><!-- [if gte mso 9]&gt;   &lt; ![endif]--><!-- [if gte mso 10]&gt;--><\/p>\n<p><!--[endif] --><\/p>\n","protected":false},"excerpt":{"rendered":"<p>&nbsp; Per aprendre a escriure&#8230; Mecanografia (tutorials, test, jocs,&#8230;) http:\/\/www.xtec.net\/~figlesi2\/mecanografia\/teclat.htm Societat de la Informaci\u00f3 Vedoque Keybr CursMeca ARTypist Mecanografia on line El ratol\u00ed i el teclat http:\/\/xarxaomnia.gencat.cat\/blocs\/odc\/tastam-aprendre-a-escriure-amb-lordinador\/ Test de velocitat (en catal\u00e0) La posici\u00f3 de les mans &nbsp; El catal\u00e0 Un tren carregat de lletres Laberint de lletres Els verbs en catal\u00e0 Exercicis de gram\u00e0tica [&hellip;]<\/p>\n","protected":false},"author":139,"featured_media":0,"parent":0,"menu_order":4,"comment_status":"closed","ping_status":"closed","template":"","meta":{"footnotes":""},"class_list":["post-213","page","type-page","status-publish","czr-hentry"],"_links":{"self":[{"href":"https:\/\/bloc.xarxa-omnia.org\/omnialafont\/wp-json\/wp\/v2\/pages\/213","targetHints":{"allow":["GET"]}}],"collection":[{"href":"https:\/\/bloc.xarxa-omnia.org\/omnialafont\/wp-json\/wp\/v2\/pages"}],"about":[{"href":"https:\/\/bloc.xarxa-omnia.org\/omnialafont\/wp-json\/wp\/v2\/types\/page"}],"author":[{"embeddable":true,"href":"https:\/\/bloc.xarxa-omnia.org\/omnialafont\/wp-json\/wp\/v2\/users\/139"}],"replies":[{"embeddable":true,"href":"https:\/\/bloc.xarxa-omnia.org\/omnialafont\/wp-json\/wp\/v2\/comments?post=213"}],"version-history":[{"count":74,"href":"https:\/\/bloc.xarxa-omnia.org\/omnialafont\/wp-json\/wp\/v2\/pages\/213\/revisions"}],"predecessor-version":[{"id":1575,"href":"https:\/\/bloc.xarxa-omnia.org\/omnialafont\/wp-json\/wp\/v2\/pages\/213\/revisions\/1575"}],"wp:attachment":[{"href":"https:\/\/bloc.xarxa-omnia.org\/omnialafont\/wp-json\/wp\/v2\/media?parent=213"}],"curies":[{"name":"wp","href":"https:\/\/api.w.org\/{rel}","templated":true}]}}