{"id":215,"date":"2014-01-08T13:30:56","date_gmt":"2014-01-08T11:30:56","guid":{"rendered":"http:\/\/xarxaomnia.gencat.cat\/blocs\/omnialafont\/tallers\/"},"modified":"2015-01-08T14:07:44","modified_gmt":"2015-01-08T12:07:44","slug":"tallers","status":"publish","type":"page","link":"https:\/\/bloc.xarxa-omnia.org\/omnialafont\/tallers\/","title":{"rendered":"Tallers"},"content":{"rendered":"<p style=\"text-align: center\"><span style=\"color: #3366ff\"><strong>Programaci\u00f3 de tallers de gener a mar\u00e7 de 2015<\/strong><\/span><\/p>\n<p><b>TALLERS<\/b><\/p>\n<p><strong>Anem per feina<\/strong>: taller d&#8217;inserci\u00f3 laboral<\/p>\n<p><strong>Teixint xarxes<\/strong>: taller adre\u00e7at al col\u00b7lectiu femen\u00ed nouvingut<\/p>\n<p><strong>Taller per a gent gran:\u00a0<\/strong>taller per a majors de 65 anys<\/p>\n<p><b>Amb capacitats:<\/b> taller amb el Centre Conange Muntany\u00e0 d&#8217;Ampans.<\/p>\n<p><strong>Iniciaci\u00f3 a les TIC<\/strong>: taller d&#8217;aproximaci\u00f3 i d&#8217;iniciaci\u00f3 a les TIC<\/p>\n<p><strong>Iniciaci\u00f3 a Internet<\/strong>: taller d&#8217;iniciaci\u00f3 a la navegaci\u00f3<\/p>\n<p>&nbsp;<\/p>\n<p><b>C\u00c0PSULES FORMATIVES<\/b><\/p>\n<p><b>El correu electr\u00f2nic: <\/b>crear i gestionar un compte de correu electr\u00f2nic i les eines que d&#8217;ell se&#8217;n deriven.<\/p>\n<p><b>La fotografia i nosaltres: <\/b>aprendre a gestionar i organitzar les fotos. Editar materials fotogr\u00e0fics com \u00e0lbums, calendaris o v\u00eddeos, &#8230;<\/p>\n<p><b>Naveguem per Internet: <\/b>aprendre a navegar d&#8217;una forma correcta i segura.<\/p>\n<p><b>Les xarxes socials: <\/b>con\u00e8ixer i familiaritzar-se amb diferents xarxes socials. Profunditzar en les que m\u00e9s agradin.<\/p>\n<p>&nbsp;<\/p>\n","protected":false},"excerpt":{"rendered":"<p>Programaci\u00f3 de tallers de gener a mar\u00e7 de 2015 TALLERS Anem per feina: taller d&#8217;inserci\u00f3 laboral Teixint xarxes: taller adre\u00e7at al col\u00b7lectiu femen\u00ed nouvingut Taller per a gent gran:\u00a0taller per a majors de 65 anys Amb capacitats: taller amb el Centre Conange Muntany\u00e0 d&#8217;Ampans. Iniciaci\u00f3 a les TIC: taller d&#8217;aproximaci\u00f3 i d&#8217;iniciaci\u00f3 a les TIC [&hellip;]<\/p>\n","protected":false},"author":139,"featured_media":0,"parent":0,"menu_order":3,"comment_status":"closed","ping_status":"closed","template":"","meta":{"footnotes":""},"class_list":["post-215","page","type-page","status-publish","czr-hentry"],"_links":{"self":[{"href":"https:\/\/bloc.xarxa-omnia.org\/omnialafont\/wp-json\/wp\/v2\/pages\/215","targetHints":{"allow":["GET"]}}],"collection":[{"href":"https:\/\/bloc.xarxa-omnia.org\/omnialafont\/wp-json\/wp\/v2\/pages"}],"about":[{"href":"https:\/\/bloc.xarxa-omnia.org\/omnialafont\/wp-json\/wp\/v2\/types\/page"}],"author":[{"embeddable":true,"href":"https:\/\/bloc.xarxa-omnia.org\/omnialafont\/wp-json\/wp\/v2\/users\/139"}],"replies":[{"embeddable":true,"href":"https:\/\/bloc.xarxa-omnia.org\/omnialafont\/wp-json\/wp\/v2\/comments?post=215"}],"version-history":[{"count":21,"href":"https:\/\/bloc.xarxa-omnia.org\/omnialafont\/wp-json\/wp\/v2\/pages\/215\/revisions"}],"predecessor-version":[{"id":1538,"href":"https:\/\/bloc.xarxa-omnia.org\/omnialafont\/wp-json\/wp\/v2\/pages\/215\/revisions\/1538"}],"wp:attachment":[{"href":"https:\/\/bloc.xarxa-omnia.org\/omnialafont\/wp-json\/wp\/v2\/media?parent=215"}],"curies":[{"name":"wp","href":"https:\/\/api.w.org\/{rel}","templated":true}]}}