{"id":245,"date":"2011-10-04T19:38:27","date_gmt":"2011-10-04T17:38:27","guid":{"rendered":"http:\/\/xarxaomnia.gencat.cat\/blocs\/omnialafont\/?page_id=245"},"modified":"2014-03-19T14:59:33","modified_gmt":"2014-03-19T12:59:33","slug":"recursos-dinsercio-sociolaboral","status":"publish","type":"page","link":"https:\/\/bloc.xarxa-omnia.org\/omnialafont\/recursos-dinsercio-sociolaboral\/","title":{"rendered":"Recursos laborals"},"content":{"rendered":"<p>Aqu\u00ed trobareu <strong>alguns recursos <\/strong>sobre l&#8217;inserci\u00f3 sociolaboral.<\/p>\n<p><a href=\"http:\/\/xarxaomnia.gencat.cat\/blocs\/omnialafont\/files\/2011\/10\/Info_ETTs.pdf\">Informaci\u00f3 d&#8217;empreses temporals<\/a><\/p>\n<p><a href=\"http:\/\/xarxaomnia.gencat.cat\/blocs\/omnialafont\/files\/2011\/10\/Info_portals_feina.pdf\">Informaci\u00f3 Portals de feina<\/a><\/p>\n<p><a href=\"http:\/\/xarxaomnia.gencat.cat\/blocs\/odc\/tastam-recursos-per-locupabilitat\/\">http:\/\/xarxaomnia.gencat.cat\/blocs\/odc\/tastam-recursos-per-locupabilitat\/<\/a><\/p>\n<p><strong>Dossier pr\u00e0ctic d&#8217;inserci\u00f3 sociolaboral<\/strong> elaborat al Punt \u00d2mnia Casal C\u00edvic Badalona Sant Roc:<\/p>\n<p><a href=\"http:\/\/xarxa-omnia.org\/santroc\/?page_id=299\">http:\/\/xarxa-omnia.org\/santroc\/?page_id=299<\/a><\/p>\n<p>Una de les estrat\u00e8gies del Servei d&#8217;Ocupaci\u00f3 de Catalunya per fer arribar les ofertes de feina a la ciutadania ha estat la creaci\u00f3 de<strong> 23 perfils diferents del Twitter<\/strong>. Cada persona pot seguir aquells que m\u00e9s li interessin depenent del tipus de feina que estigui cercant.<\/p>\n<p><a href=\"http:\/\/www.gencat.cat\/feinaactiva\/twitter\/\">http:\/\/www.gencat.cat\/feinaactiva\/twitter\/<\/a><\/p>\n<p>Per tenir un perfil professional digital en una xarxa social pots accedir a:<\/p>\n<p><a href=\"http:\/\/es.linkedin.com\/\" target=\"_blank\">http:\/\/es.linkedin.com\/<\/a><\/p>\n<p><a href=\"kipin.es\" target=\"_blank\">Kipin.es<\/a><\/p>\n<p><a href=\"http:\/\/www.xing.com\/es\" target=\"_blank\">http:\/\/www.xing.com\/es<\/a><\/p>\n<p>&nbsp;<\/p>\n","protected":false},"excerpt":{"rendered":"<p>Aqu\u00ed trobareu alguns recursos sobre l&#8217;inserci\u00f3 sociolaboral. Informaci\u00f3 d&#8217;empreses temporals Informaci\u00f3 Portals de feina http:\/\/xarxaomnia.gencat.cat\/blocs\/odc\/tastam-recursos-per-locupabilitat\/ Dossier pr\u00e0ctic d&#8217;inserci\u00f3 sociolaboral elaborat al Punt \u00d2mnia Casal C\u00edvic Badalona Sant Roc: http:\/\/xarxa-omnia.org\/santroc\/?page_id=299 Una de les estrat\u00e8gies del Servei d&#8217;Ocupaci\u00f3 de Catalunya per fer arribar les ofertes de feina a la ciutadania ha estat la creaci\u00f3 de 23 perfils [&hellip;]<\/p>\n","protected":false},"author":139,"featured_media":0,"parent":0,"menu_order":7,"comment_status":"closed","ping_status":"closed","template":"custom-page.php","meta":{"footnotes":""},"class_list":["post-245","page","type-page","status-publish","czr-hentry"],"_links":{"self":[{"href":"https:\/\/bloc.xarxa-omnia.org\/omnialafont\/wp-json\/wp\/v2\/pages\/245","targetHints":{"allow":["GET"]}}],"collection":[{"href":"https:\/\/bloc.xarxa-omnia.org\/omnialafont\/wp-json\/wp\/v2\/pages"}],"about":[{"href":"https:\/\/bloc.xarxa-omnia.org\/omnialafont\/wp-json\/wp\/v2\/types\/page"}],"author":[{"embeddable":true,"href":"https:\/\/bloc.xarxa-omnia.org\/omnialafont\/wp-json\/wp\/v2\/users\/139"}],"replies":[{"embeddable":true,"href":"https:\/\/bloc.xarxa-omnia.org\/omnialafont\/wp-json\/wp\/v2\/comments?post=245"}],"version-history":[{"count":14,"href":"https:\/\/bloc.xarxa-omnia.org\/omnialafont\/wp-json\/wp\/v2\/pages\/245\/revisions"}],"predecessor-version":[{"id":1407,"href":"https:\/\/bloc.xarxa-omnia.org\/omnialafont\/wp-json\/wp\/v2\/pages\/245\/revisions\/1407"}],"wp:attachment":[{"href":"https:\/\/bloc.xarxa-omnia.org\/omnialafont\/wp-json\/wp\/v2\/media?parent=245"}],"curies":[{"name":"wp","href":"https:\/\/api.w.org\/{rel}","templated":true}]}}