{"id":260,"date":"2011-10-10T17:34:05","date_gmt":"2011-10-10T15:34:05","guid":{"rendered":"http:\/\/xarxaomnia.gencat.cat\/blocs\/omnialafont\/?page_id=260"},"modified":"2013-11-07T14:18:45","modified_gmt":"2013-11-07T12:18:45","slug":"seguretat-a-la-xarxa","status":"publish","type":"page","link":"https:\/\/bloc.xarxa-omnia.org\/omnialafont\/seguretat-a-la-xarxa\/","title":{"rendered":"Internet segura"},"content":{"rendered":"<p style=\"text-align: justify;\">El 8 de febrer, \u00e9s el Dia de l\u2019Internet Segura,\u00a0  i aquest any 2011 els quatre Punts \u00d2mnia de Manresa vam realitzar la presentaci\u00f3 del  tr\u00edptic \u201cLa xarxa amb seguretat\u201d. Si cliques el seg\u00fcent enlla\u00e7, el pots obrir en un pdf.<\/p>\n<p style=\"text-align: justify;\"><a href=\"http:\/\/xarxaomnia.gencat.cat\/blocs\/omnialafont\/files\/2011\/10\/tr\u00edptic.pdf\">Tr\u00edptic &#8220;La xarxa amb seguretat&#8221;<\/a><\/p>\n<p style=\"text-align: justify;\">\n<p style=\"text-align: justify;\">Aqu\u00ed pots trobar informaci\u00f3 sobre programes o enlla\u00e7os que parlin de la Seguret a la xarxa i el control parental.<\/p>\n<p style=\"text-align: justify;\"><strong>Enlla\u00e7os<\/strong><\/p>\n<p style=\"text-align: justify;\"><a href=\"..\/..\/odc\/tastam-navegacio-segura-per-internet\/\">http:\/\/xarxaomnia.gencat.cat\/blocs\/odc\/tastam-navegacio-segura-per-internet\/<\/a><\/p>\n<p style=\"text-align: justify;\"><a href=\"http:\/\/internetsocial.cat\/2008\/internetsegura\/\">http:\/\/internetsocial.cat\/2008\/internetsegura\/<\/a><\/p>\n<p style=\"text-align: justify;\"><strong>Programes<\/strong><\/p>\n<p style=\"text-align: justify;\"><a href=\"http:\/\/net-nanny-parental-controls.softonic.com\/\">http:\/\/net-nanny-parental-controls.softonic.com\/<\/a><br \/>\nNET NANNY \u00e9s un programa que permet el filtrat d&#8217;Internet, correu, sales  de Cats, grups de noticies. Els sistemes adequats per la seva  instal\u00b7laci\u00f3 s\u00f3n Win2000\/XP\/Vista<\/p>\n<p style=\"text-align: justify;\"><a rel=\"nofollow\" href=\"http:\/\/download.live.com\/familysafety\">http:\/\/download.live.com\/familysafety<\/a><br \/>\nPrograma de control parental de Windows Live entre els que est\u00e0 el de protecci\u00f3 infantil<\/p>\n<p style=\"text-align: justify;\"><a rel=\"nofollow\" href=\"http:\/\/www.safefamilies.org\/\">http:\/\/www.safefamilies.org\/<\/a><br \/>\nUn dels portals m\u00e9s coneguts pel que fa a la seguretat a Internet. Compta amb diverses aplicacions i informaci\u00f3.<\/p>\n<p style=\"text-align: justify;\"><a rel=\"nofollow\" href=\"http:\/\/amigoweb.es\/\">http:\/\/amigoweb.es\/<\/a><br \/>\nAMIGO: \u00e9s un programa de control parental, v\u00e0lid pels sistemes operatius Windows 98\/2008\/XP\/2003\/Vista<\/p>\n<p style=\"text-align: justify;\"><a rel=\"nofollow\" href=\"http:\/\/wwww.controlkids.com\/es\">http:\/\/wwww.controlkids.com\/es<\/a><br \/>\nCONTROL KIDS \u00e9s un assessor de Contingut per bloquejar l&#8217;acc\u00e9s als llocs  amb el contigut indesitjable i a les sales de Xats mentre es navega per  Internet.<\/p>\n<p style=\"text-align: justify;\"><a rel=\"nofollow\" href=\"http:\/\/www.abcdatos.com\/programas\/programa\/z1134.html\">http:\/\/www.abcdatos.com\/programas\/programa\/z1134.html<\/a><br \/>\nNAOMI \u00e9s un avan\u00e7at programa gratu\u00eft de filtres parentals per Internet<br \/>\n<strong><br \/>\nInformaci\u00f3 i eines<\/strong><\/p>\n<p style=\"text-align: justify;\"><a rel=\"nofollow\" href=\"http:\/\/www.xbox.com\/es-MX\/support\/familysettings\/consolefamilysettings.htm\">http:\/\/www.xbox.com\/es-MX\/support\/familysettings\/consolefamilysetti&#8230;<\/a><br \/>\nManual per XBox 36 i informaci\u00f3 per control parental en Xbox.<\/p>\n<p style=\"text-align: justify;\"><a rel=\"nofollow\" href=\"http:\/\/www.pegi.info\/es\/index\">http:\/\/www.pegi.info\/es\/index<\/a><br \/>\nPorta codi PEGI per l&#8217;\u00fas de videojocs. Portal Europeu per Informaci\u00f3 sobre jocs.<\/p>\n<p style=\"text-align: justify;\"><a rel=\"nofollow\" href=\"http:\/\/www.portaldelmenor.es\/\">http:\/\/www.portaldelmenor.es<\/a><br \/>\nPortal del Menor. Diversos temes entre els que inclou el control Parental<\/p>\n<p style=\"text-align: justify;\"><a rel=\"nofollow\" href=\"http:\/\/www.aempi.com\/\">http:\/\/www.aempi.com<\/a><br \/>\nAssociaci\u00f3 Espanyola de Mares i Pares Internautes<\/p>\n","protected":false},"excerpt":{"rendered":"<p>El 8 de febrer, \u00e9s el Dia de l\u2019Internet Segura,\u00a0 i aquest any 2011 els quatre Punts \u00d2mnia de Manresa vam realitzar la presentaci\u00f3 del tr\u00edptic \u201cLa xarxa amb seguretat\u201d. Si cliques el seg\u00fcent enlla\u00e7, el pots obrir en un pdf. Tr\u00edptic &#8220;La xarxa amb seguretat&#8221; Aqu\u00ed pots trobar informaci\u00f3 sobre programes o enlla\u00e7os que [&hellip;]<\/p>\n","protected":false},"author":139,"featured_media":0,"parent":0,"menu_order":6,"comment_status":"closed","ping_status":"open","template":"","meta":{"footnotes":""},"class_list":["post-260","page","type-page","status-publish","czr-hentry"],"_links":{"self":[{"href":"https:\/\/bloc.xarxa-omnia.org\/omnialafont\/wp-json\/wp\/v2\/pages\/260","targetHints":{"allow":["GET"]}}],"collection":[{"href":"https:\/\/bloc.xarxa-omnia.org\/omnialafont\/wp-json\/wp\/v2\/pages"}],"about":[{"href":"https:\/\/bloc.xarxa-omnia.org\/omnialafont\/wp-json\/wp\/v2\/types\/page"}],"author":[{"embeddable":true,"href":"https:\/\/bloc.xarxa-omnia.org\/omnialafont\/wp-json\/wp\/v2\/users\/139"}],"replies":[{"embeddable":true,"href":"https:\/\/bloc.xarxa-omnia.org\/omnialafont\/wp-json\/wp\/v2\/comments?post=260"}],"version-history":[{"count":6,"href":"https:\/\/bloc.xarxa-omnia.org\/omnialafont\/wp-json\/wp\/v2\/pages\/260\/revisions"}],"predecessor-version":[{"id":1188,"href":"https:\/\/bloc.xarxa-omnia.org\/omnialafont\/wp-json\/wp\/v2\/pages\/260\/revisions\/1188"}],"wp:attachment":[{"href":"https:\/\/bloc.xarxa-omnia.org\/omnialafont\/wp-json\/wp\/v2\/media?parent=260"}],"curies":[{"name":"wp","href":"https:\/\/api.w.org\/{rel}","templated":true}]}}