{"id":876,"date":"2013-11-25T06:00:59","date_gmt":"2013-11-25T04:00:59","guid":{"rendered":"http:\/\/xarxaomnia.gencat.cat\/blocs\/omnialafont\/tic-memoria\/"},"modified":"2014-10-06T18:29:49","modified_gmt":"2014-10-06T16:29:49","slug":"tic-memoria","status":"publish","type":"page","link":"https:\/\/bloc.xarxa-omnia.org\/omnialafont\/tic-memoria\/","title":{"rendered":"Estimula la ment"},"content":{"rendered":"<p><a href=\"http:\/\/xarxaomnia.gencat.cat\/blocs\/omnialafont\/files\/2013\/11\/ment1.jpg\"><img loading=\"lazy\" decoding=\"async\" class=\"aligncenter size-full wp-image-1510\" alt=\"ment\" src=\"http:\/\/xarxaomnia.gencat.cat\/blocs\/omnialafont\/files\/2013\/11\/ment1.jpg\" width=\"512\" height=\"274\" srcset=\"https:\/\/bloc.xarxa-omnia.org\/omnialafont\/files\/2013\/11\/ment1.jpg 512w, https:\/\/bloc.xarxa-omnia.org\/omnialafont\/files\/2013\/11\/ment1-300x160.jpg 300w\" sizes=\"auto, (max-width: 512px) 100vw, 512px\" \/><\/a><\/p>\n<p>&nbsp;<\/p>\n<ul>\n<li><strong><span style=\"color: #000080\">Percepci\u00f3<\/span><\/strong><\/li>\n<\/ul>\n<p><a href=\"http:\/\/www.psicoactiva.com\/Juegos\/reverse\/reverse.htm\">Reverse<\/a><\/p>\n<p><a href=\"http:\/\/www.psicoactiva.com\/Juegos\/cuadrados\/cuadrados.htm\">Cuadrados<\/a><\/p>\n<p><a href=\"http:\/\/www.psicoactiva.com\/Juegos\/eliminador\/eliminador.htm\">Eliminador<\/a><\/p>\n<p><a href=\"http:\/\/www.psicoactiva.com\/juegos.htm\">Recull de jocs a Psicoactiva<\/a><\/p>\n<p><a href=\"http:\/\/www.xtec.cat\/~ivilater\/enlinia\/tetris\/neave_tetris.html\">Tetris<\/a><\/p>\n<p><a href=\"http:\/\/www.xtec.cat\/~ivilater\/enlinia\/pacman\/neave_pacman.html\">Pacman<\/a><\/p>\n<p><a href=\"http:\/\/www.xtec.cat\/~ivilater\/enlinia\/tictactoe\/neave_tictactoe.html\">Tres en ratlla<\/a><\/p>\n<p><a href=\"http:\/\/juegos.casualarena.com\/games-connect4.php\" target=\"_blank\">Connecta 4<\/a>\u00a0<span style=\"color: #ff6600\"><strong><em>(Nou!)<\/em><\/strong><\/span><\/p>\n<p><a href=\"http:\/\/www.juganding.com\/juegos\/jugar-gratis-conecta-5-2563.html\" target=\"_blank\">Connecta 5<\/a> <strong><em><span style=\"color: #ff6600\">(Nou!)<\/span><\/em><\/strong><\/p>\n<p>&nbsp;<\/p>\n<ul>\n<li><strong><span style=\"color: #000080\">Lectura i escriptura<\/span><\/strong><\/li>\n<\/ul>\n<p><a href=\"http:\/\/www.edu365.cat\/infantil\/endevinalles\/portada.htm\">Endevinalles<\/a><\/p>\n<p><a href=\"http:\/\/www.tv3.cat\/elgrandictat\/html\/joc\/\">El gran dictat (cal registre)<\/a><\/p>\n<p><a href=\"https:\/\/b29a5e5c-a-762df989-s-sites.googlegroups.com\/a\/genmagic.net\/pasapalabras-genmagic\/ferreteria-gandolfo-chivilcoy\/infantil\/abc-con-audio\/abc.swf?attachauth=ANoY7cr0NADYIdNAOkps8EncgTL3nVywa6N1GnGdx2sSltJnPSflnwVPZAqKcgndttG9sRxBfO-xpVXDYYrQS66GPFrIw9oeLY0lKkuuFTc3OIKinv4UiQyjY4UD5fX3BlkH0mx92xvljzdoc_XGWHX8fCPU46xAppxrrAQVicUb5h9IfHMSy4Vigv8gdkH93J3qqpfsdwk1E_mm_-XXikWTDz8nIvOY2PzD43enyfMoTHR9K91dow1KFHwRKI8XIOTCP_yWDfzPx8fpDD-1NyjXR20dh_Cd151tMpATCKHJZvaRrWh6T2o%3D&amp;attredirects=1\">Pasapalabra<\/a><\/p>\n<p><a href=\"http:\/\/www.xtec.cat\/~ivilater\/enlinia\/encreuats\/encreuats.html\">Mots encreuats<\/a><\/p>\n<p>&nbsp;<\/p>\n<ul>\n<li><span style=\"font-weight: bold;color: #000080\">Llenguatge<\/span><\/li>\n<\/ul>\n<p><a href=\"http:\/\/www.epasatiempos.es\/sopas-de-letras.php\" target=\"_blank\">Epasatiempos: Sopa de lletres<\/a>\u00a0<strong><em><span style=\"color: #ff6600\">(Nou!)<\/span><\/em><\/strong><\/p>\n<p><a href=\"http:\/\/www.rinconsolidario.org\/palabrasamigas\/pa\/juegos\/sopas\/temasopas.htm#\">Sopa de lletres<\/a><\/p>\n<p><a href=\"http:\/\/childtopia.com\/index.php?module=home&amp;func=juguemos&amp;juego=frases-1-00-0001&amp;idphpx=juegos-de-lengua\">Frases correctes<\/a><\/p>\n<p><a href=\"http:\/\/wellgames.com\/free_online\/wordz\/\">Ordena les lletres<\/a><\/p>\n<p><a href=\"http:\/\/childtopia.com\/index.php?module=home&amp;func=juguemos&amp;juego=dictado-1-00-0002&amp;idphpx=juegos-de-lengua\">Ordena les frases<\/a><\/p>\n<p><a href=\"http:\/\/www.juntadeandalucia.es\/averroes\/recursos_informaticos\/proyectos2004\/ale\/menup.html\">Vocabulari<\/a><\/p>\n<p>&nbsp;<\/p>\n<ul>\n<li><span style=\"color: #000080\"><strong>C\u00e0lcul<\/strong><\/span><\/li>\n<\/ul>\n<p><a href=\"http:\/\/www.epasatiempos.es\/tableros-matematicos.php\" target=\"_blank\">Epasatiempos: Taulells matem\u00e0tics<\/a>\u00a0<strong><em><span style=\"color: #ff6600\">(Nou!)<\/span><\/em><\/strong><\/p>\n<p><a title=\"http:\/\/www.thatquiz.org\/es\/\" href=\"http:\/\/www.thatquiz.org\/es\/\" target=\"_blank\">http:\/\/www.thatquiz.org\/es\/<\/a><\/p>\n<p><a href=\"http:\/\/calcular.chulojuegos.com\/\">Recull de jocs per calcular<\/a><\/p>\n<p><a href=\"http:\/\/www.pequejuegos.com\/jugar-calculo-mental.html\">Pissarra de c\u00e0lcul mental<\/a><\/p>\n<p><a href=\"http:\/\/www.vedoque.com\/juegos\/calculo-mental.swf\">Calcula amb Vedoque<\/a><\/p>\n<p><a href=\"http:\/\/latrola.net\/blok\/juego-de-calculo-mental-entrena-tu-cerebro-con-matematicas\">Math Attack<\/a><\/p>\n<p>&nbsp;<\/p>\n<ul>\n<li><strong><span style=\"color: #000080\">Praxias<\/span><\/strong><\/li>\n<\/ul>\n<p><a href=\"http:\/\/www.epasatiempos.es\/juegos-concentracion.php\" target=\"_blank\">Epasatiempos: Busca l&#8217;objecte que no es repeteix<\/a> <strong><em><span style=\"color: #ff6600\">(Nou!)\u00a0<\/span><\/em><\/strong><\/p>\n<p><a href=\"http:\/\/www.xtec.cat\/~jbuil\/tangram\/\">Tangram<\/a><\/p>\n<p><a href=\"http:\/\/thejigsawpuzzles.com\/\">Trencaclosques<\/a><\/p>\n<p><a href=\"http:\/\/www.pintar.cat\/dibuixos-per-pintar-de-mandala.html\">Mandales<\/a><\/p>\n<p><a href=\"http:\/\/neutralx0.net\/home\/mini04.html\">Reconeix els objectes<\/a><\/p>\n<p>&nbsp;<\/p>\n<ul>\n<li><strong><span style=\"color: #000080\">Funcions operatives<\/span><\/strong><\/li>\n<\/ul>\n<p><a href=\"http:\/\/www.juegosarea.com\/giraffe-above.html\">La girafa ha de menjar<\/a><\/p>\n<p><a href=\"http:\/\/www.misabueso.com\/juegos\/juegos-de-logica-y-memoria\/la-charca.htm\">La charca<\/a><\/p>\n<p><a href=\"http:\/\/www.misabueso.com\/juegos\/juegos-de-logica-y-memoria\/mastermind.htm\">Mastermind<\/a><\/p>\n<p><a href=\"http:\/\/multimedia.lacaixa.es\/lacaixa\/ondemand\/obrasocial\/juegosdememoria\/home_es.html\">L\u00f2gica<\/a><\/p>\n<p>&nbsp;<\/p>\n<ul>\n<li><span style=\"color: #3366ff\"><strong><span style=\"color: #000080\">Atenci\u00f3<\/span><\/strong><\/span><\/li>\n<\/ul>\n<p><a href=\"http:\/\/inteligencia.isladejuegos.es\/busca-las-diferencias-2.html\" target=\"_blank\">Busca les difer\u00e8ncies<\/a>\u00a0<strong><em><span style=\"color: #ff6600\">(Nou!)<\/span><\/em><\/strong><\/p>\n<p><a href=\"http:\/\/www.epasatiempos.es\/diferencias.php\" target=\"_blank\">Epasatiempos: difer\u00e8ncies<\/a> <strong><em><span style=\"color: #ff6600\">(Nou!)<\/span><\/em><\/strong><\/p>\n<p><a href=\"http:\/\/www.freewebarcade.com\/game\/5-differences\/\">5 difer\u00e8ncies<\/a><\/p>\n<p><a href=\"http:\/\/www.freewebarcade.com\/game\/6-differences\/\">6 difer\u00e8ncies<\/a><\/p>\n<p><a href=\"http:\/\/es.yy2k.com\/games\/Puzzle\/Kung_Fu_Panda_2_Find_The_Alphabets\/\">Busca l&#8217;alfabet<\/a><\/p>\n<p><a href=\"http:\/\/www.minijuegos.com\/juego\/unique\">Troba la figura diferent<\/a><\/p>\n<p><a href=\"http:\/\/www.psicoactiva.com\/juegos\/colores\/jg_col.htm\">Elimina les peces de colors<\/a><\/p>\n<p>&nbsp;<\/p>\n<ul>\n<li><span style=\"color: #3366ff\"><strong><span style=\"color: #000080\">Mem\u00f2ria<\/span><\/strong><\/span><\/li>\n<\/ul>\n<p><a href=\"http:\/\/www.megajocs.com\/jocs-de-memoria-memoria-numerica_play_439\">Mem\u00f2ria num\u00e8rica<\/a><\/p>\n<p><a href=\"http:\/\/www.gamesforthebrain.com\/game\/mastermind\/\">Mem\u00f2ria visual: quina \u00e9s la imatge nova?<\/a><\/p>\n<p><a href=\"http:\/\/multimedia.lacaixa.es\/lacaixa\/ondemand\/obrasocial\/juegosdememoria\/home_ca.html\">Mem\u00f2ria, l\u00f2gica i observaci\u00f3<\/a><\/p>\n<p><a href=\"http:\/\/www.gamesforthebrain.com\/game\/mastercards\/\">El memory<\/a><\/p>\n<p><a href=\"http:\/\/www.psicoactiva.com\/juegos\/rapidmem\/jg_memor.htm\">R\u00e0pid, n\u00fameros!<\/a><\/p>\n<p>&nbsp;<\/p>\n<ul>\n<li><span style=\"color: #000080\"><strong>Habilitat<\/strong><\/span><\/li>\n<\/ul>\n<p><a href=\"http:\/\/juegosxgratis.com\/Habilidad\/Catch-Me.htm\">http:\/\/juegosxgratis.com\/Habilidad\/Catch-Me.htm<\/a><\/p>\n<p><a href=\"http:\/\/www.redribera.es\/games\/juegos_de_Logica_6\" target=\"_blank\">http:\/\/www.redribera.es\/games\/juegos_de_Logica_6<\/a><\/p>\n<p>&nbsp;<\/p>\n<ul>\n<li><span style=\"color: #99cc00\"><strong><span style=\"color: #000080\">P\u00e0gines amb jocs variats per exercitar la ment<\/span><\/strong><\/span><\/li>\n<\/ul>\n<p><a href=\"http:\/\/es.scribd.com\/doc\/92284882\/Jocs-Per-Exercitar-Cervell\">Per exercitar el cervell<\/a><\/p>\n<p><a href=\"https:\/\/www.activalamente.com\/\">https:\/\/www.activalamente.com\/<\/a><\/p>\n<p><a href=\"http:\/\/www.madridsalud.es\/interactivos\/memoria\/memoria_menu2.php\">http:\/\/www.madridsalud.es\/interactivos\/memoria\/memoria_menu2.php<\/a><\/p>\n<p><a href=\"http:\/\/www.juntadeandalucia.es\/averroes\/recursos_informaticos\/proyectos2004\/ale\/menup.html\">http:\/\/www.juntadeandalucia.es\/averroes\/recursos_informaticos\/proyectos2004\/ale\/menup.html<\/a><\/p>\n<p><a href=\"http:\/\/www.gamesforthebrain.com\/\">Recull de jocs per al cervell<\/a><\/p>\n<p><a href=\"http:\/\/www.areaciencias.com\/Juegos-Brain-Training.htm\">http:\/\/www.areaciencias.com\/Juegos-Brain-Training.htm<\/a><\/p>\n<p><a href=\"http:\/\/www.jocsweb.cat\/index.php\">http:\/\/www.jocsweb.cat\/index.php<\/a><\/p>\n<p><a href=\"http:\/\/geropsic.blogspot.com.es\/2013\/03\/estimulacio-cognitiva-on-line.html\">Psicograns<\/a><\/p>\n<p><a href=\"http:\/\/janssencilag.entornodigital.com\/\">Entorno digital<\/a><\/p>\n<p>&nbsp;<\/p>\n<ul>\n<li><span style=\"color: #3366ff\"><strong><span style=\"color: #000080\">Mapes interactius<\/span><\/strong><\/span><\/li>\n<\/ul>\n<p><a title=\"http:\/\/mapasinteractivos.didactalia.net\/comunidad\/mapasflashinteractivos\" href=\"http:\/\/mapasinteractivos.didactalia.net\/comunidad\/mapasflashinteractivos\">http:\/\/mapasinteractivos.didactalia.net\/comunidad\/mapasflashinteractivos<\/a><\/p>\n<p>&nbsp;<\/p>\n<p><span style=\"color: #ff6600;font-weight: bold\">L\u00e0mines d&#8217;estimulaci\u00f3 (per imprimir)<\/span><\/p>\n<p><a href=\"http:\/\/xarxaomnia.gencat.cat\/blocs\/omnialafont\/files\/2011\/09\/Activ_1_casa.pdf\">C\u00e0lcul<\/a><\/p>\n<p><a href=\"http:\/\/xarxaomnia.gencat.cat\/blocs\/omnialafont\/files\/2011\/09\/Activ_2_casa.pdf\">C\u00e0lcul<\/a><\/p>\n<p><a href=\"http:\/\/xarxaomnia.gencat.cat\/blocs\/omnialafont\/files\/2011\/09\/Activ_3_casa.pdf\">Sopa de lletres<\/a><\/p>\n<p><a href=\"http:\/\/xarxaomnia.gencat.cat\/blocs\/omnialafont\/files\/2011\/09\/Activ_4_casa.pdf\">Sopa de n\u00fameros<\/a><\/p>\n<p><a href=\"http:\/\/xarxaomnia.gencat.cat\/blocs\/omnialafont\/files\/2013\/03\/Recull_Activ.pdf\">9 l\u00e0mines variades<\/a><\/p>\n","protected":false},"excerpt":{"rendered":"<p>&nbsp; Percepci\u00f3 Reverse Cuadrados Eliminador Recull de jocs a Psicoactiva Tetris Pacman Tres en ratlla Connecta 4\u00a0(Nou!) Connecta 5 (Nou!) &nbsp; Lectura i escriptura Endevinalles El gran dictat (cal registre) Pasapalabra Mots encreuats &nbsp; Llenguatge Epasatiempos: Sopa de lletres\u00a0(Nou!) Sopa de lletres Frases correctes Ordena les lletres Ordena les frases Vocabulari &nbsp; C\u00e0lcul Epasatiempos: Taulells [&hellip;]<\/p>\n","protected":false},"author":139,"featured_media":0,"parent":0,"menu_order":6,"comment_status":"closed","ping_status":"closed","template":"","meta":{"footnotes":""},"class_list":["post-876","page","type-page","status-publish","czr-hentry"],"_links":{"self":[{"href":"https:\/\/bloc.xarxa-omnia.org\/omnialafont\/wp-json\/wp\/v2\/pages\/876","targetHints":{"allow":["GET"]}}],"collection":[{"href":"https:\/\/bloc.xarxa-omnia.org\/omnialafont\/wp-json\/wp\/v2\/pages"}],"about":[{"href":"https:\/\/bloc.xarxa-omnia.org\/omnialafont\/wp-json\/wp\/v2\/types\/page"}],"author":[{"embeddable":true,"href":"https:\/\/bloc.xarxa-omnia.org\/omnialafont\/wp-json\/wp\/v2\/users\/139"}],"replies":[{"embeddable":true,"href":"https:\/\/bloc.xarxa-omnia.org\/omnialafont\/wp-json\/wp\/v2\/comments?post=876"}],"version-history":[{"count":42,"href":"https:\/\/bloc.xarxa-omnia.org\/omnialafont\/wp-json\/wp\/v2\/pages\/876\/revisions"}],"predecessor-version":[{"id":1511,"href":"https:\/\/bloc.xarxa-omnia.org\/omnialafont\/wp-json\/wp\/v2\/pages\/876\/revisions\/1511"}],"wp:attachment":[{"href":"https:\/\/bloc.xarxa-omnia.org\/omnialafont\/wp-json\/wp\/v2\/media?parent=876"}],"curies":[{"name":"wp","href":"https:\/\/api.w.org\/{rel}","templated":true}]}}