{"id":957,"date":"2013-04-18T13:46:50","date_gmt":"2013-04-18T11:46:50","guid":{"rendered":"http:\/\/xarxaomnia.gencat.cat\/blocs\/omnialafont\/?page_id=957"},"modified":"2014-07-02T18:42:05","modified_gmt":"2014-07-02T16:42:05","slug":"manuals","status":"publish","type":"page","link":"https:\/\/bloc.xarxa-omnia.org\/omnialafont\/manuals\/","title":{"rendered":"Manuals"},"content":{"rendered":"<p><strong><span style=\"color: #ff6600\">Manuals i tutorials<\/span><\/strong><\/p>\n<p style=\"text-align: justify\"><span style=\"color: #ff6600\">Tot seguit us presentem els manuals que s&#8217;utilitzen als tallers d&#8217;inform\u00e0tica del Punt \u00d2mnia. Cliqueu al t\u00edtol i s&#8217;obrir\u00e0:<\/span><\/p>\n<p style=\"text-align: justify\"><a href=\"http:\/\/xarxaomnia.gencat.cat\/blocs\/omnialafont\/files\/2013\/04\/TUTORIAL-B\u00c1SICO-OPENSHOT.pdf\">Tutorial b\u00e0sic Openshot (editor de v\u00eddeos)<\/a><\/p>\n<p style=\"text-align: justify\"><a href=\"http:\/\/xarxaomnia.gencat.cat\/blocs\/omnialafont\/files\/2013\/04\/01_Nube_funciones_DRIVE.pdf\">Apunts sobre les funcions de Drive (Gmail)<\/a><\/p>\n<p style=\"text-align: justify\"><a href=\"http:\/\/xarxaomnia.gencat.cat\/blocs\/omnialafont\/files\/2013\/04\/02_Nube_funciones_ONEDRIVE.pdf\">Apunts sobre les funcions de OneDrive (Outlook)<\/a><\/p>\n<p style=\"text-align: justify\"><span style=\"color: #3366ff\"><a href=\"http:\/\/xarxaomnia.gencat.cat\/blocs\/omnialafont\/files\/2013\/04\/05_Ordinador_i_parts.pdf\">Manual &#8220;L&#8217;ordinador i les seves parts&#8221;<\/a><\/span><\/p>\n<p style=\"text-align: justify\"><a href=\"http:\/\/articulos.softonic.com\/como-resolver-cualquier-problema-informatico-o-casi\">Article &#8220;C\u00f3mo resolver cualquier problema inform\u00e1tico (o casi)&#8221;<\/a><\/p>\n<p style=\"text-align: justify\"><a href=\"http:\/\/articulos.softonic.com\/como-descargar-instalar-desinstalar-programas\">Article &#8220;C\u00f3mo descargar e instalar programas&#8221;<\/a><\/p>\n<p style=\"text-align: justify\"><span style=\"color: #0000ff\"><a href=\"http:\/\/xarxaomnia.gencat.cat\/blocs\/omnialafont\/files\/2013\/04\/Manual_Picmonkey.pdf\">Manual_Picmonkey<\/a><\/span><\/p>\n<p style=\"text-align: justify\"><a href=\"http:\/\/xarxaomnia.gencat.cat\/blocs\/omnialafont\/files\/2013\/04\/Manual_Google_Earth1.pdf\">Manual Google Earth<\/a> (programa amb el que podr\u00e0s realitzar un viatge virtual a qualsevol lloc del m\u00f3n).<\/p>\n<p><a href=\"http:\/\/xarxaomnia.gencat.cat\/blocs\/omnialafont\/files\/2013\/04\/Manual_Com-fer-una-fotografia_1rapart1.pdf\">Manual Com fer una fotografia 1ra part<\/a>.<em> Elaborat per Anna Pujol.<\/em><\/p>\n<p><a href=\"http:\/\/xarxaomnia.gencat.cat\/blocs\/omnialafont\/files\/2013\/04\/Manual_Com-fer-una-fotografia_2napart.pdf\">Manual Com fer una fotografia 2na part<\/a>. <em>Elaborat per Anna Pujol.<\/em><\/p>\n<p><a href=\"http:\/\/xarxaomnia.gencat.cat\/blocs\/omnialafont\/files\/2013\/04\/Manual_Pixlr_editor.pdf\">Manual_Pixlr_editor<\/a> <em>(editor avan\u00e7at de fotografies en l\u00ednia i gratu\u00eft)<\/em><\/p>\n<p><a href=\"http:\/\/xarxaomnia.gencat.cat\/blocs\/omnialafont\/files\/2013\/04\/MANUAL_pixlr_express1.pdf\">MANUAL Pixlr express<\/a> <em>(editor eficient de fotografies en l\u00ednia i gratu\u00eft)<\/em><\/p>\n<p><a href=\"http:\/\/xarxaomnia.gencat.cat\/blocs\/omnialafont\/files\/2013\/04\/MANUAL_pixlr_omatic.pdf\">Manual_pixlr_omatic<\/a> <em>(senzill programa per posar efectes a les fotografies en l\u00ednia i gratu\u00eft)<\/em><\/p>\n<p><a href=\"http:\/\/xarxaomnia.gencat.cat\/blocs\/omnialafont\/files\/2013\/04\/Manual_correu_electr\u00f2nic.pdf\">Manual Correu electr\u00f2nic<\/a><\/p>\n<p><a href=\"http:\/\/xarxaomnia.gencat.cat\/blocs\/omnialafont\/files\/2013\/04\/Com_cercar_Google.pdf\">Com cercar amb Google<\/a><\/p>\n<p><a href=\"http:\/\/xarxaomnia.gencat.cat\/blocs\/omnialafont\/files\/2013\/04\/Manual_descarregar_cam\u00e8ra.pdf\">Manual Com descarregar la c\u00e0mera de fotos<\/a><\/p>\n<p><a href=\"http:\/\/xarxaomnia.gencat.cat\/blocs\/omnialafont\/files\/2013\/04\/Manual_power_point.pdf\">Manual Power Point<\/a><\/p>\n<p><a href=\"http:\/\/xarxaomnia.gencat.cat\/blocs\/omnialafont\/files\/2013\/04\/Manual_Movie_maker.pdf\">Manual Movie Maker<\/a><\/p>\n<p><a href=\"http:\/\/xarxaomnia.gencat.cat\/blocs\/omnialafont\/files\/2013\/04\/Manual_processador_textos1.pdf\">Manual_processador_textos<\/a><\/p>\n<p style=\"text-align: justify\"><span style=\"color: #ff6600\">A les seg\u00fcents p\u00e0gines web tamb\u00e9 podeu cercar manuals, tutorials i explicacions de diferents programes i t\u00e8cniques: <\/span><\/p>\n<p><a href=\"www.cibernarium.cat\">Cibern\u00e0rium<\/a><\/p>\n<p><a href=\"http:\/\/www.cuadernointercultural.com\/tic-tools\/generadores-online\/\">Cuaderno intercultural<\/a><\/p>\n<p><a href=\"http:\/\/www.xelu.net\/html\/materials\/materials_fitxa.php?materials_ID=9&amp;idioma=catala\">Xelu<\/a><\/p>\n<p><a href=\"http:\/\/www.livemanual.info\/\">Livemanual<\/a><\/p>\n","protected":false},"excerpt":{"rendered":"<p>Manuals i tutorials Tot seguit us presentem els manuals que s&#8217;utilitzen als tallers d&#8217;inform\u00e0tica del Punt \u00d2mnia. Cliqueu al t\u00edtol i s&#8217;obrir\u00e0: Tutorial b\u00e0sic Openshot (editor de v\u00eddeos) Apunts sobre les funcions de Drive (Gmail) Apunts sobre les funcions de OneDrive (Outlook) Manual &#8220;L&#8217;ordinador i les seves parts&#8221; Article &#8220;C\u00f3mo resolver cualquier problema inform\u00e1tico (o [&hellip;]<\/p>\n","protected":false},"author":139,"featured_media":0,"parent":0,"menu_order":4,"comment_status":"closed","ping_status":"closed","template":"","meta":{"footnotes":""},"class_list":["post-957","page","type-page","status-publish","czr-hentry"],"_links":{"self":[{"href":"https:\/\/bloc.xarxa-omnia.org\/omnialafont\/wp-json\/wp\/v2\/pages\/957","targetHints":{"allow":["GET"]}}],"collection":[{"href":"https:\/\/bloc.xarxa-omnia.org\/omnialafont\/wp-json\/wp\/v2\/pages"}],"about":[{"href":"https:\/\/bloc.xarxa-omnia.org\/omnialafont\/wp-json\/wp\/v2\/types\/page"}],"author":[{"embeddable":true,"href":"https:\/\/bloc.xarxa-omnia.org\/omnialafont\/wp-json\/wp\/v2\/users\/139"}],"replies":[{"embeddable":true,"href":"https:\/\/bloc.xarxa-omnia.org\/omnialafont\/wp-json\/wp\/v2\/comments?post=957"}],"version-history":[{"count":26,"href":"https:\/\/bloc.xarxa-omnia.org\/omnialafont\/wp-json\/wp\/v2\/pages\/957\/revisions"}],"predecessor-version":[{"id":1478,"href":"https:\/\/bloc.xarxa-omnia.org\/omnialafont\/wp-json\/wp\/v2\/pages\/957\/revisions\/1478"}],"wp:attachment":[{"href":"https:\/\/bloc.xarxa-omnia.org\/omnialafont\/wp-json\/wp\/v2\/media?parent=957"}],"curies":[{"name":"wp","href":"https:\/\/api.w.org\/{rel}","templated":true}]}}