{"id":10,"date":"2007-12-04T19:42:29","date_gmt":"2007-12-04T18:42:29","guid":{"rendered":"http:\/\/xarxaomnia.gencat.cat\/blocs\/plaformacio\/antecedents\/any-2005"},"modified":"2008-01-22T10:59:56","modified_gmt":"2008-01-22T09:59:56","slug":"any-2005","status":"publish","type":"page","link":"https:\/\/bloc.xarxa-omnia.org\/plaformacio\/antecedents\/any-2005","title":{"rendered":"Any 2005"},"content":{"rendered":"<p>El Pla de formaci\u00f3 2005 va seguir la mateixa l\u00ednia que el 2004 pel que fa a diversitat de m\u00f2duls que contemplaven tant aspectes t\u00e8cnics com metodol\u00f2gics que es volien apropar cada cop m\u00e9s a les necessitats i demandes formatives.<br \/>\nCom a novetat de l&#8217;any 2005, i amb l&#8217;objectiu d&#8217;unir esfor\u00e7os i recursos, la <a href=\"http:\/\/www.gencat.net\/governacio-ap\/ACCIO_CIUTADANA\/index.htm\">Direcci\u00f3 General d&#8217;Actuacions Comunit\u00e0ries i C\u00edviques<\/a> va assumir el finan\u00e7ament i la gesti\u00f3 dels m\u00f2duls metodol\u00f2gics, mentre que la <a href=\"http:\/\/www10.gencat.net\/dursi\/AppJava\/home.jsp?area=3\">Secretaria de Telecomunicacions i Societat de la Informaci\u00f3<\/a> la dels m\u00f2duls t\u00e8cnics.<\/p>\n<p>El Pla de Formaci\u00f3 va continuar coordinat i supervisat per la Comissi\u00f3 de Formaci\u00f3 de l&#8217;\u00d2mnia, que s&#8217;encarregava d&#8217;establir els criteris del pla i d&#8217;aprovar els m\u00f2duls. Aquesta comissi\u00f3 estava integrada per les tres Fundacions Coordinadores (<a href=\"http:\/\/www.fundaciofias.org\/\">FIAS<\/a>, <a href=\"http:\/\/www.peretarres.org\/\">FPT<\/a> i <a href=\"http:\/\/www.esplai.org\/index.htm\">FCE<\/a>), el <a href=\"http:\/\/teb.ravalnet.org\/\">TEB<\/a>, la <a href=\"http:\/\/www10.gencat.net\/dursi\/AppJava\/home.jsp?area=3\">Secretaria de Telecomunicacions<\/a> i <a href=\"http:\/\/www.gencat.net\/governacio-ap\/ACCIO_CIUTADANA\/index.htm\">Societat de la Informaci\u00f3 i la Direcci\u00f3 General d&#8217;Actuacions Comunit\u00e0ries i C\u00edviques<\/a>.<br \/>\nParal\u00b7lelament, la Secretaria de Telecomunicacions i Societat de la Informaci\u00f3 independentment del Pla de Formaci\u00f3 espec\u00edfic per l&#8217;\u00d2mnia i per tant no obligatori, va oferir al llarg del 2005 diferents cursos dirigits a tots els dinamitzadors de les tres comunitats (ciutadania, teletreball i \u00f2mnia).<\/p>\n<h3>Criteris d&#8217;inscripci\u00f3<\/h3>\n<p>Obligatori fer dos m\u00f2duls formatius.<br \/>\nObligatori fer un m\u00f2dul t\u00e8cnic i un m\u00f2dul metodol\u00f2gic.<br \/>\nPer la realitzaci\u00f3 del m\u00f2dul era necessari un m\u00ednim de 12 persones inscrites.<br \/>\nSi un m\u00f2dul no superava els 12 inscrits, es notificava a trav\u00e9s de la Fundaci\u00f3 Coordinadora i s&#8217;hauria d&#8217;escollir un altre m\u00f2dul.<br \/>\nEls m\u00f2duls metodol\u00f2gics constaven de 12 hores, totes elles presencials.<br \/>\nEls m\u00f2duls t\u00e8cnics eren de 25 a 30 hores, de les quals hi havia dues sessions presencials (una al principi i l&#8217;altre al final) i la resta on-line.<\/p>\n<h3>Programa <a href=\"http:\/\/xarxa-omnia.org\/coordinacio\/plaformacio\/antecedents\/2005\/calendari2005.pdf\">Veure el calendari<\/a><img decoding=\"async\" src=\"http:\/\/xarxaomnia.gencat.cat\/blocs\/plaformacio\/files\/7_2005.gif\" align=\"right\" hspace=\"5\" vspace=\"5\" width=\"150\" \/><\/h3>\n<p align=\"left\"><a href=\"http:\/\/xarxa-omnia.org\/coordinacio\/pla2005\/moduls\/modul1\/\">M\u00f2dul 1. Alfabetitzaci\u00f3 Digital<\/a><br \/>\n<a href=\"http:\/\/xarxaomnia.gencat.cat\/blocs\/plaformacio\/?page_id=33\">M\u00f2dul 2. Introducci\u00f3 al Programari Lliure<\/a><br \/>\n<a href=\"http:\/\/xarxa-omnia.org\/coordinacio\/pla2005\/moduls\/modul3\/\">M\u00f2dul 3. Inserci\u00f3 Sociolaboral<\/a><br \/>\n<a href=\"http:\/\/xarxa-omnia.org\/coordinacio\/pla2005\/moduls\/modul4\/\">M\u00f2dul 4. Metodologia amb infants i joves<\/a><br \/>\n<a href=\"http:\/\/xarxaomnia.gencat.cat\/blocs\/plaformacio\/?page_id=34\">M\u00f2dul 5. Curs pr\u00e0ctic d&#8217;aplicacions al programari lliure<\/a><br \/>\n<a href=\"http:\/\/xarxaomnia.gencat.cat\/blocs\/plaformacio\/?page_id=35\">M\u00f2dul 6. Espai d&#8217;acollida i treball amb els nou ve\u00efns i ve\u00efnes<\/a><br \/>\n<a href=\"http:\/\/xarxaomnia.gencat.cat\/blocs\/plaformacio\/?page_id=36\">M\u00f2dul 7. Obtenci\u00f3, edici\u00f3 i utilitzaci\u00f3 d&#8217;imatges digitals<\/a><\/p>\n<p><a href=\"http:\/\/xarxa-omnia.org\/coordinacio\/pla2005\/\">Web del pla de formaci\u00f3 2005.<\/a><\/p>\n","protected":false},"excerpt":{"rendered":"<p>El Pla de formaci\u00f3 2005 va seguir la mateixa l\u00ednia que el 2004 pel que fa a diversitat de m\u00f2duls que contemplaven tant aspectes t\u00e8cnics com metodol\u00f2gics que es volien apropar cada cop m\u00e9s a les necessitats i demandes formatives. Com a novetat de l&#8217;any 2005, i amb l&#8217;objectiu d&#8217;unir esfor\u00e7os i recursos, la Direcci\u00f3 [&hellip;]<\/p>\n","protected":false},"author":1,"featured_media":0,"parent":9,"menu_order":1,"comment_status":"closed","ping_status":"closed","template":"","meta":{"ngg_post_thumbnail":0,"footnotes":""},"class_list":["post-10","page","type-page","status-publish","hentry"],"_links":{"self":[{"href":"https:\/\/bloc.xarxa-omnia.org\/plaformacio\/wp-json\/wp\/v2\/pages\/10","targetHints":{"allow":["GET"]}}],"collection":[{"href":"https:\/\/bloc.xarxa-omnia.org\/plaformacio\/wp-json\/wp\/v2\/pages"}],"about":[{"href":"https:\/\/bloc.xarxa-omnia.org\/plaformacio\/wp-json\/wp\/v2\/types\/page"}],"author":[{"embeddable":true,"href":"https:\/\/bloc.xarxa-omnia.org\/plaformacio\/wp-json\/wp\/v2\/users\/1"}],"replies":[{"embeddable":true,"href":"https:\/\/bloc.xarxa-omnia.org\/plaformacio\/wp-json\/wp\/v2\/comments?post=10"}],"version-history":[{"count":0,"href":"https:\/\/bloc.xarxa-omnia.org\/plaformacio\/wp-json\/wp\/v2\/pages\/10\/revisions"}],"up":[{"embeddable":true,"href":"https:\/\/bloc.xarxa-omnia.org\/plaformacio\/wp-json\/wp\/v2\/pages\/9"}],"wp:attachment":[{"href":"https:\/\/bloc.xarxa-omnia.org\/plaformacio\/wp-json\/wp\/v2\/media?parent=10"}],"curies":[{"name":"wp","href":"https:\/\/api.w.org\/{rel}","templated":true}]}}