{"id":156,"date":"2009-12-01T18:39:40","date_gmt":"2009-12-01T17:39:40","guid":{"rendered":"http:\/\/xarxaomnia.gencat.cat\/blocs\/plaformacio\/?page_id=156"},"modified":"2010-03-11T17:52:52","modified_gmt":"2010-03-11T16:52:52","slug":"modul-4-etica-aplicada-a-l%e2%80%99us-social-de-la-informatica-25-hores","status":"publish","type":"page","link":"https:\/\/bloc.xarxa-omnia.org\/plaformacio\/pla-destudis\/edicio-2010\/modul-4-etica-aplicada-a-l%e2%80%99us-social-de-la-informatica-25-hores","title":{"rendered":"M\u00f2dul 4.- \u00c8tica aplicada a l\u2019\u00fas social de la inform\u00e0tica (25 hores)"},"content":{"rendered":"<p><strong>DOCENT: David Pic\u00f3<\/strong><\/p>\n<p><strong>OBJECTIUS<\/strong><br \/>\n&#8211; Reflexionar sobre el projecte \u00d2mnia i l\u2019\u00fas social de la inform\u00e0tica.<br \/>\n&#8211; Aprofundir en la figura del dinamitzador, el seu perfil i les seves funcions.<br \/>\n&#8211; Analitzar que significa l\u2019anomenada bretxa digital.<br \/>\n&#8211; Aprofundir sobre que es i com funciona Internet.<br \/>\n&#8211; Analitzar els continguts presents a Internet i els seus usos.<br \/>\n&#8211; Con\u00e8ixer i analitzar el concepte de la propietat intel\u0097\u00b7lectual<br \/>\n&#8211; Descobrir i analitzar i el model de software lliure i les seves implicacions a la cultura i la societat.<br \/>\n&#8211; Afavorir l\u2019\u00fas actiu i conscient de les TIC.<\/p>\n<p><strong>CONTINGUTS<\/strong><br \/>\nA partir de deu interrogants es plantejar\u00e0 una reflexi\u00f3 sobre els diferents elements presents al nostre projecte i a l&#8217;\u00fas social de les TIC:<br \/>\n&#8211; La figura del dinamitzador: perfil, funcions i accions.<br \/>\n&#8211; El projecte \u00d2mnia: objectius i l\u00ednies de treball<br \/>\n&#8211; Bretxa digital<br \/>\n&#8211; Internet, el seu us i els seus continguts<br \/>\n&#8211; Propietat intel\u0097lectual<br \/>\n&#8211; Software, cultura i societat lliure<br \/>\n&#8211; Punt \u00d2mnia 2.0<\/p>\n<p><strong>METODOLOGIA<\/strong><br \/>\nCada sessi\u00f3 estar\u00e0 dividida en dos parts i cada una d&#8217;ella es plantejaran un interrogant per iniciar un treball reflexi\u00f3 on trobar les claus sobre els diferents aspectes de la nostra acci\u00f3 dins el projecte.<br \/>\nCada sessi\u00f3 contar\u00e0 amb din\u00e0miques concretes per afavorir aquesta reflexi\u00f3, la posada en com\u00fa i la creaci\u00f3 (tant com sigui possible) de unes conclusions a partir de les quals poder continuar treballant.<br \/>\nEs comptar\u00e0 amb material per escrit dels temes presentats al m\u00f2dul, material multim\u00e8dia (presentacions, v\u00eddeos,&#8230;), textos seleccionats per afavorir la reflexi\u00f3 i aprofundir en ella i una plana web on poder continuar el treball un cop acabat fins i tot el m\u00f2dul.<\/p>\n<p><strong>RESULTATS<\/strong><br \/>\n&#8211; La creaci\u00f3 de un espai on es podr\u00e0 analitzar, reflexionar i compartir tots aquells aspectes mes abstractes de la nostra acci\u00f3 del dia a dia dintre del projecte \u00d2mnia.<br \/>\n&#8211; Descobrir les implicacions que tenen aquesta acci\u00f3 i l\u2019\u00fas de les TIC.<br \/>\n&#8211; Aquest m\u00f2dul tamb\u00e9 planteja com una reflexi\u00f3 continuada sobre el projecte, la figura del dinamitzador i l\u2019an\u00e0lisi de l\u2019\u00fas social de les TIC<\/p>\n<p><strong>AVALUACI\u00d3 PREVISTA<\/strong><br \/>\nEs tracta de un m\u00f2dul complex de avaluar donat el seu car\u00e0cter m\u00e9s reflexiu i de participaci\u00f3.<br \/>\nPer\u00f2 definirem tres aspectes:<br \/>\n\u00b7 S\u2019avaluar\u00e0 la participaci\u00f3 en els espais de treball i reflexi\u00f3 i a les din\u00e0miques que es<br \/>\nplantegen per cada interrogant.<br \/>\n\u00b7 Hi ha din\u00e0miques que generaran materials i conclusions, l&#8217;entrega d&#8217;aquests materials<br \/>\ntamb\u00e9 ser\u00e0 un altre element a avaluar.<br \/>\n\u00b7 L\u2019\u00faltim punt del m\u00f2dul permet un espai d&#8217;autoavaluaci\u00f3 que tamb\u00e9 pot servir per<br \/>\nreflexionar en l\u2019 aprofitament del curs.<\/p>\n","protected":false},"excerpt":{"rendered":"<p>DOCENT: David Pic\u00f3 OBJECTIUS &#8211; Reflexionar sobre el projecte \u00d2mnia i l\u2019\u00fas social de la inform\u00e0tica. &#8211; Aprofundir en la figura del dinamitzador, el seu perfil i les seves funcions. &#8211; Analitzar que significa l\u2019anomenada bretxa digital. &#8211; Aprofundir sobre que es i com funciona Internet. &#8211; Analitzar els continguts presents a Internet i els [&hellip;]<\/p>\n","protected":false},"author":61,"featured_media":0,"parent":141,"menu_order":4,"comment_status":"closed","ping_status":"closed","template":"","meta":{"ngg_post_thumbnail":0,"footnotes":""},"class_list":["post-156","page","type-page","status-publish","hentry"],"_links":{"self":[{"href":"https:\/\/bloc.xarxa-omnia.org\/plaformacio\/wp-json\/wp\/v2\/pages\/156","targetHints":{"allow":["GET"]}}],"collection":[{"href":"https:\/\/bloc.xarxa-omnia.org\/plaformacio\/wp-json\/wp\/v2\/pages"}],"about":[{"href":"https:\/\/bloc.xarxa-omnia.org\/plaformacio\/wp-json\/wp\/v2\/types\/page"}],"author":[{"embeddable":true,"href":"https:\/\/bloc.xarxa-omnia.org\/plaformacio\/wp-json\/wp\/v2\/users\/61"}],"replies":[{"embeddable":true,"href":"https:\/\/bloc.xarxa-omnia.org\/plaformacio\/wp-json\/wp\/v2\/comments?post=156"}],"version-history":[{"count":4,"href":"https:\/\/bloc.xarxa-omnia.org\/plaformacio\/wp-json\/wp\/v2\/pages\/156\/revisions"}],"predecessor-version":[{"id":236,"href":"https:\/\/bloc.xarxa-omnia.org\/plaformacio\/wp-json\/wp\/v2\/pages\/156\/revisions\/236"}],"up":[{"embeddable":true,"href":"https:\/\/bloc.xarxa-omnia.org\/plaformacio\/wp-json\/wp\/v2\/pages\/141"}],"wp:attachment":[{"href":"https:\/\/bloc.xarxa-omnia.org\/plaformacio\/wp-json\/wp\/v2\/media?parent=156"}],"curies":[{"name":"wp","href":"https:\/\/api.w.org\/{rel}","templated":true}]}}