{"id":161,"date":"2009-12-01T18:47:20","date_gmt":"2009-12-01T17:47:20","guid":{"rendered":"http:\/\/xarxaomnia.gencat.cat\/blocs\/plaformacio\/?page_id=161"},"modified":"2010-03-11T17:56:22","modified_gmt":"2010-03-11T16:56:22","slug":"modul-6-edicio-digital-i-30-hores","status":"publish","type":"page","link":"https:\/\/bloc.xarxa-omnia.org\/plaformacio\/pla-destudis\/edicio-2010\/modul-6-edicio-digital-i-30-hores","title":{"rendered":"M\u00f2dul 6.- Edici\u00f3 Digital I (30 hores)"},"content":{"rendered":"<p><strong>DOCENT: Toni Dom\u00e8nech<\/strong><\/p>\n<p><strong>OBJECTIUS<\/strong><br \/>\n\u00b7 Realitzar un primer contacte amb l&#8217;edici\u00f3 digital i les seves aplicacions pr\u00e0ctiques als Punts \u00d2mnia.<br \/>\n\u00b7 Treballar els usos avan\u00e7ats dels programes anomenats d&#8217;Ofim\u00e0tica aix\u00ed com l&#8217;\u00fas creatiu dels mateixos.<br \/>\n\u00b7 Realitzar presentacions multim\u00e8dia.<br \/>\n\u00b7 Presentar els conceptes b\u00e0sics sobre la imatge digital.<br \/>\n\u00b7 Con\u00e8ixer els usos b\u00e0sics de les eines d&#8217;edici\u00f3 d\u2019imatge digital.<br \/>\n\u00b7 Treballar els tractaments b\u00e0sics d\u2019imatge digital i aprofundir-hi per afavorir els usos creatius dels mateixos.<br \/>\n\u00b7 Utilitzar els dispositius de captura d&#8217;imatge de qu\u00e8 disposen els Punts \u00d2mnia.<br \/>\n\u00b7 Realitzar un primer contacte amb el tractament de so i v\u00eddeo i exercitar-lo.<\/p>\n<p><strong>CONTINGUTS<\/strong><br \/>\n\u00b7 Ofim\u00e0tica avan\u00e7ada:<br \/>\n\u00b7 \u00das de taules i llistes al processador de textos<br \/>\n\u00b7 \u00das pr\u00e0ctic de fulls de c\u00e0lcul i base de dades<br \/>\n\u00b7 Combinaci\u00f3 de bases de dades amb documents de textos<br \/>\n\u00b7 Creaci\u00f3 de presentacions<br \/>\n\u00b7 \u00das pr\u00e0ctic de les presentacions<br \/>\n\u00b7 \u00das creatiu de les presentacions<br \/>\n\u00b7 Tractament de la imatge digital:<br \/>\n\u00b7 Fonaments de la imatge digital<br \/>\n\u00b7 Conceptes b\u00e0sics de la imatge digital<br \/>\n\u00b7 Formats i tipus d&#8217;arxiu<br \/>\n\u00b7 \u00das dels programes d&#8217;edici\u00f3 d\u2019imatges (MS Paint, Paint Shop pro i Gimp)<br \/>\n\u00b7 \u00das de l\u2019esc\u00e0ner, webcam i c\u00e0mera digital<br \/>\n\u00b7 Tractament b\u00e0sic de la imatge digital<br \/>\n\u00b7 \u00das del tractament de la imatge digital<br \/>\n\u00b7 \u00das creatiu de l\u2019esc\u00e0ner, la webcam i la c\u00e0mera digital<br \/>\n\u00b7 Tractament creatiu de la imatge digital<br \/>\n\u00b7 \u00das creatiu del tractament d\u2019imatge<br \/>\n\u00b7 Introducci\u00f3 a la creaci\u00f3 multim\u00e8dia: so i v\u00eddeo<br \/>\n\u00b7 Fonaments del tractament del so<br \/>\n\u00b7 Conceptes b\u00e0sics del so<br \/>\n\u00b7 Formats i tipus d&#8217;arxiu<br \/>\n\u00b7 \u00das de programes d&#8217;edici\u00f3 de so<br \/>\n\u00b7 Fonaments del tractament del v\u00eddeo<br \/>\n\u00b7 Conceptes b\u00e0sics del v\u00eddeo<br \/>\n\u00b7 Formats i tipus d&#8217;arxiu<br \/>\n\u00b7 \u00das de programes d&#8217;edici\u00f3 de v\u00eddeo<br \/>\n\u00b7 \u00das pr\u00e0ctic de la creaci\u00f3 multim\u00e8dia<\/p>\n<p><strong>METODOLOGIA<\/strong><br \/>\nLes sessions seran de caire pr\u00e0ctic i es potenciar\u00e0 l\u2019\u00fas dels coneixements impartits i la realitzaci\u00f3 d&#8217;exercicis (tant al aula com al Punt \u00d2mnia de cada participant). Tamb\u00e9 es reservar\u00e0 temps per a la visualitzaci\u00f3 i valoraci\u00f3 dels exercicis realitzats.<br \/>\nS\u2019assolir\u00e0 una base te\u00f2rica sobre els continguts del m\u00f2dul i es facilitar\u00e0 una bibliografia per a poder aprofundir en els mateixos.<\/p>\n<p><strong>RESULTATS<\/strong><br \/>\nEls alumnes, un cop finalitzat el m\u00f2dul, seran capa\u00e7os de realitzar aplicacions pr\u00e0ctiques de l\u2019edici\u00f3 digital en els propis Punts \u00d2mnia, a trav\u00e9s de:<br \/>\n\u00b7 L\u2019\u00fas de l\u2019ofim\u00e0tica a nivell avan\u00e7at<br \/>\n\u00b7 El tractament de la imatge digital i el seu \u00fas creatiu<br \/>\n\u00b7 L\u2019\u00fas de programes de creaci\u00f3 multim\u00e8dia de so i v\u00eddeo<\/p>\n<p><strong>AVALUACI\u00d3 PREVISTA<\/strong><br \/>\nSer\u00e0 doble:<br \/>\n&#8211; D&#8217;una banda es valorar\u00e0 el seguiment de les classes i l&#8217;assist\u00e8ncia no en termes de sessions sin\u00f3 d&#8217;hores, havent d\u2019acomplir el 80% del total.<br \/>\n&#8211; D&#8217;una altra banda el m\u00f2dul finalitzar\u00e0 amb una prova te\u00f2rica de valoraci\u00f3 dels coneixements obtinguts.<\/p>\n","protected":false},"excerpt":{"rendered":"<p>DOCENT: Toni Dom\u00e8nech OBJECTIUS \u00b7 Realitzar un primer contacte amb l&#8217;edici\u00f3 digital i les seves aplicacions pr\u00e0ctiques als Punts \u00d2mnia. \u00b7 Treballar els usos avan\u00e7ats dels programes anomenats d&#8217;Ofim\u00e0tica aix\u00ed com l&#8217;\u00fas creatiu dels mateixos. \u00b7 Realitzar presentacions multim\u00e8dia. \u00b7 Presentar els conceptes b\u00e0sics sobre la imatge digital. \u00b7 Con\u00e8ixer els usos b\u00e0sics de les [&hellip;]<\/p>\n","protected":false},"author":61,"featured_media":0,"parent":141,"menu_order":6,"comment_status":"closed","ping_status":"closed","template":"","meta":{"ngg_post_thumbnail":0,"footnotes":""},"class_list":["post-161","page","type-page","status-publish","hentry"],"_links":{"self":[{"href":"https:\/\/bloc.xarxa-omnia.org\/plaformacio\/wp-json\/wp\/v2\/pages\/161","targetHints":{"allow":["GET"]}}],"collection":[{"href":"https:\/\/bloc.xarxa-omnia.org\/plaformacio\/wp-json\/wp\/v2\/pages"}],"about":[{"href":"https:\/\/bloc.xarxa-omnia.org\/plaformacio\/wp-json\/wp\/v2\/types\/page"}],"author":[{"embeddable":true,"href":"https:\/\/bloc.xarxa-omnia.org\/plaformacio\/wp-json\/wp\/v2\/users\/61"}],"replies":[{"embeddable":true,"href":"https:\/\/bloc.xarxa-omnia.org\/plaformacio\/wp-json\/wp\/v2\/comments?post=161"}],"version-history":[{"count":4,"href":"https:\/\/bloc.xarxa-omnia.org\/plaformacio\/wp-json\/wp\/v2\/pages\/161\/revisions"}],"predecessor-version":[{"id":237,"href":"https:\/\/bloc.xarxa-omnia.org\/plaformacio\/wp-json\/wp\/v2\/pages\/161\/revisions\/237"}],"up":[{"embeddable":true,"href":"https:\/\/bloc.xarxa-omnia.org\/plaformacio\/wp-json\/wp\/v2\/pages\/141"}],"wp:attachment":[{"href":"https:\/\/bloc.xarxa-omnia.org\/plaformacio\/wp-json\/wp\/v2\/media?parent=161"}],"curies":[{"name":"wp","href":"https:\/\/api.w.org\/{rel}","templated":true}]}}