{"id":163,"date":"2009-12-01T18:52:57","date_gmt":"2009-12-01T17:52:57","guid":{"rendered":"http:\/\/xarxaomnia.gencat.cat\/blocs\/plaformacio\/?page_id=163"},"modified":"2010-05-05T15:50:53","modified_gmt":"2010-05-05T14:50:53","slug":"modul-7-manteniment-de-sistemes-avancat-programari-25-hores","status":"publish","type":"page","link":"https:\/\/bloc.xarxa-omnia.org\/plaformacio\/pla-destudis\/edicio-2010\/modul-7-manteniment-de-sistemes-avancat-programari-25-hores","title":{"rendered":"M\u00f2dul 7.- Manteniment de sistemes avan\u00e7at (programari) (25 hores)"},"content":{"rendered":"<p><strong>DOCENT: Gabriel Gonz\u00e1lez <\/strong><\/p>\n<p><strong>OBJECTIUS<\/strong><br \/>\n\u00b7 Con\u00e8ixer opcions d&#8217;administraci\u00f3 i configuraci\u00f3 dels sistemes operatius Windows XP i GNU\/Linux.<br \/>\n\u00b7 Con\u00e8ixer diferents eines a nivell de programari que permetin donar resposta a necessitats com ara:<br \/>\no fer c\u00f2pies de seguretat automatitzades<br \/>\no estar protegit enfront a amenaces com virus, troians, spyware, i malware en general..<br \/>\no recuperar informaci\u00f3 esborrada accidentalment<br \/>\no gestionar particions i unitats virtuals<br \/>\no instal\u0097lar sistemes en mem\u00f2ries USB<br \/>\no fer servir sistemes operatius virtualitzats.<br \/>\n\u00b7 Con\u00e8ixer programari que facilita la gesti\u00f3 de la utilitzaci\u00f3 que fan els usuaris del punt de les m\u00e0quines.<br \/>\n\u00b7 Con\u00e8ixer programari i maquinari que faciliti l&#8217;acc\u00e9s a l&#8217;ordinador a persones amb discapacitat<\/p>\n<p><strong>CONTINGUTS<\/strong><br \/>\n\u00b7 Administraci\u00f3 del sistema operatiu Microsoft Windows XP<br \/>\no Gesti\u00f3 d&#8217;usuaris<br \/>\no El registre de Windows<br \/>\no Eines de neteja del sistema<br \/>\no Actualitzacions i Services Pack.<br \/>\no Administraci\u00f3 de dispositius<br \/>\no Qu\u00e8 fer si hem perdut la contrasenya<br \/>\no Nivells d&#8217;arrencada del sistema<br \/>\no Sistemes d&#8217;arxius<br \/>\n\u00b7 Administraci\u00f3 del sistema operatiu GNU\/Linux Ubuntu<br \/>\no Men\u00fa Sistema i eines gr\u00e0fiques d&#8217;administraci\u00f3<br \/>\no Sistema i Gesti\u00f3 d&#8217;arxius<br \/>\no Compartir arxius amb Windows amb Samba<br \/>\no Treballant amb la terminal<br \/>\no Actualitzaci\u00f3 del sistema<br \/>\no Arrencada del sistema, el GRUB.<br \/>\n\u00b7 Altres opcions d&#8217;instal\u0097laci\u00f3 del sistema operatiu<br \/>\no m\u00e0quines virtuals<br \/>\no el nostre sistema a un Pendrive<br \/>\no altres distribucions de GNU\/Linux: Linkat.<br \/>\n\u00b7 Protecci\u00f3 de la informaci\u00f3<br \/>\no Automatitzaci\u00f3 de c\u00f2pies de seguretat<br \/>\no Restauraci\u00f3 del sistema a Windows<br \/>\no Recuperar informaci\u00f3 esborrada o perduda al disc dur, una mem\u00f2ria flash..<br \/>\no Virus i malware<br \/>\no Certificats digitals<br \/>\no Control parental<br \/>\n\u00b7 Recursos d&#8217;accessibilitat per usuaris amb discapacitat<br \/>\no ajudes t\u00e8cniques a nivell de programari i maquinari<br \/>\no programari pel treball amb persones amb discapacitat intel\u0097lectual<\/p>\n<p><strong>METODOLOGIA<\/strong><br \/>\nLa metodologia combinar\u00e0 l&#8217;exposici\u00f3 te\u00f2rica amb l&#8217;aplicaci\u00f3 pr\u00e0ctica dels continguts explicats amb una orientaci\u00f3 molt centrada en la realitat espec\u00edfica dels punts \u00d2mnia, ja que part de la formaci\u00f3 es realitzar\u00e0 en un aula del projecte.<\/p>\n<p><strong>RESULTATS<\/strong><br \/>\nEn finalitzar el m\u00f2dul els alumnes coneixeran diferents opcions de configuraci\u00f3 i administraci\u00f3 avan\u00e7ades dels sistemes Windows XP i GNU\/Linux Ubuntu, aix\u00ed com eines de protecci\u00f3 del sistema i de la seva informaci\u00f3 digital i diferents recursos pel treball amb persones amb<br \/>\ndiscapacitat.<\/p>\n<p><strong>RESULTATS<\/strong><br \/>\nEn finalitzar el m\u00f2dul els alumnes coneixeran diferents opcions de configuraci\u00f3 i administraci\u00f3 avan\u00e7ades dels sistemes Windows XP i GNU\/Linux Ubuntu, aix\u00ed com eines de protecci\u00f3 del sistema i de la seva informaci\u00f3 digital i diferents recursos pel treball amb persones amb<br \/>\ndiscapacitat.<\/p>\n<p><strong>AVALUACI\u00d3 PREVISTA<\/strong><br \/>\nSer\u00e0 doble:<br \/>\n&#8211;\u00a0 D&#8217;una banda es valorar\u00e0 el seguiment de les classes i l&#8217;assist\u00e8ncia no en termes de sessions sin\u00f3 d&#8217;hores, havent d\u2019acomplir el 80% del total.<br \/>\n&#8211;\u00a0 D&#8217;una altra banda el m\u00f2dul finalitzar\u00e0 amb una prova te\u00f2rica de valoraci\u00f3 dels coneixements obtinguts.<\/p>\n","protected":false},"excerpt":{"rendered":"<p>DOCENT: Gabriel Gonz\u00e1lez OBJECTIUS \u00b7 Con\u00e8ixer opcions d&#8217;administraci\u00f3 i configuraci\u00f3 dels sistemes operatius Windows XP i GNU\/Linux. \u00b7 Con\u00e8ixer diferents eines a nivell de programari que permetin donar resposta a necessitats com ara: o fer c\u00f2pies de seguretat automatitzades o estar protegit enfront a amenaces com virus, troians, spyware, i malware en general.. o recuperar [&hellip;]<\/p>\n","protected":false},"author":61,"featured_media":0,"parent":141,"menu_order":7,"comment_status":"closed","ping_status":"closed","template":"","meta":{"ngg_post_thumbnail":0,"footnotes":""},"class_list":["post-163","page","type-page","status-publish","hentry"],"_links":{"self":[{"href":"https:\/\/bloc.xarxa-omnia.org\/plaformacio\/wp-json\/wp\/v2\/pages\/163","targetHints":{"allow":["GET"]}}],"collection":[{"href":"https:\/\/bloc.xarxa-omnia.org\/plaformacio\/wp-json\/wp\/v2\/pages"}],"about":[{"href":"https:\/\/bloc.xarxa-omnia.org\/plaformacio\/wp-json\/wp\/v2\/types\/page"}],"author":[{"embeddable":true,"href":"https:\/\/bloc.xarxa-omnia.org\/plaformacio\/wp-json\/wp\/v2\/users\/61"}],"replies":[{"embeddable":true,"href":"https:\/\/bloc.xarxa-omnia.org\/plaformacio\/wp-json\/wp\/v2\/comments?post=163"}],"version-history":[{"count":5,"href":"https:\/\/bloc.xarxa-omnia.org\/plaformacio\/wp-json\/wp\/v2\/pages\/163\/revisions"}],"predecessor-version":[{"id":238,"href":"https:\/\/bloc.xarxa-omnia.org\/plaformacio\/wp-json\/wp\/v2\/pages\/163\/revisions\/238"}],"up":[{"embeddable":true,"href":"https:\/\/bloc.xarxa-omnia.org\/plaformacio\/wp-json\/wp\/v2\/pages\/141"}],"wp:attachment":[{"href":"https:\/\/bloc.xarxa-omnia.org\/plaformacio\/wp-json\/wp\/v2\/media?parent=163"}],"curies":[{"name":"wp","href":"https:\/\/api.w.org\/{rel}","templated":true}]}}