{"id":165,"date":"2009-12-01T18:54:45","date_gmt":"2009-12-01T17:54:45","guid":{"rendered":"http:\/\/xarxaomnia.gencat.cat\/blocs\/plaformacio\/?page_id=165"},"modified":"2010-03-11T17:57:51","modified_gmt":"2010-03-11T16:57:51","slug":"modul-8-edicio-digital-2-tecnologies-metodologies-i-estrategies-d%e2%80%99edicio-digital-amb-eines-web","status":"publish","type":"page","link":"https:\/\/bloc.xarxa-omnia.org\/plaformacio\/pla-destudis\/edicio-2010\/modul-8-edicio-digital-2-tecnologies-metodologies-i-estrategies-d%e2%80%99edicio-digital-amb-eines-web","title":{"rendered":"M\u00f2dul 8.- Edici\u00f3 Digital 2: tecnologies, metodologies i estrat\u00e8gies d\u2019edici\u00f3 digital amb eines web (30 Hores)"},"content":{"rendered":"<p><strong>DOCENT:\u00a0 David Gateu<\/strong><\/p>\n<p><strong>OBJECTIUS<\/strong><br \/>\n\u00b7 Aprofundir en l\u2019Edici\u00f3 digital, la publicaci\u00f3 de material multim\u00e8dia.<br \/>\n\u00b7 Editar una micro web amb Nvu, standarts web.W3c<br \/>\n\u00b7 Treballar la navegabilitat i usabilitat<br \/>\n\u00b7 Utilitzar estils css per maquetar l&#8217;aspecte de les nostres webs.<br \/>\n\u00b7 Con\u00e8ixer les web&#8217;s de tercera generaci\u00f3<\/p>\n<p><strong>CONTINGUTS<\/strong><br \/>\n(S\u2019adapten a les novetats d\u2019 Internet)<br \/>\n\u00b7 Qu\u00e8 es el llenguatge html,<br \/>\n\u00b7 Est\u00e0ndards web: W3C.<br \/>\n\u00b7 Navegabilitat, usabilitat i altres aspectes te\u00f2rics.<br \/>\n\u00b7 L&#8217;\u00fas d&#8217;estils css per maquetar l&#8217;aspecte de les nostres webs.<br \/>\n\u00b7 Les web&#8217;s de nova generaci\u00f3:<br \/>\n\u00b7 blog&#8217;s<br \/>\n\u00b7 Galeries d&#8217;imatges<br \/>\n\u00b7 Wiki&#8217;s<br \/>\n\u00b7 La web \u00d2mnia<br \/>\n\u00b7 Plataformes de formaci\u00f3 on-line<br \/>\n\u00b7 Repositoris i recursos educatius:<\/p>\n<p><strong>METODOLOGIA I RESULTATS<\/strong><br \/>\nLes sis sessions recorren el m\u00e8tode cient\u00edfic de la investigaci\u00f3 analitzant el l\u2019objecte d&#8217;estudi.<br \/>\nEl proc\u00e9s d\u2019aprenentatge est\u00e0 dividit en 6 fases que es corresponen als 6 dies de durada del m\u00f2dul:<\/p>\n<p>1. Diagn\u00f2stic inicial , qui som? que tenim? que fem? Com ho fem?<br \/>\n2. An\u00e0lisi de plataformes, els llenguatges de edici\u00f3 web, i els recursos on-line. (Css)<br \/>\n3. An\u00e0lisi de m\u00e8todes de treball<br \/>\n4. Construcci\u00f3 d&#8217;una proposta de treball<br \/>\n5. Treball on s\u2019aplica el que hem proposat<br \/>\n6. Avaluaci\u00f3 del que hem fet i conclusions<br \/>\nPer saber-ne una mica m\u00e9s dels grups d&#8217;aprenentatge.<br \/>\n\u00b7 Comunitats d&#8217;aprenentatge<\/p>\n<p><strong>AVALUACI\u00d3<\/strong><br \/>\nEs tracta de un m\u00f2dul complex de avaluar donat el seu car\u00e0cter m\u00e9s reflexiu i de participaci\u00f3.<br \/>\nPer\u00f2 definirem tres aspectes:<br \/>\n\u00b7 S\u2019avaluar\u00e0 la participaci\u00f3 en els espais de treball i reflexi\u00f3 i a les din\u00e0miques que es plantegen per cada interrogant.<br \/>\n\u00b7 Hi ha din\u00e0miques que generaran materials i conclusions, que caldr\u00e0\u00a1a desar als llocs indicats.<br \/>\n\u00b7 L\u2019\u00faltim punt del m\u00f2dul permet un espai d&#8217;autoavaluaci\u00f3 que tamb\u00e9 pot servir per reflexionar en el aprofitament del curs.<\/p>\n","protected":false},"excerpt":{"rendered":"<p>DOCENT:\u00a0 David Gateu OBJECTIUS \u00b7 Aprofundir en l\u2019Edici\u00f3 digital, la publicaci\u00f3 de material multim\u00e8dia. \u00b7 Editar una micro web amb Nvu, standarts web.W3c \u00b7 Treballar la navegabilitat i usabilitat \u00b7 Utilitzar estils css per maquetar l&#8217;aspecte de les nostres webs. \u00b7 Con\u00e8ixer les web&#8217;s de tercera generaci\u00f3 CONTINGUTS (S\u2019adapten a les novetats d\u2019 Internet) \u00b7 [&hellip;]<\/p>\n","protected":false},"author":61,"featured_media":0,"parent":141,"menu_order":8,"comment_status":"closed","ping_status":"closed","template":"","meta":{"ngg_post_thumbnail":0,"footnotes":""},"class_list":["post-165","page","type-page","status-publish","hentry"],"_links":{"self":[{"href":"https:\/\/bloc.xarxa-omnia.org\/plaformacio\/wp-json\/wp\/v2\/pages\/165","targetHints":{"allow":["GET"]}}],"collection":[{"href":"https:\/\/bloc.xarxa-omnia.org\/plaformacio\/wp-json\/wp\/v2\/pages"}],"about":[{"href":"https:\/\/bloc.xarxa-omnia.org\/plaformacio\/wp-json\/wp\/v2\/types\/page"}],"author":[{"embeddable":true,"href":"https:\/\/bloc.xarxa-omnia.org\/plaformacio\/wp-json\/wp\/v2\/users\/61"}],"replies":[{"embeddable":true,"href":"https:\/\/bloc.xarxa-omnia.org\/plaformacio\/wp-json\/wp\/v2\/comments?post=165"}],"version-history":[{"count":5,"href":"https:\/\/bloc.xarxa-omnia.org\/plaformacio\/wp-json\/wp\/v2\/pages\/165\/revisions"}],"predecessor-version":[{"id":180,"href":"https:\/\/bloc.xarxa-omnia.org\/plaformacio\/wp-json\/wp\/v2\/pages\/165\/revisions\/180"}],"up":[{"embeddable":true,"href":"https:\/\/bloc.xarxa-omnia.org\/plaformacio\/wp-json\/wp\/v2\/pages\/141"}],"wp:attachment":[{"href":"https:\/\/bloc.xarxa-omnia.org\/plaformacio\/wp-json\/wp\/v2\/media?parent=165"}],"curies":[{"name":"wp","href":"https:\/\/api.w.org\/{rel}","templated":true}]}}