{"id":2,"date":"2007-12-04T13:49:13","date_gmt":"2007-12-04T12:49:13","guid":{"rendered":""},"modified":"2011-02-18T14:20:46","modified_gmt":"2011-02-18T13:20:46","slug":"quant-a","status":"publish","type":"page","link":"https:\/\/bloc.xarxa-omnia.org\/plaformacio\/quant-a","title":{"rendered":"Qu\u00e8 \u00e9s el curs d&#8217;extensi\u00f3 universit\u00e0ria?"},"content":{"rendered":"<p><img loading=\"lazy\" decoding=\"async\" src=\"http:\/\/xarxaomnia.gencat.cat\/blocs\/plaformacio\/files\/1_presentacio.jpg\" mce_src=\"http:\/\/xarxaomnia.gencat.cat\/blocs\/plaformacio\/files\/1_presentacio.jpg\" alt=\"\" align=\"right\" height=\"243\" hspace=\"15\" vspace=\"15\" width=\"259\"><\/p>\n<p>El <b>Curs d\u2019Extensi\u00f3 Universit\u00e0ria de Dinamitzaci\u00f3 i Educaci\u00f3 en l\u2019\u00fas social de les TIC<\/b> \u00e9s una iniciativa de la Direcci\u00f3 General d\u2019Acci\u00f3 Comunit\u00e0ria, fruit d\u2019un treball compartit amb un grup de dinamitzadors i dinamitzadores per a elaborar el perfil professional d\u2019aquest col\u00b7lectiu i establir les seves necessitats formatives.<\/p>\n<p>Aquest curs d\u2019Extensi\u00f3 Universit\u00e0ria, reconegut i certificat per les Escoles Universit\u00e0ries de Treball Social i Educaci\u00f3 Social de la Universitat Ramon LLull, es va posar en marxa l\u2019any 2006 amb el comprom\u00eds, per part de la Direcci\u00f3 General d\u2019Acci\u00f3 Comunit\u00e0ria, de fer-ne dues edicions.<\/p>\n<p>La primera edici\u00f3 es va dur a terme durant els anys 2006 i 2007 i la segona finalitzar\u00e0 l\u2019any 2009. Amb la realitzaci\u00f3 de dues edicions es volia facilitar que les persones poguessin tenir fins a quatre anys per a completar els 8 m\u00f2duls formatius per a obtenir el Certificat d\u2019Extensi\u00f3 Universit\u00e0ria.<\/p>\n<p>A dia d\u2019avui 20 dinamitzadors i dinamitzadores han assolit la certificaci\u00f3 i a d\u2019altres els hi manca molt poc per obtenir-la. Per tal de facilitar-ho durant l\u2019any 2010, \u00e9s far\u00e0 la totalitat dels m\u00f2duls, igual que en l&#8217;edici\u00f3 de 2009. El 2010 finalitza aquesta formaci\u00f3.<\/p>\n<p><!-- \t\t@page { size: 21cm 29.7cm; margin: 2cm } \t\tP { margin-bottom: 0.21cm } \t--><\/p>\n<p><b>Aquests s\u00f3n:<\/b><\/p>\n<ul>\n<li>M\u00f2dul 1. T\u00e8cniques i recursos per al treball amb persones, grups i col\u00b7lectius<\/li>\n<li>M\u00f2dul 2.  Did\u00e0ctiques i metodologies aplicades al treball amb les TIC<\/li>\n<li>M\u00f2dul 3. La gesti\u00f3 de projectes educatius<\/li>\n<li>M\u00f2dul 4. \u00c8tica aplicada a la inform\u00e0tica<\/li>\n<li>M\u00f2dul 5. Manteniment de sistemes I (maquinari)<\/li>\n<li>M\u00f2dul 6. Manteniment de sistemes II (programari)<\/li>\n<li>M\u00f2dul 7. Edici\u00f3 digital I<\/li>\n<li>M\u00f2dul 8. Creaci\u00f3 digital II<\/li>\n<\/ul>\n","protected":false},"excerpt":{"rendered":"<p>El Curs d\u2019Extensi\u00f3 Universit\u00e0ria de Dinamitzaci\u00f3 i Educaci\u00f3 en l\u2019\u00fas social de les TIC \u00e9s una iniciativa de la Direcci\u00f3 General d\u2019Acci\u00f3 Comunit\u00e0ria, fruit d\u2019un treball compartit amb un grup de dinamitzadors i dinamitzadores per a elaborar el perfil professional d\u2019aquest col\u00b7lectiu i establir les seves necessitats formatives. Aquest curs d\u2019Extensi\u00f3 Universit\u00e0ria, reconegut i certificat [&hellip;]<\/p>\n","protected":false},"author":1,"featured_media":0,"parent":0,"menu_order":1,"comment_status":"open","ping_status":"open","template":"","meta":{"ngg_post_thumbnail":0,"footnotes":""},"class_list":["post-2","page","type-page","status-publish","hentry"],"_links":{"self":[{"href":"https:\/\/bloc.xarxa-omnia.org\/plaformacio\/wp-json\/wp\/v2\/pages\/2","targetHints":{"allow":["GET"]}}],"collection":[{"href":"https:\/\/bloc.xarxa-omnia.org\/plaformacio\/wp-json\/wp\/v2\/pages"}],"about":[{"href":"https:\/\/bloc.xarxa-omnia.org\/plaformacio\/wp-json\/wp\/v2\/types\/page"}],"author":[{"embeddable":true,"href":"https:\/\/bloc.xarxa-omnia.org\/plaformacio\/wp-json\/wp\/v2\/users\/1"}],"replies":[{"embeddable":true,"href":"https:\/\/bloc.xarxa-omnia.org\/plaformacio\/wp-json\/wp\/v2\/comments?post=2"}],"version-history":[{"count":7,"href":"https:\/\/bloc.xarxa-omnia.org\/plaformacio\/wp-json\/wp\/v2\/pages\/2\/revisions"}],"predecessor-version":[{"id":340,"href":"https:\/\/bloc.xarxa-omnia.org\/plaformacio\/wp-json\/wp\/v2\/pages\/2\/revisions\/340"}],"wp:attachment":[{"href":"https:\/\/bloc.xarxa-omnia.org\/plaformacio\/wp-json\/wp\/v2\/media?parent=2"}],"curies":[{"name":"wp","href":"https:\/\/api.w.org\/{rel}","templated":true}]}}