{"id":47,"date":"2007-12-17T12:49:47","date_gmt":"2007-12-17T11:49:47","guid":{"rendered":"http:\/\/xarxaomnia.gencat.cat\/blocs\/plaformacio\/credits"},"modified":"2007-12-17T12:49:47","modified_gmt":"2007-12-17T11:49:47","slug":"credits","status":"publish","type":"page","link":"https:\/\/bloc.xarxa-omnia.org\/plaformacio\/credits","title":{"rendered":"Cr\u00e8dits"},"content":{"rendered":"<p>Aquest web est\u00e0 impulsat per la Secretaria d&#8217;Acci\u00f3 Ciutadana i per la Secretaria de Telecomunicacions i Societat de la Informaci\u00f3 del <a href=\"http:\/\/www.gencat.net\/governacio-ap\/index.htm\">Departament de Governaci\u00f3 i Administracions P\u00fabliques<\/a>.<\/p>\n<p>El disseny i el desenvolupament d&#8217;aquest web ha anat a c\u00e0rrec de l&#8217;<a href=\"http:\/\/teb.ravalnet.org\/\">Associaci\u00f3 per a Joves TEB<\/a>.<\/p>\n","protected":false},"excerpt":{"rendered":"<p>Aquest web est\u00e0 impulsat per la Secretaria d&#8217;Acci\u00f3 Ciutadana i per la Secretaria de Telecomunicacions i Societat de la Informaci\u00f3 del Departament de Governaci\u00f3 i Administracions P\u00fabliques. El disseny i el desenvolupament d&#8217;aquest web ha anat a c\u00e0rrec de l&#8217;Associaci\u00f3 per a Joves TEB.<\/p>\n","protected":false},"author":64,"featured_media":0,"parent":0,"menu_order":0,"comment_status":"closed","ping_status":"closed","template":"","meta":{"ngg_post_thumbnail":0,"footnotes":""},"class_list":["post-47","page","type-page","status-publish","hentry"],"_links":{"self":[{"href":"https:\/\/bloc.xarxa-omnia.org\/plaformacio\/wp-json\/wp\/v2\/pages\/47","targetHints":{"allow":["GET"]}}],"collection":[{"href":"https:\/\/bloc.xarxa-omnia.org\/plaformacio\/wp-json\/wp\/v2\/pages"}],"about":[{"href":"https:\/\/bloc.xarxa-omnia.org\/plaformacio\/wp-json\/wp\/v2\/types\/page"}],"author":[{"embeddable":true,"href":"https:\/\/bloc.xarxa-omnia.org\/plaformacio\/wp-json\/wp\/v2\/users\/64"}],"replies":[{"embeddable":true,"href":"https:\/\/bloc.xarxa-omnia.org\/plaformacio\/wp-json\/wp\/v2\/comments?post=47"}],"version-history":[{"count":0,"href":"https:\/\/bloc.xarxa-omnia.org\/plaformacio\/wp-json\/wp\/v2\/pages\/47\/revisions"}],"wp:attachment":[{"href":"https:\/\/bloc.xarxa-omnia.org\/plaformacio\/wp-json\/wp\/v2\/media?parent=47"}],"curies":[{"name":"wp","href":"https:\/\/api.w.org\/{rel}","templated":true}]}}