{"id":9,"date":"2007-12-04T19:42:02","date_gmt":"2007-12-04T18:42:02","guid":{"rendered":"http:\/\/xarxaomnia.gencat.cat\/blocs\/plaformacio\/antecedents"},"modified":"2011-02-18T14:40:30","modified_gmt":"2011-02-18T13:40:30","slug":"antecedents","status":"publish","type":"page","link":"https:\/\/bloc.xarxa-omnia.org\/plaformacio\/antecedents","title":{"rendered":"Edicions per anys"},"content":{"rendered":"<p><img decoding=\"async\" src=\"http:\/\/xarxaomnia.gencat.cat\/blocs\/plaformacio\/files\/6_antecedents.jpg\" alt=\"\" hspace=\"5\" vspace=\"5\" width=\"150\" align=\"left\" \/>Des dels seus inicis el 1999, el projecte de la Xarxa \u00d2mnia ha volgut que les noves tecnologies fossin un mitj\u00e0 de millora i promoci\u00f3 de les persones i un element de participaci\u00f3 i afavoridor de la cohesi\u00f3 social. Per aquest motiu esdevenia imprescindible la pres\u00e8ncia d&#8217;un professional en els punts \u00d2mnia, amb capacitat dinamitzadora i amb coneixements socials i t\u00e8cnics. En aquells moments trobar professionals que reunissin aquest perfil en la seva totalitat era complicat, ja que el m\u00f3n social i el tecnol\u00f2gic, fins al moment, anaven separats.<\/p>\n<p>Aquesta introducci\u00f3 de les tecnologies de la informaci\u00f3 i la comunicaci\u00f3 com a eina de treball social i educatiu va generar la necessitat de donar suport formatiu a aquests nous professionals, els dinamitzadors i les dinamitzadores del projecte \u00d2mnia.<\/p>\n<p>Al llarg d&#8217;aquests anys, s&#8217;ha passat per diverses etapes.<\/p>\n<p>En un inici, la formaci\u00f3 que s&#8217;oferia als dinamitzadors era nom\u00e9s en el camp de les TIC, per\u00f2 amb el creixement del projecte i la seva consolidaci\u00f3 com a projecte social es va veure necessari la introducci\u00f3 d&#8217;aspectes metodol\u00f2gics en el camp social i educatiu.<\/p>\n<p>La formaci\u00f3 i l&#8217;experi\u00e8ncia van ajudar a anar dibuixant cada vegada m\u00e9s aquesta figura professional, fins al punt que aquest model va ser incorporat per altres projectes d&#8217;altres organitzacions. Arribat aquest moment es feia necessari donar un pas m\u00e9s, un salt qualitatiu en la formaci\u00f3 dels dinamitzadors del projecte \u00d2mnia.<\/p>\n<p>I aquest pas endavant es va fer a finals de l&#8217;any 2005 regularitzant la formaci\u00f3 en format de Curs d&#8217;Extensi\u00f3 Universit\u00e0ria, per tal de donar i fer visible el valor que t\u00e9 tot el treball realitzat i alhora atorgar un reconeixement als dinamitzadors i dinamitzadores que fan que l&#8217;\u00d2mnia avanci dia a dia.<\/p>\n<p>Per tal de definir els continguts que havien de formar aquest curs era necessari fer una prospecci\u00f3 pr\u00e8via sobre el tipus i nivell formatiu dels dinamitzadors, aix\u00ed com l&#8217;experi\u00e8ncia en els camps socioeducatiu, associatiu i de les TIC, i les necessitats formatives d&#8217;aquest col\u00b7lectiu.<\/p>\n<p>Una part d&#8217;aquest proc\u00e9s es va realitzar mitjan\u00e7ant un q\u00fcestionari, i l&#8217;altra part mitjan\u00e7ant un grup de treball format majoritariament per professionals en actiu de la Xarxa \u00d2mnia. A partir de tres sessions de treball es va anar definint el perfil del dinamitzador \u00f2mnia, aix\u00ed com les mat\u00e8ries, tem\u00e0tiques i continguts que calia contemplar en la formaci\u00f3 oferta.<\/p>\n<p>Per concloure tot el proc\u00e9s la direcci\u00f3 General d&#8217;Acci\u00f3 Comunit\u00e0ria va presentar el nou pla de formaci\u00f3 durant la Jornada \u00d2mnia de 2005, el qual es plasma en un <strong>Curs d&#8217;Extensi\u00f3 Universit\u00e0ria de dinamitzaci\u00f3 i educaci\u00f3 en l&#8217;\u00fas social de les TIC<\/strong>, reconegut i certificat per les Escoles Universit\u00e0ries de Treball Social i Educaci\u00f3 Social Pere Tarr\u00e9s de la Universitat Ramon Llull.<\/p>\n","protected":false},"excerpt":{"rendered":"<p>Des dels seus inicis el 1999, el projecte de la Xarxa \u00d2mnia ha volgut que les noves tecnologies fossin un mitj\u00e0 de millora i promoci\u00f3 de les persones i un element de participaci\u00f3 i afavoridor de la cohesi\u00f3 social. Per aquest motiu esdevenia imprescindible la pres\u00e8ncia d&#8217;un professional en els punts \u00d2mnia, amb capacitat dinamitzadora [&hellip;]<\/p>\n","protected":false},"author":1,"featured_media":0,"parent":0,"menu_order":12,"comment_status":"closed","ping_status":"closed","template":"","meta":{"ngg_post_thumbnail":0,"footnotes":""},"class_list":["post-9","page","type-page","status-publish","hentry"],"_links":{"self":[{"href":"https:\/\/bloc.xarxa-omnia.org\/plaformacio\/wp-json\/wp\/v2\/pages\/9","targetHints":{"allow":["GET"]}}],"collection":[{"href":"https:\/\/bloc.xarxa-omnia.org\/plaformacio\/wp-json\/wp\/v2\/pages"}],"about":[{"href":"https:\/\/bloc.xarxa-omnia.org\/plaformacio\/wp-json\/wp\/v2\/types\/page"}],"author":[{"embeddable":true,"href":"https:\/\/bloc.xarxa-omnia.org\/plaformacio\/wp-json\/wp\/v2\/users\/1"}],"replies":[{"embeddable":true,"href":"https:\/\/bloc.xarxa-omnia.org\/plaformacio\/wp-json\/wp\/v2\/comments?post=9"}],"version-history":[{"count":4,"href":"https:\/\/bloc.xarxa-omnia.org\/plaformacio\/wp-json\/wp\/v2\/pages\/9\/revisions"}],"predecessor-version":[{"id":341,"href":"https:\/\/bloc.xarxa-omnia.org\/plaformacio\/wp-json\/wp\/v2\/pages\/9\/revisions\/341"}],"wp:attachment":[{"href":"https:\/\/bloc.xarxa-omnia.org\/plaformacio\/wp-json\/wp\/v2\/media?parent=9"}],"curies":[{"name":"wp","href":"https:\/\/api.w.org\/{rel}","templated":true}]}}