{"id":1071,"date":"2013-01-31T17:48:51","date_gmt":"2013-01-31T15:48:51","guid":{"rendered":"http:\/\/xarxaomnia.gencat.cat\/blocs\/omniaavvpomar\/?page_id=1071"},"modified":"2013-07-30T13:32:01","modified_gmt":"2013-07-30T11:32:01","slug":"el-receptari-de-cuina","status":"publish","type":"page","link":"https:\/\/bloc.xarxa-omnia.org\/pomar\/el-receptari-de-cuina\/","title":{"rendered":"El receptari de cuina"},"content":{"rendered":"<p><strong>Les noves receptes&#8230;<\/strong><\/p>\n<p><strong>CANALONES<\/strong> (Maribel Fontau)<\/p>\n<p>Un pollo<br \/>\nDos cajas de canalones el pavo<br \/>\n300 de carne picada<br \/>\nUna cebolla<br \/>\nUn pimiento<br \/>\n4 ajos<br \/>\nUn litro de leche<br \/>\n3 cucharadas soperas de harina<br \/>\n1 cucharada de tomate<br \/>\n50 gramos de mantequilla<br \/>\nQueso rallado<br \/>\nNuez moscada <\/p>\n<p>Se corta el pollo a trozo, se pone en una cazuela. se le echa la cebolla, el pimiento y los ajos y se pone a cocer.<br \/>\nSe tritura todo el pollo con el sofrito y se le a\u00f1ade el tomate<br \/>\nPoner los canalones en una cazuela  a hervir con agua, sal y aceite. En un cuenco redondo con agua fr\u00eda  echar los canalones y poner  a escurrir sobre un mantel  y rellenar y poner en la bandeja untada de  mantequilla y colocar los canalones<br \/>\nHacer con la leche en un cazo la mantequilla, la harina y la nuez moscada  una bechamel y echar encima de los canalones y poner el queso rallado por encima    <\/p>\n<p><strong>Tortilla de patata  a la paisana<br \/>\n<\/strong> (Adela Callej\u00f3n)<\/p>\n<p>De cuatro a seis patatas<br \/>\nPimiento verde<br \/>\nPimiento rojo<br \/>\nCebolla<br \/>\nCuatro  huevo<br \/>\nSal  y aceite<\/p>\n<p>Se pone a fre\u00edr todo junto y despu\u00e9s se mezcla en la sart\u00e9n, despu\u00e9s se da la vuelta para que se dore por los dos lados<\/p>\n<p><em>Receptes de carnaval <\/em><\/p>\n<p><strong>Flores de carnaval <\/strong><\/p>\n<p>Ingredientes:<\/p>\n<p>    300 Gramos de harina<br \/>\n    500 ml de leche<br \/>\n    3 huevos<br \/>\n    1 copita de anis<br \/>\n    ralladura de 2 limones<br \/>\n    una pizca de sal<br \/>\n    1 cucharadita de az\u00facar<br \/>\n    aceite de girasol para fre\u00edr<br \/>\n    az\u00facar para espolvorear<\/p>\n<p>C\u00f3mo hacer Flores de carnaval paso a paso:<\/p>\n<p>    En un bol batir los huevos, a\u00f1adir la leche, harina, sal, az\u00facar y batir todo se puede usar la batidora para que no tenga grumos, se va calentando el aceite en una sart\u00e9n honda.<br \/>\n    Se introduce el molde para que coja temperatura, tiene que estar cubierto por el aceite, se introduce el molde en la masa pero no del todo con esto se consigue que la flor no se pegue al fre\u00edrla y se despegue con facilidad.<br \/>\n    Cuando la flor este en la sart\u00e9n dejar que de dore y dar la vuelta ,dejar que se dore ,al sacarla se escurre y se coloca en una bandeja con papel absorbente y se espolvorea con az\u00facar por encima.<br \/>\n    Entre flor y flor el molde tiene que estar en la sarten. Con esta cantidad salen unas 45 flores<\/p>\n<p><strong>Torrijas  de   Carnavales<br \/>\n<\/strong><br \/>\nIngredientes (8 personas):<\/p>\n<p>    8 rebanadas de pan<br \/>\n    700 ml. de leche<br \/>\n    300 ml. de nata<br \/>\n    1 rama de canela<br \/>\n    150 gr. de az\u00facar<br \/>\n    una pizca de canela en polvo<br \/>\n    huevo batido para rebozar<br \/>\n    1 lim\u00f3n<br \/>\n    aceite de oliva virgen extra<br \/>\n    un racimo de grosellas<br \/>\n    menta (para decorar)<\/p>\n<p>Elaboraci\u00f3n de la receta de Torrijas de carnavales:<\/p>\n<p>Pon la leche y la nata a calentar con la rama de canela y 120 gramos de az\u00facar. Retira del fuego y vi\u00e9rtela sobre las rebanadas de pan en un recipiente hondo. Deja que se empapen bien.<\/p>\n<p>En una sart\u00e9n con abundante aceite, a\u00f1ade un trozo de c\u00e1scara de lim\u00f3n. Escurre un poco las torrijas, p\u00e1salas por huevo batido y fr\u00edelas en la sart\u00e9n. Retira a un plato con papel absorbente para eliminar el exceso de aceite.<\/p>\n<p>Mezcla el resto de az\u00facar con la canela en polvo y espolvorea por encima de las torrijas.<\/p>\n<p>Sirve las torrijas y decora con las grosellas y una hoja de menta.<br \/>\nConsejo:<\/p>\n<p>La canela se debe guardar en frascos de cristal, bien herm\u00e9tico y en un lugar fresco.<\/p>\n<p><strong>Pesti\u00f1os o Ga\u00f1otes<\/strong><\/p>\n<p>Ingredientes<br \/>\n1 taza de aceite.<br \/>\n1 taza de agua.<br \/>\nAn\u00eds.<br \/>\nLaurel (2 hoja).<br \/>\nSal (granitos)<br \/>\nHarina.<\/p>\n<p>Forma de hacer<br \/>\nEn una cazuela poner a cocer el agua, el aceite, el an\u00eds, las dos hojas de laurel y unos granitos de sal. En un recipiente ponemos una cantidad de harina similar al caldo. Y cuando est\u00e9 cociendo escaldamos la harina con el caldo, removiendo ligeramente con una cuchara de palo hasta amasar con las manos.<br \/>\nUna vez terminada la masa hacemos tiras, cortamos rect\u00e1ngulos y los doblamos por los extremos. Fre\u00edmos en abundante aceite, se envuelven en az\u00facar o miel.<br \/>\nSi envolvemos en miel, mezclarla con un poco de agua y templarla para diluir bien la miel.<\/p>\n<p>nenes i nens de Ludoteca<br \/>\n<a href=\"http:\/\/xarxaomnia.gencat.cat\/blocs\/omniaavvpomar\/files\/2013\/01\/bunyols.jpg\"><img loading=\"lazy\" decoding=\"async\" src=\"http:\/\/xarxaomnia.gencat.cat\/blocs\/omniaavvpomar\/files\/2013\/01\/bunyols-300x225.jpg\" alt=\"\" title=\"bunyols\" width=\"300\" height=\"225\" class=\"alignleft size-medium wp-image-1077\" srcset=\"https:\/\/bloc.xarxa-omnia.org\/pomar\/files\/2013\/01\/bunyols-300x225.jpg 300w, https:\/\/bloc.xarxa-omnia.org\/pomar\/files\/2013\/01\/bunyols.jpg 960w\" sizes=\"auto, (max-width: 300px) 100vw, 300px\" \/><\/a><\/p>\n<p><strong>Las recetas de Ana Mari Diaz<\/strong><\/p>\n<p><strong>Entremeses <\/strong><\/p>\n<p>Huevos  chinos<\/p>\n<p>Ingredientes:Huevos, olivas,  pepinos, embutido, ensaladas, pimiento, anchoas <\/p>\n<p>Se  cuecen los  huevos y luego se  pelan, se corta la  parte de<br \/>\nArriba. Se pone el huevo plano se le pone un palillo una oliva y a la<br \/>\nLa parte de arriba  se le pone pinchado como si fuera un<br \/>\nsombrero a los lados le pinchas un palillo y le pones un  pepinillo<br \/>\nen cada palillo  se corta  una tira de pimiento rojo y se le pone por los brazos <\/p>\n<p>Alrededor  se ponen  rodajas  de embutido  y  un  poco  de  ensalada rusa  y patatas<br \/>\nfritas  y todo  lo que quieras <\/p>\n<p><strong>Las recetas de Maribel Fontau<br \/>\n <\/strong><br \/>\n<strong>Cocido<\/strong><\/p>\n<p><em>Ingredientes:<\/em><\/p>\n<p>Un pollo<br \/>\nMedio kilo de ternera<br \/>\nUn pie de cerdo<br \/>\nUn trozo de costilla salada<br \/>\nUn hueso de ternera<br \/>\nUn hueso de jam\u00f3n<br \/>\nUn hueso salado<br \/>\nUn manojo de hiervas<br \/>\nGarbanzos   en remojo<br \/>\ny Patatas<br \/>\nMedio kilo de carne mixta<br \/>\ny Judia verde <\/p>\n<p>Se pone todo con agua hirviendo a fuego lento durante dos horas.<\/p>\n<p><strong>Langostinos con bacalao <\/strong><\/p>\n<p><em>Ingredientes<\/em><\/p>\n<p>8 langostinos<br \/>\nMedio kilo de bacalao<br \/>\nAceite<br \/>\nPimiento<br \/>\nAjos<br \/>\nCebolla<br \/>\nTomate<br \/>\nDos vasos de caldo de pescado <\/p>\n<p>Se frien los langostinos y se ponen aparte, se frie el pimiento, los ajos, la cebolla y el tomate. Se pone el caldo del pescado y se le echa el bacalao y los langostinos y se deja 20 minutos en el fuego. <\/p>\n<p><strong>Las recetas de Adela Callej\u00f3n<\/strong><\/p>\n<p><strong>Pud\u00edn de pan<\/strong><\/p>\n<p>Un litro  de leche<br \/>\n4 huevos batidos<br \/>\nUna barra de pan de cuarto  del d\u00eda  anterior<br \/>\nUna rama de canela<br \/>\nUna corteza de lim\u00f3n<br \/>\n100 gr. de az\u00facar<br \/>\n50 gr. de pasa corinto <\/p>\n<p>Se pone a hervir la leche con la canela y el lim\u00f3n mientras se va cortando el pan en trozos,  se echan las pasas. Despu\u00e9s se cuela y se mezcla todo con los huevos. La masa se deja reposar un ratito. El az\u00facar se va quemando en el molde a fuego lento y se va untando con un pincel. Inmediatamente  se agrega la masa y se pone al horno durante media hora.<\/p>\n<p>Una vez horneado, se pasa el cuchillo alrededor para que suelte el caramelo y no se quede enganchado. Se da la vuelta como una tortilla.    <\/p>\n<p><strong>Carne a la jardinera<\/strong><\/p>\n<p>Carne magra a tacos, pimiento  verde, cebolla,  tomate,  ajo,  zanahoria y guisantes  todo troceado. Agregamos un chorrito de vino blanco, sal, aceite y patatas fritas a taco <\/p>\n<p>La carne se hace a fuego lento hasta que est\u00e9 un poco blanda.<br \/>\nSe deja hasta que se haga todo el contenido, cuando esten las patatas fritas se ponen al lado de la carne.<br \/>\nSe sirve todo junto.<\/p>\n<p><strong>Cabeza de cordero al horno<br \/>\n<\/strong><\/p>\n<p>Una cabeza cortada por la mitad<br \/>\n4 patata por la mitad<br \/>\n4 tomate por la mitad roceados de ajo, perejil picado, pimienta y sal.<br \/>\n2 cebolla por la mitad <\/p>\n<p>En la bandeja de horno pones  un poco de agua,  el cordero, vino, sal , aceite y dorarlo con la patata. En la patata poner sal y pimienta.<br \/>\nUna media hora a 180\u00ba por arriba y abajo <\/p>\n<p>Esta receta  se puede  hacer igual con pollo. <\/p>\n","protected":false},"excerpt":{"rendered":"<p>Les noves receptes&#8230; CANALONES (Maribel Fontau) Un pollo Dos cajas de canalones el pavo 300 de carne picada Una cebolla Un pimiento 4 ajos Un litro de leche 3 cucharadas soperas de harina 1 cucharada de tomate 50 gramos de mantequilla Queso rallado Nuez moscada Se corta el pollo a trozo, se pone en una &#8230; <span class=\"more\"><a class=\"more-link\" href=\"https:\/\/bloc.xarxa-omnia.org\/pomar\/el-receptari-de-cuina\/\">[Read more&#8230;]<\/a><\/span><\/p>\n","protected":false},"author":101,"featured_media":0,"parent":0,"menu_order":0,"comment_status":"open","ping_status":"open","template":"","meta":{"footnotes":""},"class_list":["entry","page","publish","author-omniaavvpomar","post-1071"],"_links":{"self":[{"href":"https:\/\/bloc.xarxa-omnia.org\/pomar\/wp-json\/wp\/v2\/pages\/1071","targetHints":{"allow":["GET"]}}],"collection":[{"href":"https:\/\/bloc.xarxa-omnia.org\/pomar\/wp-json\/wp\/v2\/pages"}],"about":[{"href":"https:\/\/bloc.xarxa-omnia.org\/pomar\/wp-json\/wp\/v2\/types\/page"}],"author":[{"embeddable":true,"href":"https:\/\/bloc.xarxa-omnia.org\/pomar\/wp-json\/wp\/v2\/users\/101"}],"replies":[{"embeddable":true,"href":"https:\/\/bloc.xarxa-omnia.org\/pomar\/wp-json\/wp\/v2\/comments?post=1071"}],"version-history":[{"count":14,"href":"https:\/\/bloc.xarxa-omnia.org\/pomar\/wp-json\/wp\/v2\/pages\/1071\/revisions"}],"predecessor-version":[{"id":1233,"href":"https:\/\/bloc.xarxa-omnia.org\/pomar\/wp-json\/wp\/v2\/pages\/1071\/revisions\/1233"}],"wp:attachment":[{"href":"https:\/\/bloc.xarxa-omnia.org\/pomar\/wp-json\/wp\/v2\/media?parent=1071"}],"curies":[{"name":"wp","href":"https:\/\/api.w.org\/{rel}","templated":true}]}}