{"id":1089,"date":"2013-02-18T16:49:04","date_gmt":"2013-02-18T14:49:04","guid":{"rendered":"http:\/\/xarxaomnia.gencat.cat\/blocs\/omniaavvpomar\/?page_id=1089"},"modified":"2013-02-19T13:08:57","modified_gmt":"2013-02-19T11:08:57","slug":"altres-webs-germanes-amb-recursos","status":"publish","type":"page","link":"https:\/\/bloc.xarxa-omnia.org\/pomar\/altres-webs-germanes-amb-recursos\/","title":{"rendered":"M\u00e9s recursos web&#8230;"},"content":{"rendered":"<p>jocs de memoria, educatius, edici\u00f3 de fotos i m\u00e9s<br \/>\n<a href=\"http:\/\/xarxaomnia.gencat.cat\/blocs\/omnialafont\/recursos-tic\/\">http:\/\/xarxaomnia.gencat.cat\/blocs\/omnialafont\/recursos-tic\/<\/a><\/p>\n","protected":false},"excerpt":{"rendered":"<p>jocs de memoria, educatius, edici\u00f3 de fotos i m\u00e9s http:\/\/xarxaomnia.gencat.cat\/blocs\/omnialafont\/recursos-tic\/<\/p>\n","protected":false},"author":101,"featured_media":0,"parent":0,"menu_order":0,"comment_status":"open","ping_status":"open","template":"","meta":{"footnotes":""},"class_list":["entry","page","publish","author-omniaavvpomar","post-1089"],"_links":{"self":[{"href":"https:\/\/bloc.xarxa-omnia.org\/pomar\/wp-json\/wp\/v2\/pages\/1089","targetHints":{"allow":["GET"]}}],"collection":[{"href":"https:\/\/bloc.xarxa-omnia.org\/pomar\/wp-json\/wp\/v2\/pages"}],"about":[{"href":"https:\/\/bloc.xarxa-omnia.org\/pomar\/wp-json\/wp\/v2\/types\/page"}],"author":[{"embeddable":true,"href":"https:\/\/bloc.xarxa-omnia.org\/pomar\/wp-json\/wp\/v2\/users\/101"}],"replies":[{"embeddable":true,"href":"https:\/\/bloc.xarxa-omnia.org\/pomar\/wp-json\/wp\/v2\/comments?post=1089"}],"version-history":[{"count":3,"href":"https:\/\/bloc.xarxa-omnia.org\/pomar\/wp-json\/wp\/v2\/pages\/1089\/revisions"}],"predecessor-version":[{"id":1103,"href":"https:\/\/bloc.xarxa-omnia.org\/pomar\/wp-json\/wp\/v2\/pages\/1089\/revisions\/1103"}],"wp:attachment":[{"href":"https:\/\/bloc.xarxa-omnia.org\/pomar\/wp-json\/wp\/v2\/media?parent=1089"}],"curies":[{"name":"wp","href":"https:\/\/api.w.org\/{rel}","templated":true}]}}