{"id":177,"date":"2010-03-18T16:40:44","date_gmt":"2010-03-18T14:40:44","guid":{"rendered":"http:\/\/xarxaomnia.gencat.cat\/blocs\/omniaavvpomar\/?page_id=177"},"modified":"2012-02-14T19:47:05","modified_gmt":"2012-02-14T17:47:05","slug":"blogs-omnia-badalona","status":"publish","type":"page","link":"https:\/\/bloc.xarxa-omnia.org\/pomar\/blogs-omnia-badalona\/","title":{"rendered":"Punts \u00d2mnia Badalona i Sant Adri\u00e0"},"content":{"rendered":"<p><strong>Punt \u00d2mnia de l&#8217;Associaci\u00f3 de ve\u00efns Bufal\u00e0<\/strong><br \/>\nPla\u00e7a Maria Aur\u00e8lia de Capmany, 6-9<br \/>\n08915 &#8211; Badalona<br \/>\n93 395 04 93<br \/>\nTransports: L\u00ednia Bus B26 B24<br \/>\navbufala@xarxa-omnia.org<br \/>\n<a href=\"http:\/\/omniabufala.blogspot.com\/\">http:\/\/omniabufala.blogspot.com\/<\/a><\/p>\n<p><strong>Punt \u00d2mnia Casal C\u00edvic La Salut- Badalona <\/strong><br \/>\nc\/ Pau Piferrer, 109<br \/>\n08914 &#8211; Badalona<br \/>\nTransports: L\u00ednia bus: B1 B2 B4 B5 B22.<br \/>\nMetro: Fondo o Salut<br \/>\n93 460 8 14<br \/>\nsalutalta@xarxa-omnia.org<br \/>\n<a href=\"http:\/\/lasalut.wordpress.com\/\">http:\/\/lasalut.wordpress.com\/<\/a><\/p>\n<p><strong>Punt \u00d2mnia AV Montigal\u00e0 -Badalona<\/strong><br \/>\nc\/ Ci\u00e8ncia, 15 local 1<br \/>\n08917 &#8211; Badalona<br \/>\n93 465 74 86<br \/>\nTransports: L\u00ednia bus B26 B22<br \/>\nmontigala@xarxa-omnia.org<br \/>\n<a href=\"http:\/\/xarxaomnia.gencat.cat\/blocs\/montigala\/\">http:\/\/xarxaomnia.gencat.cat\/blocs\/montigala\/<\/a><\/p>\n<p><strong>Punt \u00d2mnia Casal C\u00edvic Pomar &#8211; AV Pomar -Badalona<\/strong><br \/>\nAvinguda Sabadell s\/n davant de la Pla\u00e7a de Pomar<br \/>\n08915 &#8211; Badalona<br \/>\nTransports: Bus B4, B44, B3, B33, B25, B27<br \/>\n93 395 39 16<br \/>\navv_pomar@xarxa-omnia.org<br \/>\n<a href=\"http:\/\/xarxaomnia.gencat.cat\/blocs\/omniaavvpomar\">blog.xarxa-omnia.org\/omniaavvpomar<br \/>\n<\/a><\/p>\n<p><strong>Punt \u00d2mnia Casal C\u00edvic Sant Roc- Badalona<\/strong><br \/>\nAvinguda del  Maresme, 182-190<br \/>\n08918 &#8211; Badalona<br \/>\nBus: L24 B25, B3, B30, B31.<br \/>\nTramvia i Metro: L2 Estaci\u00f3 Sant Roc.<br \/>\n93 460 09 69<br \/>\nsantroc@xarxa-omnia.org<br \/>\n<a href=\"http:\/\/xarxa-omnia.org\/santroc\">xarxa-omnia.org\/santroc<\/a><\/p>\n<p><strong>Punt \u00d2mnia del Centre Cultural Gitano la Mina<\/strong><br \/>\nc\/ Llevant, 1 baixos<br \/>\n08930 &#8211; Sant Adri\u00e0 de Bes\u00f2s<br \/>\nTransports: Bus 43 141 B26. Tramvia: T6 La Mina.<br \/>\nT4 Central T\u00e8rmica del Bes\u00f2s T5 Parc del Bes\u00f2s.<br \/>\nMetro: Bes\u00f2s Mar<br \/>\n93 462 66 21<br \/>\nccg_lamina@xarxa-omnia.org<br \/>\n<a href=\"http:\/\/puntomniaccgmina.blogspot.com\">puntomniaccgmina.blogspot.com<\/a><\/p>\n<p><strong>Punt \u00d2mnia Grupo Uni\u00f3n &#8211; La Mina<\/strong><br \/>\nC. Mar, s\/n (Edifici blanc davant del CEIP Mediterrania)<br \/>\n08930 &#8211; Sant Adri\u00e0 de Bes\u00f2s<br \/>\nTransports: Bus 43 141 B26. Tramvia: T6 La Mina.<br \/>\nT4 Can Llima. T5 Parc del Bes\u00f2s Metro:Bes\u00f2s Mar<br \/>\n 93 381 15 78<br \/>\ngrupounion@xarxa-omnia.org<br \/>\n<a href=\"http:\/\/xarxa-omnia.org\/grupounion\">xarxa-omnia.org\/grupounion<\/a><\/p>\n","protected":false},"excerpt":{"rendered":"<p>Punt \u00d2mnia de l&#8217;Associaci\u00f3 de ve\u00efns Bufal\u00e0 Pla\u00e7a Maria Aur\u00e8lia de Capmany, 6-9 08915 &#8211; Badalona 93 395 04 93 Transports: L\u00ednia Bus B26 B24 avbufala@xarxa-omnia.org http:\/\/omniabufala.blogspot.com\/ Punt \u00d2mnia Casal C\u00edvic La Salut- Badalona c\/ Pau Piferrer, 109 08914 &#8211; Badalona Transports: L\u00ednia bus: B1 B2 B4 B5 B22. Metro: Fondo o Salut 93 460 &#8230; <span class=\"more\"><a class=\"more-link\" href=\"https:\/\/bloc.xarxa-omnia.org\/pomar\/blogs-omnia-badalona\/\">[Read more&#8230;]<\/a><\/span><\/p>\n","protected":false},"author":101,"featured_media":0,"parent":0,"menu_order":0,"comment_status":"closed","ping_status":"open","template":"","meta":{"footnotes":""},"class_list":["entry","page","publish","author-omniaavvpomar","post-177"],"_links":{"self":[{"href":"https:\/\/bloc.xarxa-omnia.org\/pomar\/wp-json\/wp\/v2\/pages\/177","targetHints":{"allow":["GET"]}}],"collection":[{"href":"https:\/\/bloc.xarxa-omnia.org\/pomar\/wp-json\/wp\/v2\/pages"}],"about":[{"href":"https:\/\/bloc.xarxa-omnia.org\/pomar\/wp-json\/wp\/v2\/types\/page"}],"author":[{"embeddable":true,"href":"https:\/\/bloc.xarxa-omnia.org\/pomar\/wp-json\/wp\/v2\/users\/101"}],"replies":[{"embeddable":true,"href":"https:\/\/bloc.xarxa-omnia.org\/pomar\/wp-json\/wp\/v2\/comments?post=177"}],"version-history":[{"count":16,"href":"https:\/\/bloc.xarxa-omnia.org\/pomar\/wp-json\/wp\/v2\/pages\/177\/revisions"}],"predecessor-version":[{"id":336,"href":"https:\/\/bloc.xarxa-omnia.org\/pomar\/wp-json\/wp\/v2\/pages\/177\/revisions\/336"}],"wp:attachment":[{"href":"https:\/\/bloc.xarxa-omnia.org\/pomar\/wp-json\/wp\/v2\/media?parent=177"}],"curies":[{"name":"wp","href":"https:\/\/api.w.org\/{rel}","templated":true}]}}