{"id":181,"date":"2010-03-18T16:45:25","date_gmt":"2010-03-18T14:45:25","guid":{"rendered":"http:\/\/xarxaomnia.gencat.cat\/blocs\/omniaavvpomar\/?page_id=181"},"modified":"2010-04-09T13:30:17","modified_gmt":"2010-04-09T11:30:17","slug":"nens-i-nenes","status":"publish","type":"page","link":"https:\/\/bloc.xarxa-omnia.org\/pomar\/nens-i-nenes\/","title":{"rendered":"Nens i nenes"},"content":{"rendered":"<p>Los ni\u00f1os y ni\u00f1as de la Ludoteca del programa Jugar y llegir venimos al \u00d2mnia para aprender y divertirnos<\/p>\n<p>Las edades de los ni\u00f1os son desde 3 a 10 a\u00f1os<\/p>\n<p><img loading=\"lazy\" decoding=\"async\" src=\"http:\/\/xarxaomnia.gencat.cat\/blocs\/omniaavvpomar\/files\/2010\/03\/cartell-nens-i-nenes.jpg\" alt=\"cartell-nens-i-nenes\" width=\"286\" height=\"448\" class=\"aligncenter size-full wp-image-229\" srcset=\"https:\/\/bloc.xarxa-omnia.org\/pomar\/files\/2010\/03\/cartell-nens-i-nenes.jpg 286w, https:\/\/bloc.xarxa-omnia.org\/pomar\/files\/2010\/03\/cartell-nens-i-nenes-191x300.jpg 191w\" sizes=\"auto, (max-width: 286px) 100vw, 286px\" \/><\/p>\n","protected":false},"excerpt":{"rendered":"<p>Los ni\u00f1os y ni\u00f1as de la Ludoteca del programa Jugar y llegir venimos al \u00d2mnia para aprender y divertirnos Las edades de los ni\u00f1os son desde 3 a 10 a\u00f1os<\/p>\n","protected":false},"author":101,"featured_media":0,"parent":0,"menu_order":0,"comment_status":"open","ping_status":"open","template":"","meta":{"footnotes":""},"class_list":["entry","page","publish","author-omniaavvpomar","post-181"],"_links":{"self":[{"href":"https:\/\/bloc.xarxa-omnia.org\/pomar\/wp-json\/wp\/v2\/pages\/181","targetHints":{"allow":["GET"]}}],"collection":[{"href":"https:\/\/bloc.xarxa-omnia.org\/pomar\/wp-json\/wp\/v2\/pages"}],"about":[{"href":"https:\/\/bloc.xarxa-omnia.org\/pomar\/wp-json\/wp\/v2\/types\/page"}],"author":[{"embeddable":true,"href":"https:\/\/bloc.xarxa-omnia.org\/pomar\/wp-json\/wp\/v2\/users\/101"}],"replies":[{"embeddable":true,"href":"https:\/\/bloc.xarxa-omnia.org\/pomar\/wp-json\/wp\/v2\/comments?post=181"}],"version-history":[{"count":6,"href":"https:\/\/bloc.xarxa-omnia.org\/pomar\/wp-json\/wp\/v2\/pages\/181\/revisions"}],"predecessor-version":[{"id":232,"href":"https:\/\/bloc.xarxa-omnia.org\/pomar\/wp-json\/wp\/v2\/pages\/181\/revisions\/232"}],"wp:attachment":[{"href":"https:\/\/bloc.xarxa-omnia.org\/pomar\/wp-json\/wp\/v2\/media?parent=181"}],"curies":[{"name":"wp","href":"https:\/\/api.w.org\/{rel}","templated":true}]}}