{"id":235,"date":"2010-04-12T11:40:07","date_gmt":"2010-04-12T09:40:07","guid":{"rendered":"http:\/\/xarxaomnia.gencat.cat\/blocs\/omniaavvpomar\/?page_id=235"},"modified":"2020-02-11T14:42:14","modified_gmt":"2020-02-11T12:42:14","slug":"enlaces","status":"publish","type":"page","link":"https:\/\/bloc.xarxa-omnia.org\/pomar\/enlaces\/","title":{"rendered":"Enllaces Adults"},"content":{"rendered":"<p><strong>Recursos generals <\/strong><\/p>\n<p>Repositorio tasta&#8217;m: cursos d&#8217;angl\u00e8s, jocs educatius, llibres de fotos, jocs educatius i solidaris, creaci\u00f3 musical y moltes m\u00e9s p\u00e1gines&#8230;<br \/>\n<a href=\"http:\/\/xarxaomnia.gencat.cat\/blocs\/odc\/\">http:\/\/xarxaomnia.gencat.cat\/blocs\/odc\/<\/a><\/p>\n<p><strong>Jocs de teclat, ratol\u00ed i menus<\/strong><\/p>\n<p><a href=\"http:\/\/www.pbclibrary.org\/raton\/mousercise.htm\" target=\"_blank\">http:\/\/www.pbclibrary.org\/raton\/mousercise.htm<\/a><br \/>\n<a href=\"http:\/\/www.xtec.cat\/~figlesi2\/mecanografia\/teclat.htm\" target=\"_blank\">http:\/\/www.xtec.cat\/~figlesi2\/mecanografia\/teclat.htm&#8221; target=&#8221;_blank&#8221;&gt;<\/a><br \/>\n<a href=\"http:\/\/xarxaomnia.gencat.cat\/blocs\/odc\/tastam-aprendre-a-escriure-amb-lordinador\/\">http:\/\/xarxaomnia.gencat.cat\/blocs\/odc\/tastam-aprendre-a-escriure-amb-lordinador\/<\/a><br \/>\n<a href=\"http:\/\/www.xtec.net\/~figlesi2\/menus.htm\">http:\/\/www.xtec.net\/~figlesi2\/menus.htm<\/a><br \/>\n<a href=\"http:\/\/www.societatdelainformacio.com\/alfabetitzacio\/\">http:\/\/www.societatdelainformacio.com\/alfabetitzacio\/<\/a><br \/>\n<a href=\"http:\/\/www.livemanual.info\/\">http:\/\/www.livemanual.info\/<\/a><br \/>\n<a href=\"http:\/\/www.aulafacil.com\/\">http:\/\/www.aulafacil.com\/<\/a><br \/>\n<a href=\"http:\/\/www.edu365.cat\/eso\/muds\/tecnologia\/maquinari\/index.htm\">http:\/\/www.edu365.cat\/eso\/muds\/tecnologia\/maquinari\/index.htm<\/a><br \/>\n<a href=\"http:\/\/www.aulaclic.es\/\">http:\/\/www.aulaclic.es\/<\/a><\/p>\n<p><strong>Recursos per preparar el certificat Actic<\/strong><\/p>\n<p><a href=\"http:\/\/actic.citilab.eu\/\">http:\/\/actic.citilab.eu\/<\/a><br \/>\n<a href=\"http:\/\/acreditacioactic-medio.blogspot.com.es\/http:\/\/\">http:\/\/acreditacioactic-medio.blogspot.com.es\/<\/a><\/p>\n<p><strong>Mecanografia<\/strong><\/p>\n<p><a href=\"http:\/\/www.cursomeca.es\">http:\/\/www.cursomeca.es<\/a><br \/>\n<a href=\"http:\/\/www.mecanografia.cat\/\">http:\/\/www.mecanografia.cat\/<\/a><br \/>\n<a href=\"http:\/\/www.societatdelainformacio.com\/alfabetitzacio\">http:\/\/www.societatdelainformacio.com\/alfabetitzacio\/<\/a><br \/>\n<a href=\"http:\/\/www.vedoque.com\/juegos\/mecano\/\">http:\/\/www.vedoque.com\/juegos\/mecano\/<\/a><br \/>\n<a href=\"http:\/\/www.futurinet.com\/meca\/\">http:\/\/www.futurinet.com\/meca\/<\/a><br \/>\n<a href=\"http:\/\/www.sense-lang.org\/typing\/spanish-key.php\">http:\/\/www.sense-lang.org\/typing\/spanish-key.php<\/a><br \/>\n<a href=\"http:\/\/www.keybr.com\/\">http:\/\/www.keybr.com\/<\/a><br \/>\n<a href=\"http:\/\/hayqueverlo.com\/taca-taca-mecanografia\">http:\/\/hayqueverlo.com\/taca-taca-mecanografia<\/a><br \/>\n<a href=\"http:\/\/xarxaomnia.gencat.cat\/blocs\/odc\/tastam-aprendre-a-escriure-amb-lordinador\/\">http:\/\/xarxaomnia.gencat.cat\/blocs\/odc\/tastam-aprendre-a-escriure-amb-lordinador\/<\/a><br \/>\n<a href=\"http:\/\/gotic.tarregae.org\/projectes_1\/_CAFjuKR7gbUlgZ3gFxEsWUfiNeTS5pVEFP7uLv-jP3bN1LW45oActw\">http:\/\/gotic.tarregae.org\/projectes_1\/_CAFjuKR7gbUlgZ3gFxEsWUfiNeTS5pVEFP7uLv-jP3bN1LW45oActw<\/a><\/p>\n<p><strong>Cine online<\/strong><\/p>\n<p><a href=\"http:\/\/www.cinetube.es\/\">http:\/\/www.cinetube.es\/<\/a><br \/>\n<a href=\"http:\/\/www.dospuntocerovision.com\/\">http:\/\/www.dospuntocerovision.com\/<\/a><br \/>\n<a href=\"http:\/\/www.cinegratis.net\/\">http:\/\/www.cinegratis.net\/<\/a><br \/>\n<a href=\"http:\/\/\">http:\/\/www.solopeliculasgratis.com<\/a><br \/>\n<a href=\"http:\/\/\">http:\/\/www.peliculasyonkis.com\/<\/a><br \/>\n<a href=\"http:\/\/\">http:\/\/www.veocine.es\/<\/a><br \/>\n<a href=\"http:\/\/\">http:\/\/www.divxonline.info\/peliculas-estreno\/1.html<\/a><\/p>\n<p><strong>Jocs de mem\u00f2ria<\/strong><\/p>\n<p><a href=\"http:\/\/www.xarxa-omnia.org\/santroc\/?p=7161\">Enlace Recopilaci\u00f3 Jocs de l&#8217;\u00d2mnia Sant Roc<\/a> <\/p>\n<table border=\"0\" cellspacing=\"0\">\n<tbody>\n<tr>\n<td height=\"20\" align=\"left\">Mem\u00f2ria blog Personatges<\/td>\n<td align=\"left\"><a href=\"http:\/\/media.diba.cat\/diba\/html\/benestar\/memoria\/data\/empezar.html\" target=\"_blank\">http:\/\/media.diba.cat\/diba\/html\/benestar\/memoria\/data\/empezar.html<\/a><\/td>\n<\/tr>\n<tr>\n<td height=\"20\" align=\"left\">mem\u00f2ria blog: ahorcado,<\/td>\n<td align=\"left\"><a href=\"http:\/\/www.anunciata.org.es\/tiempo_libre\/juegos.htm\" target=\"_blank\">http:\/\/www.anunciata.org.es\/tiempo_libre\/juegos.htm<\/a><\/td>\n<\/tr>\n<tr>\n<td height=\"20\" align=\"left\">Jocs Club estrella Obra Social Caixa sin registre<\/td>\n<td align=\"left\"><a href=\"http:\/\/www.xarxa-omnia.org\/santroc\/?p=9181\" target=\"_blank\">Joc Mem\u00f2ria Observaci\u00f3 Solitaris Club estrella Obra Social<\/a><\/td>\n<\/tr>\n<tr>\n<td height=\"20\" align=\"left\">crucigramas<\/td>\n<td align=\"left\"><a href=\"http:\/\/www.palabrasque.com\/\" target=\"_blank\">http:\/\/www.palabrasque.com\/<\/a><\/td>\n<\/tr>\n<tr>\n<td height=\"20\" align=\"left\">Series mem\u00f2ria Megajocs<\/td>\n<td align=\"left\"><a href=\"http:\/\/www.megajocs.com\/Jocs-de-mem%C3%B2ria_list_B\" target=\"_blank\">http:\/\/www.megajocs.com\/Jocs-de-mem%C3%B2ria_list_B<\/a><\/td>\n<\/tr>\n<tr>\n<td height=\"20\" align=\"left\">illusionspoint<\/td>\n<td align=\"left\"><a href=\"http:\/\/www.illusionspoint.com\/\" target=\"_blank\">http:\/\/www.illusionspoint.com\/<\/a><\/td>\n<\/tr>\n<tr>\n<td height=\"20\" align=\"left\">Activa la mente Obra Social La Caixa  Registrarse<\/td>\n<td align=\"left\"><a href=\"https:\/\/www.activalament.com\/\" target=\"_blank\">activalament.com con registro\/<\/a><\/td>\n<\/tr>\n<tr>\n<td height=\"20\" align=\"left\">Unobrain registrarse con mail<\/td>\n<td align=\"left\"><a href=\"http:\/\/www.unobrain.com\/\" target=\"_blank\">http:\/\/www.unobrain.com\/<\/a><\/td>\n<\/tr>\n<tr>\n<td height=\"20\" align=\"left\">memoria banderas, caras Memo juegos<\/td>\n<td align=\"left\"><a href=\"http:\/\/www.memo-juegos.com\/\" target=\"_blank\">http:\/\/www.memo-juegos.com\/<\/a><\/td>\n<\/tr>\n<tr>\n<td height=\"20\" align=\"left\">Memo Juegos Personas Mayores<\/td>\n<td align=\"left\"><a href=\"http:\/\/www.memo-juegos.com\/juegos-de-memoria-online\/personas-mayores\" target=\"_blank\">http:\/\/www.memo-juegos.com\/juegos-de-memoria-online\/personas-mayores<\/a><\/td>\n<\/tr>\n<tr>\n<td height=\"20\" align=\"left\">Paisdelosjuegos revisar escrable, sopa de letras,etc<\/td>\n<td align=\"left\"><a href=\"http:\/\/www.paisdelosjuegos.es\/juego\/palabras\/ultimate+word+search.html\" target=\"_blank\">http:\/\/www.paisdelosjuegos.es\/juego\/palabras\/ultimate+word+search.html<\/a><\/td>\n<\/tr>\n<tr>\n<td height=\"20\" align=\"left\">Memorado Con registro<\/td>\n<td align=\"left\"><a href=\"http:\/\/memorado.es\/workout\" target=\"_blank\">http:\/\/memorado.es\/workout<\/a><\/td>\n<\/tr>\n<tr>\n<td height=\"20\" align=\"left\">Game for the brain Juegos para el cerebro <\/td>\n<td align=\"left\"><a href=\"http:\/\/www.gamesforthebrain.com\/spanish\/\" target=\"_blank\">http:\/\/www.gamesforthebrain.com\/spanish\/<\/a><\/td>\n<\/tr>\n<tr>\n<td height=\"20\" align=\"left\">sudoku, trres de hanoi,<\/td>\n<td align=\"left\"><a href=\"http:\/\/historiaybiografias.com\/juegos_salida\/\" target=\"_blank\">http:\/\/historiaybiografias.com\/juegos_salida\/<\/a><\/td>\n<\/tr>\n<tr>\n<td height=\"20\" align=\"left\">BrainHQ Solamente Bloque ejercicios gratis<\/td>\n<td align=\"left\"><a href=\"http:\/\/es.brainhq.com\/?lead_id=google-search-text-home-BrainHQ_en_Esp_%28MX_CO_AR_CH%29&amp;gclid=COLR6abi0NECFRCeGwodeTABkg#\" target=\"_blank\">es.brainhq.com<\/a><\/td>\n<\/tr>\n<tr>\n<\/tr>\n<td colspan=\"2\"><H3>VIDEOS YOUTUBE<\/H3><\/td>\n<\/tr>\n<tr>\n<td height=\"20\" align=\"left\">tests<\/td>\n<td align=\"left\"><a href=\"https:\/\/www.youtube.com\/watch?v=RPv9gchspbY\" target=\"_blank\">https:\/\/www.youtube.com\/watch?v=RPv9gchspbY<\/a><\/td>\n<\/tr>\n<tr>\n<td height=\"20\" align=\"left\">juegos<\/td>\n<td align=\"left\"><a href=\"https:\/\/www.youtube.com\/watch?v=530_ZqTHwVo\" target=\"_blank\">https:\/\/www.youtube.com\/watch?v=530_ZqTHwVo<\/a><\/td>\n<\/tr>\n<tr>\n<td height=\"20\" align=\"left\"><\/td>\n<td align=\"left\"><a href=\"https:\/\/www.youtube.com\/watch?v=1NOLhTVzjdo\" target=\"_blank\">https:\/\/www.youtube.com\/watch?v=1NOLhTVzjdo<\/a><\/td>\n<\/tr>\n<tr>\n<td height=\"20\" align=\"left\"><\/td>\n<td align=\"left\"><a href=\"https:\/\/www.youtube.com\/watch?v=ecAUepAgbd4\" target=\"_blank\">https:\/\/www.youtube.com\/watch?v=ecAUepAgbd4<\/a><\/td>\n<\/tr>\n<tr>\n<td height=\"20\" align=\"left\"><\/td>\n<td align=\"left\"><a href=\"https:\/\/www.youtube.com\/watch?v=wSU-53idVIU\" target=\"_blank\">https:\/\/www.youtube.com\/watch?v=wSU-53idVIU<\/a><\/td>\n<\/tr>\n<tr>\n<td height=\"20\" align=\"left\"><\/td>\n<td align=\"left\"><a href=\"https:\/\/www.youtube.com\/watch?v=cb3bKCT4mC8\" target=\"_blank\">https:\/\/www.youtube.com\/watch?v=cb3bKCT4mC8<\/a><\/td>\n<\/tr>\n<tr>\n<td height=\"20\" align=\"left\"><\/td>\n<td align=\"left\"><a href=\"https:\/\/www.youtube.com\/watch?v=PIeBhCC9WJ8\" target=\"_blank\">https:\/\/www.youtube.com\/watch?v=PIeBhCC9WJ8<\/a><\/td>\n<\/tr>\n<tr>\n<td height=\"20\" align=\"left\"><\/td>\n<td align=\"left\"><a href=\"https:\/\/www.youtube.com\/watch?v=PIeBhCC9WJ8\" target=\"_blank\">https:\/\/www.youtube.com\/watch?v=PIeBhCC9WJ8<\/a><\/td>\n<\/tr>\n<tr>\n<td height=\"20\" align=\"left\"><\/td>\n<td align=\"left\"><a href=\"https:\/\/www.youtube.com\/watch?v=oO5NMsUCDPI\" target=\"_blank\">https:\/\/www.youtube.com\/watch?v=oO5NMsUCDPI<\/a><\/td>\n<\/tr>\n<tr>\n<td height=\"20\" align=\"left\"><\/td>\n<td align=\"left\"><a href=\"https:\/\/www.youtube.com\/watch?v=QIDL2qfgptU\" target=\"_blank\">https:\/\/www.youtube.com\/watch?v=QIDL2qfgptU<\/a><\/td>\n<\/tr>\n<tr>\n<td height=\"20\" align=\"left\"><\/td>\n<td align=\"left\"><a href=\"https:\/\/www.youtube.com\/watch?v=eZFWHLC8XfM&amp;spfreload=5\" target=\"_blank\">https:\/\/www.youtube.com\/watch?v=eZFWHLC8XfM&amp;spfreload=5<\/a><\/td>\n<\/tr>\n<\/tbody>\n<\/table>\n<p><strong>M\u00e9s jocs<\/strong><\/p>\n<p><a href=\"http:\/\/media.diba.cat\/diba\/html\/benestar\/memoria\/data\/empezar.html\">http:\/\/media.diba.cat\/diba\/html\/benestar\/memoria\/data\/empezar.html<\/a><br \/>\n<a href=\"http:\/\/www.opticalillusionsmuseum.com\/\">http:\/\/www.opticalillusionsmuseum.com\/<\/a><br \/>\n<a href=\"http:\/\/www.anunciata.org.es\/tiempo_libre\/juegos.htm\">http:\/\/www.anunciata.org.es\/tiempo_libre\/juegos.htm<\/a><br \/>\n<a href=\"http:\/\/www.gamesforthebrain.com\/spanish\/\">http:\/\/www.gamesforthebrain.com\/spanish\/<\/a><br \/>\n<a href=\"http:\/\/www.mentat.com.ar\/ejercitacion.htm\">http:\/\/www.mentat.com.ar\/ejercitacion.htm<\/a><br \/>\n<a href=\"http:\/\/www.jigsawplanet.com\/\">http:\/\/www.jigsawplanet.com\/<\/a><br \/>\n<a href=\"http:\/\/redescolar.ilce.edu.mx\/educontinua\/mate\/lugares\/hanoi\/torres.htm\">http:\/\/redescolar.ilce.edu.mx\/educontinua\/mate\/lugares\/hanoi\/torres.htm<\/a><br \/>\n<a href=\"http:\/\/multimedia.lacaixa.es\/lacaixa\/ondemand\/obrasocial\/juegosdememoria\/home_es.html\">http:\/\/multimedia.lacaixa.es\/lacaixa\/ondemand\/obrasocial\/juegosdememoria\/home_es.html<\/a><br \/>\n<a href=\"http:\/\/clic.xtec.cat\/db\/act_ca.jsp?id=3123\">http:\/\/clic.xtec.cat\/db\/act_ca.jsp?id=3123<\/a><br \/>\n<a href=\"http:\/\/www.madridsalud.es\/interactivos\/memoria\/memoria.php\">http:\/\/www.madridsalud.es\/interactivos\/memoria\/memoria.php<\/a><br \/>\n<a href=\"http:\/\/www.megajocs.com\/Jocs-de-memoria_list_B\">http:\/\/www.megajocs.com\/Jocs-de-memoria_list_B<\/a><br \/>\n<a href=\"http:\/\/www.analitica.com\/va\/entretenimiento\/juegos\/memoria\/memoria.asp\">http:\/\/www.analitica.com\/va\/entretenimiento\/juegos\/memoria\/memoria.asp<\/a><br \/>\n<a href=\"http:\/\/www.puzzleclopedia.com\/\">http:\/\/www.puzzleclopedia.com\/<\/a><br \/>\n<a href=\"http:\/\/www.psicoactiva.com\/ilusion.htm\">http:\/\/www.psicoactiva.com\/ilusion.htm<\/a><br \/>\n<a href=\"http:\/\/www.guiadelmundo.org.uy\/cd\/index.html\">http:\/\/www.guiadelmundo.org.uy\/cd\/index.html<\/a><br \/>\n<a href=\"https:\/\/www.activalament.com\/\">https:\/\/www.activalament.com\/<\/a><br \/>\n<a href=\"http:\/\/entrenamientocerebral.plusesmas.com\/\">http:\/\/entrenamientocerebral.plusesmas.com\/<\/a><br \/>\n<a href=\"http:\/\/www.proverbia.net\/Default.asp\">http:\/\/www.proverbia.net\/Default.asp<\/a><br \/>\n<a href=\"http:\/\/planetaservicioseducativos.com\/ejercicios-mentales\/\">http:\/\/planetaservicioseducativos.com\/ejercicios-mentales\/<\/a><\/p>\n<p><strong>Altres temes<\/strong><\/p>\n<p><a href=\"http:\/\/tradukka.com\/\">http:\/\/tradukka.com\/<\/a><br \/>\n<a href=\"http:\/\/www.oddcast.com\/home\/demos\/tts\/tts_tran_example.php\">http:\/\/www.oddcast.com\/home\/demos\/tts\/tts_tran_example.php<\/a><br \/>\n<a href=\"http:\/\/www.lavanguardia.com\/hemeroteca\/\">http:\/\/www.lavanguardia.com\/hemeroteca\/<\/a><br \/>\n<a href=\"http:\/\/www.mystudios.com\/artgallery\/\">http:\/\/www.mystudios.com\/artgallery\/<\/a><br \/>\n<a href=\"http:\/\/www.aplicaciones.info\/ortogra\/ortogra.htm\">http:\/\/www.aplicaciones.info\/ortogra\/ortogra.htm<\/a><br \/>\n<a href=\"http:\/\/www.wdl.org\/en\/\">http:\/\/www.wdl.org\/en\/<\/a><br \/>\n<a href=\"http:\/\/www.ocu.org\/salud\/nc\/informe\/pon-a-prueba-tu-memoria217161\">http:\/\/www.ocu.org\/salud\/nc\/informe\/pon-a-prueba-tu-memoria217161<\/a><br \/>\n<a href=\"http:\/\/www.alaup.com\/\">http:\/\/www.alaup.com\/<\/a><br \/>\n<a href=\"http:\/\/viewat.org\/\">http:\/\/viewat.org\/<\/a><br \/>\n<a href=\"http:\/\/recursos.cnice.mec.es\/latingriego\/Palladium\/5_aps\/esplap09.htm\">http:\/\/recursos.cnice.mec.es\/latingriego\/Palladium\/5_aps\/esplap09.htm<\/a><br \/>\n<a href=\"http:\/\/www.misabueso.com\/nombres\/\">http:\/\/www.misabueso.com\/nombres\/<\/a><br \/>\n<a href=\"http:\/\/www.jacquielawson.com\/\">http:\/\/www.jacquielawson.com\/<\/a><br \/>\n<a href=\"http:\/\/www.rottodigital.com\/panografias.html\">http:\/\/www.rottodigital.com\/panografias.html<\/a><br \/>\n<a href=\"http:\/\/es.akinator.com\/\">http:\/\/es.akinator.com\/<\/a><br \/>\n<a href=\"http:\/\/www.xtec.net\/~ealonso\/flash\/mapasflash.htm\">http:\/\/www.xtec.net\/~ealonso\/flash\/mapasflash.htm<br \/>\n<\/a><a href=\"http:\/\/www.weblioteca.com.ar\">http:\/\/www.weblioteca.com.ar<\/a><br \/>\n<a href=\"http:\/\/\">http:\/\/www.artehistoria.jcyl.es\/<\/a><br \/>\n<a href=\"http:\/\/\">http:\/\/www.toporopa.eu\/es\/index.html<\/a><br \/>\n<a href=\"http:\/\/www.20q.net\/\">http:\/\/www.20q.net\/<\/a><br \/>\n<a href=\"http:\/\/www.puzzles10.com\/\">http:\/\/www.puzzles10.com\/ <\/a><\/p>\n<p><strong>Escriptura i llengua<\/strong><\/p>\n<p><a href=\"http:\/\/www.xtec.cat\/~jgenover\/complec.htm\">http:\/\/www.xtec.cat\/~jgenover\/complec.htm<\/a><br \/>\n<a href=\"http:\/\/www.juntadeandalucia.es\/averroes\/recursos_informaticos\/proyectos2004\/ale\/index.html\"><br \/>\nhttp:\/\/www.juntadeandalucia.es\/averroes\/recursos_informaticos\/proyectos2004\/ale\/index.html<\/a><br \/>\n<a href=\"http:\/\/www.xtec.cat\/~mgil2243\/material\/pascual.htm\">http:\/\/www.xtec.cat\/~mgil2243\/material\/pascual.htm<\/a><br \/>\n<a href=\"http:\/\/www.xtec.cat\/~mgil2243\/material\/Jocs.htm\">http:\/\/www.xtec.cat\/~mgil2243\/material\/Jocs.htm<\/a><br \/>\n<a href=\"http:\/\/comunidad.telecentre.org\/recursos\">http:\/\/comunidad.telecentre.org\/recursos<\/a><br \/>\n<a href=\"http:\/\/blocs.cpnl.cat\/boci\/?p=1016\">http:\/\/blocs.cpnl.cat\/boci\/?p=1016<\/a><\/p>\n<p><strong>v\u00eddeos<\/strong><\/p>\n<p>Facebook para mayores<\/strong><br \/>\n<a href=\"https:\/\/www.youtube.com\/watch?v=QunFKDVz5gY\">https:\/\/www.youtube.com\/watch?v=QunFKDVz5gY<\/a><br \/>\n<strong>Museos de google<\/strong><br \/>\n<a href=\"https:\/\/www.google.com\/culturalinstitute\/collections?projectId=art-project&amp;hl=es&amp;q=espa%C3%B1a\">https:\/\/www.google.com\/culturalinstitute\/collections?projectId=art-project&amp;hl=es&amp;q=espa%C3%B1a<\/a><br \/>\n<strong>Human planet<\/strong><br \/>\n<a href=\"https:\/\/www.youtube.com\/embed\/2HiUMlOz4UQ\">https:\/\/www.youtube.com\/embed\/2HiUMlOz4UQ<\/a><br \/>\n<strong>Tipex publicidad interactiva<\/strong><br \/>\n<a href=\"https:\/\/www.youtube.com\/user\/tippexperience\">https:\/\/www.youtube.com\/user\/tippexperience<\/a><br \/>\n<strong>video danza china<\/strong><br \/>\n<a href=\"https:\/\/www.youtube.com\/watch?v=xgHmSdpjEIk\">https:\/\/www.youtube.com\/watch?v=xgHmSdpjEIk<\/a><br \/>\n<strong>circo, acrobacia China<\/strong><br \/>\n<a href=\"https:\/\/www.youtube.com\/watch?v=oerSsjmUcf4#t=17\">https:\/\/www.youtube.com\/watch?v=oerSsjmUcf4#t=17<\/a><br \/>\n<strong>Tutorials GIMP<\/strong><br \/>\n<a href=\"http:\/\/www.xtec.cat\/~figlesi2\/fotos\/videos.htm\">http:\/\/www.xtec.cat\/~figlesi2\/fotos\/videos.htm<\/a><br \/>\n<a href=\"http:\/\/\">http:\/\/www.youtube.com\/watch?v=xgHmSdpjEIk<\/a><br \/>\n<a href=\"http:\/\/\">http:\/\/www.youtube.com\/profile?feature=iv&amp;<\/p>\n<p><strong>Libros online<\/strong><\/p>\n<p><a href=\"http:\/\/\">http:\/\/leerlibrosonline.net\/<\/a><br \/>\n<a href=\"http:\/\/\">http:\/\/www.ellibrototal.com\/ltotal\/<\/a><br \/>\n<a href=\"http:\/\/\">http:\/\/www.24symbols.com\/es\/<\/a><br \/>\n<a href=\"http:\/\/\">http:\/\/www.palabravirtual.com\/<\/a><\/p>\n<p><strong>Edici\u00f3 v\u00eddeo<\/strong><\/p>\n<p><a href=\"http:\/\/\">https:\/\/www.filelab.com\/<\/a><br \/>\n<a href=\"http:\/\/\">http:\/\/format-factory.softonic.com\/<\/a><br \/>\n<a href=\"http:\/\/\">http:\/\/www.hamstersoft.com\/<\/a><br \/>\n<a href=\"http:\/\/\">http:\/\/www.dvdvideosoft.com\/es\/free-dvd-video-software.htm<\/a><\/p>\n<p><strong>Recursos i borses de treball  per la inserci\u00f3 laboral<\/strong><\/p>\n<p><a href=\"http:\/\/\">www.modelocurriculum.net\/antes-de-comenzar-a-escribir-el-curriculum.html<\/a><br \/>\n<a href=\"http:\/\/\">http:\/\/tujob.blogspot.com.es<\/a><br \/>\n<a href=\"http:\/\/\">www.videocurriculum.es<\/a><br \/>\n<a href=\"http:\/\/www.tumeves.com\/\">http:\/\/www.tumeves.com\/<\/a><br \/>\n<a href=\"http:\/\/\">www.hacercurriculum.net\/los-ejemplos-de-video-curriculum-a-seguir.html<\/a><br \/>\n<a href=\"http:\/\/\">www.modelocurriculum.net\/tipos-de-curriculum.html<\/a><br \/>\n<a href=\"http:\/\/\">http:\/\/imo.paeria.cat\/competencies\/index.php<\/a><br \/>\n<a href=\"http:\/\/\">http:\/\/www.oficinaempleo.com\/content\/carta\/carta2a.html<\/a><br \/>\n<a href=\"http:\/\/www.tv3.cat\/searcher\/tvc\/searchingVideos.jsp?acat=BB_APRENENT&amp;catname=L%27aprenent\">http:\/\/www.tv3.cat\/searcher\/tvc\/searchingVideos.jsp?acat=BB_APRENENT&amp;catname=L%27aprenent<\/a><br \/>\n<a href=\"http:\/\/\">http:\/\/w27.bcn.cat\/porta22\/cat\/\/sectors\/sectors.do<\/a><br \/>\n<a href=\"http:\/\/\">http:\/\/www.youtube.com\/watch?v=KQ-TpszsZAk<\/a><br \/>\n<a href=\"http:\/\/\">http:\/\/www.lanbide.net\/plsql\/tp_menu?idioma=C<\/a><br \/>\n<a href=\"http:\/\/\">http:\/\/www.youtube.com\/watch?v=P2pnzSOc4S4<\/a><br \/>\n<a href=\"http:\/\/\">http:\/\/competentes.wordpress.com\/<\/a><br \/>\n<a href=\"http:\/\/\">http:\/\/techtastico.com\/post\/como-hacer-un-curriculum-que-impresione-curriculum-en-video\/<\/a><br \/>\n<a href=\"http:\/\/\">http:\/\/w27.bcn.cat\/porta22\/images\/cat\/2_Balanc_Professional_2_MERCAT_%20DE_TREBALL_CAT_Intranet_P22_tcm9-3810.pdf<\/a><br \/>\n<a href=\"http:\/\/\">http:\/\/www.micvweb.com\/VideoMicvweb.asp<\/a><br \/>\n<a href=\"http:\/\/www.incubadoraonline.com\/noticias\/blogs\/blog-de-mercedes-galan\/275-el-cv-20-como-hacerlo-como-tunearlo-y-otras-ideas-peores\">http:\/\/www.incubadoraonline.com\/noticias\/blogs\/blog-de-mercedes-galan\/275-el-cv-20-como-hacerlo-como-tunearlo-y-otras-ideas-peores<\/a><br \/>\n<a href=\"http:\/\/xarxaomnia.gencat.cat\/blocs\/odc\/tastam-recursos-per-locupabilitat\/\">http:\/\/xarxaomnia.gencat.cat\/blocs\/odc\/tastam-recursos-per-locupabilitat\/<\/a><br \/>\n<a href=\"http:\/\/\">http:\/\/www.indeed.es\/<\/a><br \/>\n<a href=\"http:\/\/www.xtec.es\/aulanet\/ud\/cf\/curriculum\/index.htm\">http:\/\/www.xtec.es\/aulanet\/ud\/cf\/curriculum\/index.htm\t   <\/a><br \/>\n<a href=\"www.oficinadetreball.cat\">www.oficinadetreball.cat<\/a><br \/>\n<a href=\"www.laboris.net\">www.laboris.net<\/a><br \/>\n<a href=\"www.infojobs.net\t\">www.infojobs.net<\/a><br \/>\n<a href=\"www.currantes.com\">www.currantes.com<\/a><br \/>\n<a href=\"www.badaweb.com\">www.badaweb.com<\/a><br \/>\n<a href=\"www.trabajos.com\">www.trabajos.com<\/a><br \/>\n<a href=\"www.servijob.com\">www.servijob.com<\/a><br \/>\n<a href=\"www.monster.es\t\">www.monster.es<\/a><br \/>\n<a href=\"www.infoempleo.com\">www.infoempleo.com<\/a><br \/>\n<a href=\"www.empleo.com\t \">www.empleo.com <\/a><br \/>\n<a href=\"www.empleo.org \">www.empleo.org <\/a><br \/>\n<a href=\"www.trabajar.com\">www.trabajar.com<\/a><br \/>\n<a href=\"www.loquo.com\">www.loquo.com<\/a><br \/>\n<a href=\"www.educajob.com\">www.educajob.com<\/a><br \/>\n<a href=\"www.inforesidencies.com \">www.inforesidencies.com<\/a><br \/>\n<a href=\"www.jobsonmap.com\">www.jobsonmap.com<\/a><br \/>\n<a href=\"www.infolancer.net \">www.infolancer.net <\/a><br \/>\n<a href=\"www.todotrabajo.com \">www.todotrabajo.com <\/a><br \/>\n<a href=\"www.infoempleo.com\">www.infoempleo.com<\/a><br \/>\n<a href=\"www.servijob.com\">www.servijob.com<\/a>\t   <\/p>\n<p><strong>&#8211; Edici\u00f3n digital-<\/strong><\/p>\n<p><a href=\"http:\/\/www.picnik.com\/\">http:\/\/www.picnik.com\/\t   <\/a><br \/>\n<a href=\"http:\/\/www.pixlr.com\/editor\/?loc=es\">http:\/\/www.pixlr.com\/editor\/?loc=es<br \/>\n<\/a><a href=\"http:\/\/www.flauntr.com\/flauntr\/index.jsp?lang=es\">http:\/\/www.flauntr.com\/flauntr\/index.jsp?lang=es<\/a><a href=\"http:\/\/www.aviary.com\/\">http:\/\/www.aviary.com\/<\/a><br \/>\n<a href=\"http:\/\/www.sumopaint.com\/home\/\">http:\/\/www.sumopaint.com\/home\/<\/a><br \/>\n<a href=\"http:\/\/es.funphotobox.com\/effects.aspx\">http:\/\/es.funphotobox.com\/effects.aspx<\/a><br \/>\n<a href=\"http:\/\/es.photofunia.com\/\">http:\/\/es.photofunia.com\/<\/a><br \/>\n<a href=\"http:\/\/\">http:\/\/www.loonapix.com\/es\/<\/a><br \/>\n<a href=\"http:\/\/\">http:\/\/www.picmonkey.com\/<\/a><\/p>\n<p><strong>&#8211; Cercador d&#8217;imatges lliures-<\/strong><br \/>\n<a href=\"http:\/\/search.creativecommons.org\/\">http:\/\/search.creativecommons.org\/<\/a><br \/>\n<a href=\"http:\/\/www.everystockphoto.com\/\">http:\/\/www.everystockphoto.com\/<br \/>\n<\/a><a href=\"http:\/\/www.flickr.com\/creativecommons\/\">http:\/\/www.flickr.com\/creativecommons\/<br \/>\n<\/a><\/p>\n<p><strong>Usuaris<\/strong><\/p>\n<p>Este es el v\u00eddeo que se ha realizado en Pomar como ejemplo de lo activas que son las <strong>personas mayores<\/strong> que vienen al \u00d2mnia y para motivar a otros que no lo son. Se proyectar\u00e1 en el 6\u00ba Congreso de Gent gran en Barcelona el pr\u00f3ximo mes de noviembre\/10.  gracias a todos los participantes y felicitaciones.<\/p>\n<p><strong>Para verlo, pulsar la tecla CTRL+clic con el rat\u00f3n en la siguiente direcci\u00f3n:<\/strong><br \/>\nh<a href=\"http:\/\/punttic.cat\/videos_de_la_reunio_de_gent_gran_a_lomnia_av_pomar\">ttp:\/\/punttic.cat\/videos_de_la_reunio_de_gent_gran_a_lomnia_av_pomar<\/a><\/p>\n<p><em><strong>Nieve en Pomar_Marzo 2009_presentaci\u00f3n de fotos<\/strong><\/em><br \/>\n<a href=\"http:\/\/www.youtube.com\/watch?v=I0bVtbxG6mQ\">http:\/\/www.youtube.com\/watch?v=I0bVtbxG6mQ<br \/>\n<\/a><br \/>\n<em><strong>Entrevista a la Dinamizadora y algunos usuarios<\/strong><\/em><br \/>\n<a href=\"http:\/\/punttic.cat\/node\/7614\">http:\/\/punttic.cat\/node\/7614<\/a><\/p>\n","protected":false},"excerpt":{"rendered":"<p>Recursos generals Repositorio tasta&#8217;m: cursos d&#8217;angl\u00e8s, jocs educatius, llibres de fotos, jocs educatius i solidaris, creaci\u00f3 musical y moltes m\u00e9s p\u00e1gines&#8230; http:\/\/xarxaomnia.gencat.cat\/blocs\/odc\/ Jocs de teclat, ratol\u00ed i menus http:\/\/www.pbclibrary.org\/raton\/mousercise.htm http:\/\/www.xtec.cat\/~figlesi2\/mecanografia\/teclat.htm&#8221; target=&#8221;_blank&#8221;&gt; http:\/\/xarxaomnia.gencat.cat\/blocs\/odc\/tastam-aprendre-a-escriure-amb-lordinador\/ http:\/\/www.xtec.net\/~figlesi2\/menus.htm http:\/\/www.societatdelainformacio.com\/alfabetitzacio\/ http:\/\/www.livemanual.info\/ http:\/\/www.aulafacil.com\/ http:\/\/www.edu365.cat\/eso\/muds\/tecnologia\/maquinari\/index.htm http:\/\/www.aulaclic.es\/ Recursos per preparar el certificat Actic http:\/\/actic.citilab.eu\/ http:\/\/acreditacioactic-medio.blogspot.com.es\/ Mecanografia http:\/\/www.cursomeca.es http:\/\/www.mecanografia.cat\/ http:\/\/www.societatdelainformacio.com\/alfabetitzacio\/ http:\/\/www.vedoque.com\/juegos\/mecano\/ http:\/\/www.futurinet.com\/meca\/ http:\/\/www.sense-lang.org\/typing\/spanish-key.php http:\/\/www.keybr.com\/ http:\/\/hayqueverlo.com\/taca-taca-mecanografia &#8230; <span class=\"more\"><a class=\"more-link\" href=\"https:\/\/bloc.xarxa-omnia.org\/pomar\/enlaces\/\">[Read more&#8230;]<\/a><\/span><\/p>\n","protected":false},"author":101,"featured_media":0,"parent":0,"menu_order":0,"comment_status":"closed","ping_status":"closed","template":"","meta":{"footnotes":""},"class_list":["entry","page","publish","author-omniaavvpomar","post-235"],"_links":{"self":[{"href":"https:\/\/bloc.xarxa-omnia.org\/pomar\/wp-json\/wp\/v2\/pages\/235","targetHints":{"allow":["GET"]}}],"collection":[{"href":"https:\/\/bloc.xarxa-omnia.org\/pomar\/wp-json\/wp\/v2\/pages"}],"about":[{"href":"https:\/\/bloc.xarxa-omnia.org\/pomar\/wp-json\/wp\/v2\/types\/page"}],"author":[{"embeddable":true,"href":"https:\/\/bloc.xarxa-omnia.org\/pomar\/wp-json\/wp\/v2\/users\/101"}],"replies":[{"embeddable":true,"href":"https:\/\/bloc.xarxa-omnia.org\/pomar\/wp-json\/wp\/v2\/comments?post=235"}],"version-history":[{"count":391,"href":"https:\/\/bloc.xarxa-omnia.org\/pomar\/wp-json\/wp\/v2\/pages\/235\/revisions"}],"predecessor-version":[{"id":1920,"href":"https:\/\/bloc.xarxa-omnia.org\/pomar\/wp-json\/wp\/v2\/pages\/235\/revisions\/1920"}],"wp:attachment":[{"href":"https:\/\/bloc.xarxa-omnia.org\/pomar\/wp-json\/wp\/v2\/media?parent=235"}],"curies":[{"name":"wp","href":"https:\/\/api.w.org\/{rel}","templated":true}]}}