{"id":6,"date":"2018-07-09T14:07:56","date_gmt":"2018-07-09T14:07:56","guid":{"rendered":"http:\/\/xarxaomnia.gencat.cat\/blocs\/puntomniacpsfpalau\/?page_id=6"},"modified":"2018-07-26T07:57:49","modified_gmt":"2018-07-26T07:57:49","slug":"qui-som","status":"publish","type":"page","link":"https:\/\/bloc.xarxa-omnia.org\/puntomniacpsfpalau\/qui-som\/","title":{"rendered":"Qui som?"},"content":{"rendered":"<p><img loading=\"lazy\" decoding=\"async\" class=\"alignright size-thumbnail wp-image-99\" src=\"http:\/\/xarxaomnia.gencat.cat\/blocs\/puntomniacpsfpalau\/files\/2018\/07\/19fa2277980e7f0d4ce9daed8b3809e8-150x150.png\" alt=\"19fa2277980e7f0d4ce9daed8b3809e8\" width=\"150\" height=\"150\" srcset=\"https:\/\/bloc.xarxa-omnia.org\/puntomniacpsfpalau\/files\/2018\/07\/19fa2277980e7f0d4ce9daed8b3809e8-150x150.png 150w, https:\/\/bloc.xarxa-omnia.org\/puntomniacpsfpalau\/files\/2018\/07\/19fa2277980e7f0d4ce9daed8b3809e8-300x300.png 300w, https:\/\/bloc.xarxa-omnia.org\/puntomniacpsfpalau\/files\/2018\/07\/19fa2277980e7f0d4ce9daed8b3809e8-768x768.png 768w, https:\/\/bloc.xarxa-omnia.org\/puntomniacpsfpalau\/files\/2018\/07\/19fa2277980e7f0d4ce9daed8b3809e8.png 800w\" sizes=\"auto, (max-width: 150px) 100vw, 150px\" \/>El nostre Punt \u00d2mnia \u00e9s un programa de caire social, preventiu i socioeducatiu que genera un espai d&#8217;acollida per a usuaris amb desavantatges formatives, econ\u00f2miques y culturals on els hi proporcionem un lloc d&#8217;interacci\u00f3 amb les TIC&#8217;s.<\/p>\n<p>Alguns dels objectius principals que volem aconseguir en el nostre Punt \u00d2mnia, s\u00f3n les seg\u00fcents:<\/p>\n<div class=\"panel panel-default\">\n<div id=\"bloc5\" class=\"panel-collapse collapse in\">\n<div class=\"col-xs-12\">\n<div class=\"cos_bloc basic_text_peq pd-15\">\n<div class=\"Section1\">\n<ul>\n<li>Afavorir l&#8217;autonomia de les persones mitjan\u00e7ant l&#8217;\u00fas de les TIC.<\/li>\n<li>\n<div>Afavorir les relacions interpersonals, aix\u00ed com la vinculaci\u00f3 de les persones a la comunitat.<\/div>\n<\/li>\n<li>\n<div>Desenvolupar les habilitats i les capacitats personals i ocupacionals dels usuaris a trav\u00e9s de l&#8217;acc\u00e9s a les noves tecnologies i de processos de formaci\u00f3 i reciclatge.<\/div>\n<\/li>\n<li>\n<div>Dinamitzar les diferents associacions del\u00a0Prat de Llobregat\u00a0perqu\u00e8 accedeixin a la societat de la informaci\u00f3, per tal de poder millorar les seves actuacions i participar en la prevenci\u00f3 i lluita contra l&#8217;exclusi\u00f3 social.<\/div>\n<\/li>\n<li>\n<div>Promoure i refor\u00e7ar les xarxes existents per afavorir la cohesi\u00f3 social.<\/div>\n<\/li>\n<\/ul>\n<p>&nbsp;<\/p>\n<p style=\"text-align: center\"><strong>Les accions que es duen en el marc del programa \u00d2mnia es fonamenten en tres eixos d\u2019intervenci\u00f3:<\/strong><\/p>\n<p><strong>La inserci\u00f3 social i laboral:<\/strong>\u00a0Aquest eix potencia la integraci\u00f3 de les persones en risc d\u2019exclusi\u00f3 social i laboral. D\u2019una banda, s\u2019ofereixen eines per trobar recursos a la xarxa i poder esdevenir autosuficients en la vida quotidiana. D\u2019altra banda, pel que fa a les persones en situaci\u00f3 d\u2019atur, des del programa se les posa en contacte amb els serveis d\u2019orientaci\u00f3 laboral i\/o social del territori i se\u2019ls facilita un conjunt d\u2019h\u00e0bits i compet\u00e8ncies perqu\u00e8 accedeixin al mercat laboral en les millors condicions.<\/p>\n<p>Amb una an\u00e0lisi pr\u00e8via tant dels recursos existents com dels col\u00b7lectius s\u2019elabora una proposta de programaci\u00f3 que doni resposta a les necessitats socials i laborals.<\/p>\n<p><strong>El treball comunitari:<\/strong>\u00a0Aquest eix potencia el treball en xarxa entre les entitats socials i educatives i els serveis del territori, aix\u00ed com les xarxes personals dels mateixos participants del programa. L\u2019acci\u00f3 comunit\u00e0ria ha de contribuir a teixir lligams entre les diferents institucions, programes i entitats ubicades als barris, amb l\u2019objectiu de millorar la qualitat de vida i les oportunitats dels seus habitants, enfortir el sentiment de pertinen\u00e7a a una comunitat, aix\u00ed com afavorir un major coneixement i suport mutu entre ve\u00efns d\u2019un mateix territori.<\/p>\n<p><strong>L\u2019aprenentatge:<\/strong>\u00a0Aquest eix garanteix que les persones amb pocs coneixements digitals obtinguin una formaci\u00f3 b\u00e0sica en el camp de les tecnologies de la informaci\u00f3 i comunicaci\u00f3 que eviti la seva desconnexi\u00f3 en relaci\u00f3 al que succeeix al seu voltant. A trav\u00e9s d\u2019activitats que utilitzen les eines digitals, els participants al programa adquireixen coneixements i habilitats relacionades amb l\u2019aprenentatge de la llengua, l\u2019acc\u00e9s a la cultura, la relaci\u00f3 amb les administracions o la recerca activa de feina.<\/p>\n<\/div>\n<\/div>\n<\/div>\n<\/div>\n<\/div>\n<div class=\"panel panel-default\">\u00a0En el dia a dia de l\u2019entitat, i des de la nostra identitat cristiana, vivim i promovem aquests valors:<br \/>\n\u2013 <strong>ACOLLIDA<\/strong> a les persones des de l\u2019escolta activa i l\u2019empatia;<br \/>\n\u2013 <strong>RESPECTE<\/strong> a les diferents realitats personals, decisions, ritmes i maneres de fer;<img loading=\"lazy\" decoding=\"async\" class=\"alignright size-medium wp-image-101\" src=\"http:\/\/xarxaomnia.gencat.cat\/blocs\/puntomniacpsfpalau\/files\/2018\/07\/f25686a2e1ea800e9c38b7fafdd16c60-300x225.png\" alt=\"f25686a2e1ea800e9c38b7fafdd16c60\" width=\"300\" height=\"225\" srcset=\"https:\/\/bloc.xarxa-omnia.org\/puntomniacpsfpalau\/files\/2018\/07\/f25686a2e1ea800e9c38b7fafdd16c60-300x225.png 300w, https:\/\/bloc.xarxa-omnia.org\/puntomniacpsfpalau\/files\/2018\/07\/f25686a2e1ea800e9c38b7fafdd16c60.png 400w\" sizes=\"auto, (max-width: 300px) 100vw, 300px\" \/><br \/>\n\u2013 <strong>RESPONSABILITAT<\/strong> en la nostra tasca per fer el b\u00e9 i fer-ho b\u00e9;<br \/>\n\u2013 <strong>COMPROM\u00cdS<\/strong> amb les persones per construir un entorn socialment m\u00e9s just i fratern;<br \/>\n\u2013 <strong>SOLIDARITAT<\/strong> com a motor de la nostra acci\u00f3 social i comunit\u00e0ria.<\/div>\n<p>&nbsp;<\/p>\n<p style=\"text-align: center\"><em><strong>&#8220;El m\u00f3n no \u00e9s, el m\u00f3n est\u00e0 sent&#8230;&#8221;<\/strong><\/em><\/p>\n<p>&nbsp;<\/p>\n<p>&nbsp;<\/p>\n","protected":false},"excerpt":{"rendered":"<p>El nostre Punt \u00d2mnia \u00e9s un programa de caire social, preventiu i socioeducatiu que genera un espai d&#8217;acollida per a usuaris amb desavantatges formatives, econ\u00f2miques y culturals on els hi proporcionem un lloc d&#8217;interacci\u00f3 amb les TIC&#8217;s. Alguns dels objectius principals que volem aconseguir en el nostre Punt \u00d2mnia, s\u00f3n les seg\u00fcents: Afavorir l&#8217;autonomia de [&hellip;]<\/p>\n","protected":false},"author":194,"featured_media":0,"parent":0,"menu_order":0,"comment_status":"closed","ping_status":"closed","template":"","meta":{"ngg_post_thumbnail":0,"footnotes":""},"class_list":["post-6","page","type-page","status-publish","czr-hentry"],"_links":{"self":[{"href":"https:\/\/bloc.xarxa-omnia.org\/puntomniacpsfpalau\/wp-json\/wp\/v2\/pages\/6","targetHints":{"allow":["GET"]}}],"collection":[{"href":"https:\/\/bloc.xarxa-omnia.org\/puntomniacpsfpalau\/wp-json\/wp\/v2\/pages"}],"about":[{"href":"https:\/\/bloc.xarxa-omnia.org\/puntomniacpsfpalau\/wp-json\/wp\/v2\/types\/page"}],"author":[{"embeddable":true,"href":"https:\/\/bloc.xarxa-omnia.org\/puntomniacpsfpalau\/wp-json\/wp\/v2\/users\/194"}],"replies":[{"embeddable":true,"href":"https:\/\/bloc.xarxa-omnia.org\/puntomniacpsfpalau\/wp-json\/wp\/v2\/comments?post=6"}],"version-history":[{"count":11,"href":"https:\/\/bloc.xarxa-omnia.org\/puntomniacpsfpalau\/wp-json\/wp\/v2\/pages\/6\/revisions"}],"predecessor-version":[{"id":105,"href":"https:\/\/bloc.xarxa-omnia.org\/puntomniacpsfpalau\/wp-json\/wp\/v2\/pages\/6\/revisions\/105"}],"wp:attachment":[{"href":"https:\/\/bloc.xarxa-omnia.org\/puntomniacpsfpalau\/wp-json\/wp\/v2\/media?parent=6"}],"curies":[{"name":"wp","href":"https:\/\/api.w.org\/{rel}","templated":true}]}}