{"id":2,"date":"2011-05-18T10:30:57","date_gmt":"2011-05-18T10:30:57","guid":{"rendered":""},"modified":"2013-10-02T12:10:49","modified_gmt":"2013-10-02T10:10:49","slug":"about","status":"publish","type":"page","link":"https:\/\/bloc.xarxa-omnia.org\/puntsmniamanresa\/about\/","title":{"rendered":"Qui som?"},"content":{"rendered":"<p style=\"text-align: justify;\">El <strong><span style=\"color: #99cc00;\">Punt \u00d2mnia La Balconada<\/span><\/strong>, el <span style=\"color: #800080;\"><strong>Punt \u00d2mnia Pare Ignasi Puig (el Xup)<\/strong><\/span> i el <span style=\"color: #3366ff;\"><strong>Punt \u00d2mnia AV Font dels Capellans<\/strong><\/span> han creat aquest bloc  de la Xarxa \u00d2mnia\u00a0 per explicar, a partir d\u2019ara, totes les activitats  que realitzen conjuntament a nivell de ciutat.<\/p>\n","protected":false},"excerpt":{"rendered":"<p>El Punt \u00d2mnia La Balconada, el Punt \u00d2mnia Pare Ignasi Puig (el Xup) i el Punt \u00d2mnia AV Font dels Capellans han creat aquest bloc de la Xarxa \u00d2mnia\u00a0 per explicar, a partir d\u2019ara, totes les activitats que realitzen conjuntament a nivell de ciutat.<\/p>\n","protected":false},"author":138,"featured_media":0,"parent":0,"menu_order":2,"comment_status":"open","ping_status":"open","template":"","meta":{"footnotes":""},"class_list":["post-2","page","type-page","status-publish","hentry"],"_links":{"self":[{"href":"https:\/\/bloc.xarxa-omnia.org\/puntsmniamanresa\/wp-json\/wp\/v2\/pages\/2","targetHints":{"allow":["GET"]}}],"collection":[{"href":"https:\/\/bloc.xarxa-omnia.org\/puntsmniamanresa\/wp-json\/wp\/v2\/pages"}],"about":[{"href":"https:\/\/bloc.xarxa-omnia.org\/puntsmniamanresa\/wp-json\/wp\/v2\/types\/page"}],"author":[{"embeddable":true,"href":"https:\/\/bloc.xarxa-omnia.org\/puntsmniamanresa\/wp-json\/wp\/v2\/users\/138"}],"replies":[{"embeddable":true,"href":"https:\/\/bloc.xarxa-omnia.org\/puntsmniamanresa\/wp-json\/wp\/v2\/comments?post=2"}],"version-history":[{"count":4,"href":"https:\/\/bloc.xarxa-omnia.org\/puntsmniamanresa\/wp-json\/wp\/v2\/pages\/2\/revisions"}],"predecessor-version":[{"id":174,"href":"https:\/\/bloc.xarxa-omnia.org\/puntsmniamanresa\/wp-json\/wp\/v2\/pages\/2\/revisions\/174"}],"wp:attachment":[{"href":"https:\/\/bloc.xarxa-omnia.org\/puntsmniamanresa\/wp-json\/wp\/v2\/media?parent=2"}],"curies":[{"name":"wp","href":"https:\/\/api.w.org\/{rel}","templated":true}]}}