{"id":5,"date":"2013-04-17T10:12:00","date_gmt":"2013-04-17T10:12:00","guid":{"rendered":"http:\/\/xarxaomnia.gencat.cat\/blocs\/puntsomniaterrassa\/horaris-dels-punts\/"},"modified":"2013-04-17T10:12:00","modified_gmt":"2013-04-17T10:12:00","slug":"horaris-dels-punts","status":"publish","type":"page","link":"https:\/\/bloc.xarxa-omnia.org\/puntsomniaterrassa\/horaris-dels-punts\/","title":{"rendered":"HORARIS DELS PUNTS"},"content":{"rendered":"<div style=\"text-align: center;\"><span style=\"font-size: large;\"><b>PUNT OMNIA BONAIRE<\/b><\/span><\/p>\n<div class=\"separator\" style=\"clear: both; text-align: center;\"><a href=\"http:\/\/1.bp.blogspot.com\/-YOMbFMi8Stc\/UW7SXb26k_I\/AAAAAAAAAEM\/wG0dsT9l4Dg\/s1600\/HORARI+PUNT+%C3%92MNIA+ABRIL-JUNY+2013+P%C3%9ABLIC+COLORS.jpg\" imageanchor=\"1\" style=\"margin-left: 1em; margin-right: 1em;\"><img loading=\"lazy\" decoding=\"async\" border=\"0\" src=\"http:\/\/1.bp.blogspot.com\/-YOMbFMi8Stc\/UW7SXb26k_I\/AAAAAAAAAEM\/wG0dsT9l4Dg\/s1600\/HORARI+PUNT+%C3%92MNIA+ABRIL-JUNY+2013+P%C3%9ABLIC+COLORS.jpg\" height=\"226\" width=\"320\" \/><\/a><\/div>\n<p><b><span style=\"font-size: large;\">PUNT \u00d2MNIA AAVV SANT LLOREN\u00c7<\/span><\/b><\/div>\n<div style=\"text-align: center;\"><\/div>\n<div class=\"separator\" style=\"clear: both; text-align: center;\"><\/div>\n<div class=\"separator\" style=\"clear: both; text-align: center;\"><\/div>\n<div class=\"separator\" style=\"clear: both; text-align: center;\"><a href=\"http:\/\/4.bp.blogspot.com\/-L6hV405ZioE\/UQouCVbT8bI\/AAAAAAAAADg\/2pGnz2O6zuY\/s1600\/GENER-FEBRER-MAR%25C3%2587+2013.jpg\" imageanchor=\"1\" style=\"margin-left: 1em; margin-right: 1em;\"><img loading=\"lazy\" decoding=\"async\" border=\"0\" src=\"http:\/\/4.bp.blogspot.com\/-L6hV405ZioE\/UQouCVbT8bI\/AAAAAAAAADg\/2pGnz2O6zuY\/s320\/GENER-FEBRER-MAR%25C3%2587+2013.jpg\" height=\"244\" width=\"320\" \/><\/a><\/div>\n<div class=\"separator\" style=\"clear: both; text-align: center;\"><\/div>\n<div class=\"separator\" style=\"clear: both; text-align: center;\"><\/div>\n<div class=\"separator\" style=\"clear: both; text-align: center;\"><\/div>\n<div class=\"separator\" style=\"clear: both; text-align: center;\"><b><span style=\"font-size: large;\">PUNT \u00d2MNIA &nbsp; A.A.VV MONTSERRAT&nbsp;<\/span><\/b><\/div>\n<div class=\"separator\" style=\"clear: both; text-align: center;\"><b><span style=\"font-size: large;\"><br \/><\/span><\/b><\/div>\n<div class=\"separator\" style=\"clear: both; text-align: center;\"><\/div>\n<div class=\"separator\" style=\"clear: both; text-align: center;\"><\/div>\n<div class=\"separator\" style=\"clear: both; text-align: center;\"><\/div>\n<div class=\"separator\" style=\"clear: both; text-align: center;\"><\/div>\n<div class=\"separator\" style=\"clear: both; text-align: center;\"><\/div>\n<div class=\"separator\" style=\"clear: both; text-align: center;\"><\/div>\n<div class=\"separator\" style=\"clear: both; text-align: center;\"><\/div>\n<div class=\"separator\" style=\"clear: both; text-align: center;\"><\/div>\n<div class=\"separator\" style=\"clear: both; text-align: center;\"><\/div>\n<div class=\"separator\" style=\"clear: both; text-align: center;\"><\/div>\n<div class=\"separator\" style=\"clear: both; text-align: center;\"><\/div>\n<div class=\"separator\" style=\"clear: both; text-align: center;\"><a href=\"http:\/\/1.bp.blogspot.com\/-s_wvA_C7-9g\/UQoujhgyHfI\/AAAAAAAAADo\/L4EejseQ6GI\/s1600\/horari+2013-1.jpg\" imageanchor=\"1\" style=\"margin-left: 1em; margin-right: 1em;\"><img loading=\"lazy\" decoding=\"async\" border=\"0\" src=\"http:\/\/1.bp.blogspot.com\/-s_wvA_C7-9g\/UQoujhgyHfI\/AAAAAAAAADo\/L4EejseQ6GI\/s320\/horari+2013-1.jpg\" height=\"265\" width=\"320\" \/><\/a><\/div>\n<div class=\"separator\" style=\"clear: both; text-align: center;\"><\/div>\n<div class=\"separator\" style=\"clear: both; text-align: center;\"><\/div>\n<div class=\"separator\" style=\"clear: both; text-align: center;\"><b><span style=\"font-size: large;\"><br \/><\/span><\/b><\/div>\n<div class=\"separator\" style=\"clear: both; text-align: center;\"><\/div>\n<div class=\"separator\" style=\"clear: both; text-align: center;\"><b><span style=\"font-size: large;\">PUNT \u00d2MNIA EGARA<\/span><\/b><\/div>\n<div class=\"separator\" style=\"clear: both; text-align: center;\"><\/div>\n<div class=\"separator\" style=\"clear: both; text-align: center;\"><a href=\"http:\/\/4.bp.blogspot.com\/--bFpc0_S8t4\/URoGmVtyVrI\/AAAAAAAAAD8\/eQfxt8tRH4g\/s1600\/Horas_Egara.jpg\" imageanchor=\"1\" style=\"margin-left: 1em; margin-right: 1em;\"><img loading=\"lazy\" decoding=\"async\" border=\"0\" src=\"http:\/\/4.bp.blogspot.com\/--bFpc0_S8t4\/URoGmVtyVrI\/AAAAAAAAAD8\/eQfxt8tRH4g\/s320\/Horas_Egara.jpg\" height=\"188\" width=\"320\" \/><\/a><\/div>\n<div class=\"separator\" style=\"clear: both; text-align: center;\"><\/div>\n<div class=\"separator\" style=\"clear: both; text-align: center;\"><b><span style=\"font-size: large;\"><br \/><\/span><\/b><\/div>\n<div class=\"separator\" style=\"clear: both; text-align: center;\"><\/div>\n<p><\/p>\n","protected":false},"excerpt":{"rendered":"<p>PUNT OMNIA BONAIRE PUNT \u00d2MNIA AAVV SANT LLOREN\u00c7 PUNT \u00d2MNIA &nbsp; A.A.VV MONTSERRAT&nbsp; PUNT \u00d2MNIA EGARA<\/p>\n","protected":false},"author":103,"featured_media":0,"parent":0,"menu_order":0,"comment_status":"open","ping_status":"open","template":"","meta":{"footnotes":""},"class_list":["post-5","page","type-page","status-publish","hentry"],"_links":{"self":[{"href":"https:\/\/bloc.xarxa-omnia.org\/puntsomniaterrassa\/wp-json\/wp\/v2\/pages\/5","targetHints":{"allow":["GET"]}}],"collection":[{"href":"https:\/\/bloc.xarxa-omnia.org\/puntsomniaterrassa\/wp-json\/wp\/v2\/pages"}],"about":[{"href":"https:\/\/bloc.xarxa-omnia.org\/puntsomniaterrassa\/wp-json\/wp\/v2\/types\/page"}],"author":[{"embeddable":true,"href":"https:\/\/bloc.xarxa-omnia.org\/puntsomniaterrassa\/wp-json\/wp\/v2\/users\/103"}],"replies":[{"embeddable":true,"href":"https:\/\/bloc.xarxa-omnia.org\/puntsomniaterrassa\/wp-json\/wp\/v2\/comments?post=5"}],"version-history":[{"count":0,"href":"https:\/\/bloc.xarxa-omnia.org\/puntsomniaterrassa\/wp-json\/wp\/v2\/pages\/5\/revisions"}],"wp:attachment":[{"href":"https:\/\/bloc.xarxa-omnia.org\/puntsomniaterrassa\/wp-json\/wp\/v2\/media?parent=5"}],"curies":[{"name":"wp","href":"https:\/\/api.w.org\/{rel}","templated":true}]}}