{"id":6,"date":"2013-02-15T02:18:00","date_gmt":"2013-02-15T02:18:00","guid":{"rendered":"http:\/\/xarxaomnia.gencat.cat\/blocs\/puntsomniaterrassa\/qui-som-i-on-ens-trobem\/"},"modified":"2013-05-18T17:33:21","modified_gmt":"2013-05-18T15:33:21","slug":"qui-som-i-on-ens-trobem","status":"publish","type":"page","link":"https:\/\/bloc.xarxa-omnia.org\/puntsomniaterrassa\/qui-som-i-on-ens-trobem\/","title":{"rendered":"QUI SOM I ON ENS TROBEM"},"content":{"rendered":"<h2><span style=\"text-decoration: underline;\"><span style=\"color: #999999;\">Punt \u00d2mnia AV Can Jofresa<\/span><\/span><\/h2>\n<h3 class=\"field-label\">Descripci\u00f3<\/h3>\n<p>El punt \u00d2mnia de Can Jofresa t\u00e9 grups per totes les edats i treballa  conjuntament amb les entitats que pertanyen a l&#8217;associaci\u00f3 de ve\u00efns, com  s\u00f3n: la ludoteca i el club de  jubilats. Tamb\u00e9 treballa conjuntament amb la mateixa associaci\u00f3 de  ve\u00efns.<br \/>\nSi vols informar-te, truca per tel\u00e8fon de dilluns a divendres de 16:00  hores a 20:00 hores.<\/p>\n<div class=\"puntomnia-dades-contacte\">\n<h3>Dades de contacte<\/h3>\n<ul>\n<li><strong>Adre\u00e7a<\/strong><br \/>\nC. Igualada, s\/n<br \/>\n<a href=\"http:\/\/xarxa-omnia.org\/taxonomy\/term\/1571\">Terrassa<\/a><br \/>\n<a href=\"http:\/\/xarxa-omnia.org\/taxonomy\/term\/1213\">Vall\u00e8s Occidental<\/a> (Comarca)<br \/>\n<a href=\"http:\/\/xarxa-omnia.org\/taxonomy\/term\/1192\">Barcelona<\/a> (Demarcaci\u00f3 territorial)<\/li>\n<li><strong>Tel\u00e8fon<\/strong>: 937836545<\/li>\n<li><strong>E-correu<\/strong>: canjofresa@xarxa-omnia.org<\/li>\n<\/ul>\n<\/div>\n<h2><span style=\"color: #999999;\"><span style=\"text-decoration: underline;\">Punt \u00d2mnia AV Egara<\/span><\/span><\/h2>\n<h3 class=\"field-label\">Descripci\u00f3<\/h3>\n<p>El Punt \u00d2mnia de l&#8217;<strong>Associaci\u00f3 de Ve\u00efns d&#8217;\u00c8gara<\/strong> \u00e9s un servei obert per a <strong>totes <\/strong><strong>les persones<\/strong> que vulguin fer-ne \u00fas.<\/p>\n<div class=\"MsoNormal\">Realitzem <strong>Tallers d\u2019Iniciaci\u00f3, Nivell Mitj\u00e0 i Avan\u00e7at<\/strong> per infants, joves, adults i gent gran. Si vols passar unes horetes a la  setmana fent coses divertides amb l\u2019ordinador, aprenent i expressant  les teves idees&#8230; vine i apunta\u2019t!<\/div>\n<div class=\"puntomnia-dades-contacte\">\n<h3>Dades de contacte<\/h3>\n<ul>\n<li><strong>Adre\u00e7a<\/strong><br \/>\nPla\u00e7a de la Immaculada, 4<br \/>\n<a href=\"http:\/\/xarxa-omnia.org\/taxonomy\/term\/1571\">Terrassa<\/a><br \/>\n<a href=\"http:\/\/xarxa-omnia.org\/taxonomy\/term\/1213\">Vall\u00e8s Occidental<\/a> (Comarca)<br \/>\n<a href=\"http:\/\/xarxa-omnia.org\/taxonomy\/term\/1192\">Barcelona<\/a> (Demarcaci\u00f3 territorial)<\/li>\n<li><strong>Tel\u00e8fon<\/strong>: 937855661<\/li>\n<li><strong>E-correu<\/strong>: egara@xarxa-omnia.org<\/li>\n<\/ul>\n<h2><span style=\"text-decoration: underline;\"><span style=\"color: #999999;\">Punt \u00d2mnia Montserrat &#8211; Terrassa<\/span><\/span><\/h2>\n<h3 class=\"field-label\">Descripci\u00f3<\/h3>\n<p>Un espai on la interculturalitat&#8230; la tecnologia&#8230; y la conviv\u00e8ncia sempre estan presents&#8230;.<br \/>\n&#8230;el teu espai on poder navegar&#8230; aprendre&#8230; reciclar-te&#8230; o simplement entretenir-te&#8230; OMNIA Montserrat!!<\/p>\n<div class=\"puntomnia-dades-contacte\">\n<h3>Dades de contacte<\/h3>\n<ul>\n<li><strong>Adre\u00e7a<\/strong><br \/>\nGrups Montserrat, Bloc 2, baixos<br \/>\n<a href=\"http:\/\/xarxa-omnia.org\/taxonomy\/term\/1571\">Terrassa<\/a><br \/>\n<a href=\"http:\/\/xarxa-omnia.org\/taxonomy\/term\/1213\">Vall\u00e8s Occidental<\/a> (Comarca)<br \/>\n<a href=\"http:\/\/xarxa-omnia.org\/taxonomy\/term\/1192\">Barcelona<\/a> (Demarcaci\u00f3 territorial)<\/li>\n<li><strong>Tel\u00e8fon<\/strong>: 937848513<\/li>\n<li><strong>E-correu<\/strong>: montserrat@xarxa-omnia.org<\/li>\n<li class=\"web\"><strong>Web:<\/strong> <a href=\"http:\/\/www.xarxa-omnia.org\/montserrat\/\">http:\/\/www.xarxa-omnia.org\/montserrat\/<\/a><\/li>\n<\/ul>\n<\/div>\n<div class=\"puntomnia-dades-contacte\">\n<h2><span style=\"text-decoration: underline;\"><span style=\"color: #999999;\">Punt \u00d2mnia Casal C\u00edvic Terrassa &#8211; Pla de Bonaire &#8211; AV Pla de Bonaire<\/span><\/span><\/h2>\n<div id=\"punt-dades\">\n<h3 class=\"field-label\">Descripci\u00f3<\/h3>\n<p>Ens trobem al Casal C\u00edvic del barri Pla del Bonaire (c\/ Sabadell amb c\/  Matar\u00f3), un espai on podr\u00e0s aprendre amb diferents\u00a0 tallers, navegar  per internet, tamb\u00e9 reciclar-te, entretenir-te, cercar feina, fer nous  amics\/gues&#8230; i un munt de coses\u00a0 m\u00e9s que podr\u00e0s descobrir nom\u00e8s \u00a0si\u00a0 et  passes per aqu\u00ed.<br \/>\n<strong>T&#8217;esperem!<\/strong><\/p>\n<h3 class=\"field-label\">Horari<\/h3>\n<p>El Casal\u00a0C\u00edvic est\u00e0 obert de 9 a 21h<br \/>\ni la sala \u00d2mnia de 9h a 12:30h i de 16h a 19:30h<br \/>\n(cada trimestre amb\u00a0diferents horaris dels tallers i hores d&#8217;acc\u00e9s, <strong>consulta nous horaris<\/strong>!)<\/p>\n<\/div>\n<div id=\"punt-dades\">\n<div class=\"puntomnia-dades-contacte\">\n<h3>Dades de contacte<\/h3>\n<ul>\n<li><strong>Adre\u00e7a<\/strong><br \/>\nc\/ Sabadell, s\/n<br \/>\n<a href=\"http:\/\/xarxa-omnia.org\/taxonomy\/term\/1571\">Terrassa<\/a><br \/>\n<a href=\"http:\/\/xarxa-omnia.org\/taxonomy\/term\/1213\">Vall\u00e8s Occidental<\/a> (Comarca)<br \/>\n<a href=\"http:\/\/xarxa-omnia.org\/taxonomy\/term\/1192\">Barcelona<\/a> (Demarcaci\u00f3 territorial)<\/li>\n<li><strong>Tel\u00e8fon<\/strong>: 937352907<\/li>\n<li><strong>E-correu<\/strong>: pladebonaire@xarxa-omnia.org<\/li>\n<\/ul>\n<h2><span style=\"text-decoration: underline;\"><span style=\"color: #999999;\">Punt \u00d2mnia Grup Esplai la F\u00e0brica<\/span><\/span><\/h2>\n<h3 class=\"field-label\">Descripci\u00f3<\/h3>\n<p>Al punt \u00d2mnia del Grup Esplai la F\u00e0brica realitzem les seg\u00fcents activitats amb els seg\u00fcents col\u00b7lectius:<br \/>\nAdults: alfabetitzaci\u00f3 digital, web 2.0, activitats nivell 2, orientaci\u00f3 laboral i recerca de feina, acc\u00e9s lliure.<br \/>\nJoves: aula d&#8217;estudi, orientaci\u00f3 laboral i recerca de feina, taller de v\u00eddeo, acc\u00e9s lliure.<br \/>\nInfants: activitats l\u00fadic pedag\u00f2giques integrades en el centre d&#8217;inter\u00e8s de l&#8217;esplai.<br \/>\nTotes les activitats es realitzen de manera transversal amb altres  projectes de l&#8217;entitat i treballant sempre des d&#8217;una vessant de  dinamitzaci\u00f3 comunit\u00e0ria, especialment amb la coordinaci\u00f3 amb la pr\u00f2pia  entitat i l&#8217;AVV de Can Tusell i amb la participaci\u00f3 en diferents xarxes  de lleure, joventut i inserci\u00f3 laboral.<\/p>\n<div class=\"puntomnia-dades-contacte\">\n<h3>Dades de contacte<\/h3>\n<ul>\n<li><strong>Adre\u00e7a<\/strong><br \/>\nAv. B\u00e9jar \/ C. Tarragona (Casal C\u00edvic Can Tusell)<br \/>\n<a href=\"http:\/\/xarxa-omnia.org\/taxonomy\/term\/1571\">Terrassa<\/a><br \/>\n<a href=\"http:\/\/xarxa-omnia.org\/taxonomy\/term\/1213\">Vall\u00e8s Occidental<\/a> (Comarca)<br \/>\n<a href=\"http:\/\/xarxa-omnia.org\/taxonomy\/term\/1192\">Barcelona<\/a> (Demarcaci\u00f3 territorial)<\/li>\n<li><strong>Tel\u00e8fon<\/strong>: 937342435<\/li>\n<li><strong>E-correu<\/strong>: ce_cantusell@xarxa-omnia.org<\/li>\n<li class=\"web\"><strong>Web:<\/strong> <a class=\"ext\" href=\"http:\/\/gruplafabrica.org\/\">http:\/\/gruplafabrica.org<\/a><\/li>\n<\/ul>\n<\/div>\n<\/div>\n<\/div>\n<\/div>\n<h2><span style=\"text-decoration: underline;\"><span style=\"color: #999999;\">Punt \u00d2mnia AV Sant Lloren\u00e7<\/span><\/span><\/h2>\n<h3 class=\"field-label\">Descripci\u00f3<\/h3>\n<p>El Punt \u00d2mnia Sant Lloren\u00e7 es trova al mateix barri de Sant Lloren\u00e7 de  Terrassa dins del local de\u00a0 l&#8217;associaci\u00f3 de ve\u00efns i ve\u00efnes. El projecte\u00a0  funciona des del 1999. El Punt al barri fortaleix l&#8217;entorn hum\u00e0 i  comunitari ja que es\u00a0 porten a terme activitats per nens i nenes,  tallers per a joves, cursos d&#8217;iniciaci\u00f3 a la inform\u00e0tica, taller  d&#8217;Impress i power point, taller per gent gran, connexi\u00f3 lliure i espai  dedicat a les entitats del barri entre d&#8217;altres tallers.<\/p>\n<ul>\n<li><strong>Adre\u00e7a<\/strong><br \/>\nC\/ Cavall Bernat, 79 baixos (amb Pla\u00e7a Font de l&#8217;Olla)<br \/>\n<a href=\"http:\/\/xarxa-omnia.org\/taxonomy\/term\/1571\">Terrassa<\/a><br \/>\n<a href=\"http:\/\/xarxa-omnia.org\/taxonomy\/term\/1213\">Vall\u00e8s Occidental<\/a> (Comarca)<br \/>\n<a href=\"http:\/\/xarxa-omnia.org\/taxonomy\/term\/1192\">Barcelona<\/a> (Demarcaci\u00f3 territorial)<\/li>\n<li><strong>Tel\u00e8fon<\/strong>: 937839620<\/li>\n<li><strong>E-correu<\/strong>: santllorenc@xarxa-omnia.org<\/li>\n<li class=\"web\"><strong>Web:<\/strong> <a class=\"ext\" href=\"http:\/\/www.omniamunt.blogspot.com\/\">http:\/\/www.omniamunt.blogspot.com\/<\/a><\/li>\n<\/ul>\n<p><a class=\"ext\" href=\"http:\/\/www.omniamunt.blogspot.com\/\"><strong> <\/strong><\/a><\/p>\n<\/div>\n","protected":false},"excerpt":{"rendered":"<p>Punt \u00d2mnia AV Can Jofresa Descripci\u00f3 El punt \u00d2mnia de Can Jofresa t\u00e9 grups per totes les edats i treballa conjuntament amb les entitats que pertanyen a l&#8217;associaci\u00f3 de ve\u00efns, com s\u00f3n: la ludoteca i el club de jubilats. Tamb\u00e9 treballa conjuntament amb la mateixa associaci\u00f3 de ve\u00efns. Si vols informar-te, truca per tel\u00e8fon de [&hellip;]<\/p>\n","protected":false},"author":103,"featured_media":0,"parent":0,"menu_order":0,"comment_status":"open","ping_status":"open","template":"","meta":{"footnotes":""},"class_list":["post-6","page","type-page","status-publish","hentry"],"_links":{"self":[{"href":"https:\/\/bloc.xarxa-omnia.org\/puntsomniaterrassa\/wp-json\/wp\/v2\/pages\/6","targetHints":{"allow":["GET"]}}],"collection":[{"href":"https:\/\/bloc.xarxa-omnia.org\/puntsomniaterrassa\/wp-json\/wp\/v2\/pages"}],"about":[{"href":"https:\/\/bloc.xarxa-omnia.org\/puntsomniaterrassa\/wp-json\/wp\/v2\/types\/page"}],"author":[{"embeddable":true,"href":"https:\/\/bloc.xarxa-omnia.org\/puntsomniaterrassa\/wp-json\/wp\/v2\/users\/103"}],"replies":[{"embeddable":true,"href":"https:\/\/bloc.xarxa-omnia.org\/puntsomniaterrassa\/wp-json\/wp\/v2\/comments?post=6"}],"version-history":[{"count":2,"href":"https:\/\/bloc.xarxa-omnia.org\/puntsomniaterrassa\/wp-json\/wp\/v2\/pages\/6\/revisions"}],"predecessor-version":[{"id":160,"href":"https:\/\/bloc.xarxa-omnia.org\/puntsomniaterrassa\/wp-json\/wp\/v2\/pages\/6\/revisions\/160"}],"wp:attachment":[{"href":"https:\/\/bloc.xarxa-omnia.org\/puntsomniaterrassa\/wp-json\/wp\/v2\/media?parent=6"}],"curies":[{"name":"wp","href":"https:\/\/api.w.org\/{rel}","templated":true}]}}