{"id":5,"date":"2010-07-01T11:04:36","date_gmt":"2010-07-01T09:04:36","guid":{"rendered":"http:\/\/xarxaomnia.gencat.cat\/blocs\/realitataugmentada\/?page_id=5"},"modified":"2010-07-12T09:29:30","modified_gmt":"2010-07-12T07:29:30","slug":"experimenta-la-realitat","status":"publish","type":"page","link":"https:\/\/bloc.xarxa-omnia.org\/realitataugmentada\/que-es-la-realitat-augmentada\/experimenta-la-realitat\/","title":{"rendered":"Exemples"},"content":{"rendered":"<h2>Per comprendre de forma planera que \u00e9s la RA, el millor \u00e9s que veiem alguns exemples de les possibles aplicacions en diversos camps:<\/p>\n<p><span style=\"color: #3c657b;\">Educaci\u00f3:<\/span> anatomia, idiomes, f\u00edsica, etc.<br \/>\n<object classid=\"clsid:d27cdb6e-ae6d-11cf-96b8-444553540000\" width=\"480\" height=\"385\" codebase=\"http:\/\/download.macromedia.com\/pub\/shockwave\/cabs\/flash\/swflash.cab#version=6,0,40,0\"><param name=\"allowFullScreen\" value=\"true\" \/><param name=\"allowscriptaccess\" value=\"always\" \/><param name=\"src\" value=\"http:\/\/www.youtube.com\/v\/7G3H3ImCWlE&amp;hl=es_ES&amp;fs=1\" \/><param name=\"allowfullscreen\" value=\"true\" \/><embed type=\"application\/x-shockwave-flash\" width=\"480\" height=\"385\" src=\"http:\/\/www.youtube.com\/v\/7G3H3ImCWlE&amp;hl=es_ES&amp;fs=1\" allowscriptaccess=\"always\" allowfullscreen=\"true\"><\/embed><\/object><\/p>\n<p><span style=\"color: #3c657b;\">Turisme:<\/span> una bona opci\u00f3 de la RA \u00e9s mostrar dades d&#8217;inter\u00e8s general de monuments i elements paisatg\u00edstics.<br \/>\n<object classid=\"clsid:d27cdb6e-ae6d-11cf-96b8-444553540000\" width=\"480\" height=\"385\" codebase=\"http:\/\/download.macromedia.com\/pub\/shockwave\/cabs\/flash\/swflash.cab#version=6,0,40,0\"><param name=\"allowFullScreen\" value=\"true\" \/><param name=\"allowscriptaccess\" value=\"always\" \/><param name=\"src\" value=\"http:\/\/www.youtube.com\/v\/tpaJBu4BEuA&amp;hl=es_ES&amp;fs=1\" \/><param name=\"allowfullscreen\" value=\"true\" \/><embed type=\"application\/x-shockwave-flash\" width=\"480\" height=\"385\" src=\"http:\/\/www.youtube.com\/v\/tpaJBu4BEuA&amp;hl=es_ES&amp;fs=1\" allowscriptaccess=\"always\" allowfullscreen=\"true\"><\/embed><\/object><\/p>\n<p><span style=\"color: #3c657b;\">Medicina:<\/span> aqu\u00ed podem veure com es visualitza un TAC<em> in situ<\/em>.<br \/>\n<object classid=\"clsid:d27cdb6e-ae6d-11cf-96b8-444553540000\" width=\"480\" height=\"385\" codebase=\"http:\/\/download.macromedia.com\/pub\/shockwave\/cabs\/flash\/swflash.cab#version=6,0,40,0\"><param name=\"allowFullScreen\" value=\"true\" \/><param name=\"allowscriptaccess\" value=\"always\" \/><param name=\"src\" value=\"http:\/\/www.youtube.com\/v\/vgCDTPqAj2E&amp;hl=es_ES&amp;fs=1\" \/><param name=\"allowfullscreen\" value=\"true\" \/><embed type=\"application\/x-shockwave-flash\" width=\"480\" height=\"385\" src=\"http:\/\/www.youtube.com\/v\/vgCDTPqAj2E&amp;hl=es_ES&amp;fs=1\" allowscriptaccess=\"always\" allowfullscreen=\"true\"><\/embed><\/object><\/p>\n<p><span style=\"color: #3c657b;\">Mec\u00e0nica i publicitat:<\/span> en aquest v\u00eddeo podem veure com es pot emprar la realitat augmentada com a assistent mec\u00e0nic, al mateix temps que s&#8217;aprofita per a fer propaganda de la companyia de cotxes.<br \/>\n<object classid=\"clsid:d27cdb6e-ae6d-11cf-96b8-444553540000\" width=\"480\" height=\"385\" codebase=\"http:\/\/download.macromedia.com\/pub\/shockwave\/cabs\/flash\/swflash.cab#version=6,0,40,0\"><param name=\"allowFullScreen\" value=\"true\" \/><param name=\"allowscriptaccess\" value=\"always\" \/><param name=\"src\" value=\"http:\/\/www.youtube.com\/v\/P9KPJlA5yds&amp;hl=es_ES&amp;fs=1\" \/><param name=\"allowfullscreen\" value=\"true\" \/><embed type=\"application\/x-shockwave-flash\" width=\"480\" height=\"385\" src=\"http:\/\/www.youtube.com\/v\/P9KPJlA5yds&amp;hl=es_ES&amp;fs=1\" allowscriptaccess=\"always\" allowfullscreen=\"true\"><\/embed><\/object><\/p>\n<p><span style=\"color: #3c657b;\">Disseny: <\/span>la realitat augmentada facilitaria molt la feina dels dissenyadors gr\u00e0fics.<br \/>\n<object id=\"flashObj\" classid=\"clsid:d27cdb6e-ae6d-11cf-96b8-444553540000\" width=\"486\" height=\"412\" codebase=\"http:\/\/download.macromedia.com\/pub\/shockwave\/cabs\/flash\/swflash.cab#version=6,0,40,0\"><param name=\"bgcolor\" value=\"#FFFFFF\" \/><param name=\"flashVars\" value=\"videoId=86656499001&amp;playerID=36804639001&amp;domain=embed&amp;dynamicStreaming=true\" \/><param name=\"base\" value=\"http:\/\/admin.brightcove.com\" \/><param name=\"seamlesstabbing\" value=\"false\" \/><param name=\"allowFullScreen\" value=\"true\" \/><param name=\"swLiveConnect\" value=\"true\" \/><param name=\"allowScriptAccess\" value=\"always\" \/><param name=\"src\" value=\"http:\/\/c.brightcove.com\/services\/viewer\/federated_f9\/36804639001?isVid=1\" \/><param name=\"name\" value=\"flashObj\" \/><param name=\"flashvars\" value=\"videoId=86656499001&amp;playerID=36804639001&amp;domain=embed&amp;dynamicStreaming=true\" \/><param name=\"allowfullscreen\" value=\"true\" \/><embed id=\"flashObj\" type=\"application\/x-shockwave-flash\" width=\"486\" height=\"412\" src=\"http:\/\/c.brightcove.com\/services\/viewer\/federated_f9\/36804639001?isVid=1\" name=\"flashObj\" allowscriptaccess=\"always\" swliveconnect=\"true\" allowfullscreen=\"true\" seamlesstabbing=\"false\" base=\"http:\/\/admin.brightcove.com\" flashvars=\"videoId=86656499001&amp;playerID=36804639001&amp;domain=embed&amp;dynamicStreaming=true\" bgcolor=\"#FFFFFF\"><\/embed><\/object><\/h2>\n","protected":false},"excerpt":{"rendered":"<p>Per comprendre de forma planera que \u00e9s la RA, el millor \u00e9s que veiem alguns exemples de les possibles aplicacions en diversos camps: Educaci\u00f3: anatomia, idiomes, f\u00edsica, etc. Turisme: una bona opci\u00f3 de la RA \u00e9s mostrar dades d&#8217;inter\u00e8s general&hellip; <\/p>\n","protected":false},"author":61,"featured_media":0,"parent":61,"menu_order":1,"comment_status":"closed","ping_status":"open","template":"","meta":{"footnotes":""},"class_list":["post-5","page","type-page","status-publish","hentry"],"_links":{"self":[{"href":"https:\/\/bloc.xarxa-omnia.org\/realitataugmentada\/wp-json\/wp\/v2\/pages\/5","targetHints":{"allow":["GET"]}}],"collection":[{"href":"https:\/\/bloc.xarxa-omnia.org\/realitataugmentada\/wp-json\/wp\/v2\/pages"}],"about":[{"href":"https:\/\/bloc.xarxa-omnia.org\/realitataugmentada\/wp-json\/wp\/v2\/types\/page"}],"author":[{"embeddable":true,"href":"https:\/\/bloc.xarxa-omnia.org\/realitataugmentada\/wp-json\/wp\/v2\/users\/61"}],"replies":[{"embeddable":true,"href":"https:\/\/bloc.xarxa-omnia.org\/realitataugmentada\/wp-json\/wp\/v2\/comments?post=5"}],"version-history":[{"count":23,"href":"https:\/\/bloc.xarxa-omnia.org\/realitataugmentada\/wp-json\/wp\/v2\/pages\/5\/revisions"}],"predecessor-version":[{"id":19,"href":"https:\/\/bloc.xarxa-omnia.org\/realitataugmentada\/wp-json\/wp\/v2\/pages\/5\/revisions\/19"}],"up":[{"embeddable":true,"href":"https:\/\/bloc.xarxa-omnia.org\/realitataugmentada\/wp-json\/wp\/v2\/pages\/61"}],"wp:attachment":[{"href":"https:\/\/bloc.xarxa-omnia.org\/realitataugmentada\/wp-json\/wp\/v2\/media?parent=5"}],"curies":[{"name":"wp","href":"https:\/\/api.w.org\/{rel}","templated":true}]}}