{"id":65,"date":"2010-07-07T18:49:41","date_gmt":"2010-07-07T16:49:41","guid":{"rendered":"http:\/\/xarxaomnia.gencat.cat\/blocs\/realitataugmentada\/experimenta-la-realitat\/"},"modified":"2010-07-12T09:32:59","modified_gmt":"2010-07-12T07:32:59","slug":"experimenta-la-realitat-2","status":"publish","type":"page","link":"https:\/\/bloc.xarxa-omnia.org\/realitataugmentada\/que-es-la-realitat-augmentada\/experimenta-la-realitat-2\/","title":{"rendered":"Experimenta la realitat"},"content":{"rendered":"<h2>Un cop vistos tots els exemples entren ganes de provar de fer alguna cosa, no?<\/h2>\n<h1>Qu\u00e8 necessitem?<\/h1>\n<h2>Un ordinador amb connexi\u00f3 a Internet, un navegador web, una c\u00e0mera web i una impressora.<\/h2>\n<h1>I ja podem comen\u00e7ar!<\/h1>\n<table>\n<tbody>\n<td bgcolor=\"#F1F1F1\">\n<a href=\"http:\/\/blog.xarxa-omnia.org\/realitataugmentada\/files\/2010\/07\/monstreverd_ra.png\"><img loading=\"lazy\" decoding=\"async\" class=\"alignleft size-full wp-image-71\" style=\"padding: 30px;\" title=\"monstreverd_ra\" src=\"http:\/\/blog.xarxa-omnia.org\/realitataugmentada\/files\/2010\/07\/monstreverd_ra.png\" alt=\"imatge_monstre_realitataugmentada\" width=\"157\" height=\"169\" align=\"left\" \/><\/a><\/p>\n<h1><a href=\"http:\/\/www.boffswana.com\/news\/?p=392\" target=\"_blank\">El petit monstre verd<\/a><\/h1>\n<h2>\n<ol>\n<li>Imprimiu-vos aquest <a href=\"http:\/\/www.boffswana.com\/news\/wp-content\/uploads\/video_ar\/printme.pdf\" target=\"_blank\">pdf<\/a><\/li>\n<li>Entreu en la p\u00e0gina del <a href=\"http:\/\/www.boffswana.com\/news\/?p=392\" target=\"_blank\">petit monstre verd<\/a>.<\/li>\n<li>Connecteu la vostra c\u00e0mera web apuntant al full impr\u00e8s.<\/li>\n<li>Premeu l&#8217;opci\u00f3 d&#8217;inici (<em>start<\/em>) que hi ha al web (heu de permetre l&#8217;acc\u00e9s de la c\u00e0mera i el micr\u00f2fon).<\/li>\n<li>Veieu el petit monstre?<\/li>\n<\/ol>\n<\/h2>\n<\/td>\n<\/tbody>\n<\/table>\n","protected":false},"excerpt":{"rendered":"<p>Un cop vistos tots els exemples entren ganes de provar de fer alguna cosa, no? Qu\u00e8 necessitem? Un ordinador amb connexi\u00f3 a Internet, un navegador web, una c\u00e0mera web i una impressora. I ja podem comen\u00e7ar! El petit monstre verd&hellip; <\/p>\n","protected":false},"author":61,"featured_media":0,"parent":61,"menu_order":2,"comment_status":"closed","ping_status":"open","template":"","meta":{"footnotes":""},"class_list":["post-65","page","type-page","status-publish","hentry"],"_links":{"self":[{"href":"https:\/\/bloc.xarxa-omnia.org\/realitataugmentada\/wp-json\/wp\/v2\/pages\/65","targetHints":{"allow":["GET"]}}],"collection":[{"href":"https:\/\/bloc.xarxa-omnia.org\/realitataugmentada\/wp-json\/wp\/v2\/pages"}],"about":[{"href":"https:\/\/bloc.xarxa-omnia.org\/realitataugmentada\/wp-json\/wp\/v2\/types\/page"}],"author":[{"embeddable":true,"href":"https:\/\/bloc.xarxa-omnia.org\/realitataugmentada\/wp-json\/wp\/v2\/users\/61"}],"replies":[{"embeddable":true,"href":"https:\/\/bloc.xarxa-omnia.org\/realitataugmentada\/wp-json\/wp\/v2\/comments?post=65"}],"version-history":[{"count":19,"href":"https:\/\/bloc.xarxa-omnia.org\/realitataugmentada\/wp-json\/wp\/v2\/pages\/65\/revisions"}],"predecessor-version":[{"id":130,"href":"https:\/\/bloc.xarxa-omnia.org\/realitataugmentada\/wp-json\/wp\/v2\/pages\/65\/revisions\/130"}],"up":[{"embeddable":true,"href":"https:\/\/bloc.xarxa-omnia.org\/realitataugmentada\/wp-json\/wp\/v2\/pages\/61"}],"wp:attachment":[{"href":"https:\/\/bloc.xarxa-omnia.org\/realitataugmentada\/wp-json\/wp\/v2\/media?parent=65"}],"curies":[{"name":"wp","href":"https:\/\/api.w.org\/{rel}","templated":true}]}}