{"id":8,"date":"2010-07-01T11:05:47","date_gmt":"2010-07-01T09:05:47","guid":{"rendered":"http:\/\/xarxaomnia.gencat.cat\/blocs\/realitataugmentada\/?page_id=8"},"modified":"2010-07-12T09:35:01","modified_gmt":"2010-07-12T07:35:01","slug":"augmenta-la-realitat","status":"publish","type":"page","link":"https:\/\/bloc.xarxa-omnia.org\/realitataugmentada\/augmenta-la-realitat\/","title":{"rendered":"Augmenta la realitat!"},"content":{"rendered":"<h2>Us presentem un web amb una estructura b\u00e0sica i senzilla per poder <span style=\"color: #3c657b;\">pujar alguns arxius i crear la nostra pr\u00f2pia RA<\/span>: <a href=\"http:\/\/www.ezflar.com\/home\/show_home\" target=\"_blank\">EZFlar<\/a><\/p>\n<p>Simplement necessitem una c\u00e0mera web, una impressora&#8230; i una mica d&#8217;imaginaci\u00f3. Per\u00f2 com la millor forma d&#8217;aprendre \u00e9s amb la pr\u00e0ctica, posarem un <span style=\"color: #3c657b;\">petit exemple<\/span>.<\/h2>\n<div id=\"__ss_4710182\" style=\"width: 425px;\"><strong style=\"display: block; margin: 12px 0 4px;\"><a title=\"Realitat augmentada\" href=\"http:\/\/www.slideshare.net\/omnia\/realitat-augmentada\">Realitat augmentada<\/a><\/strong><object id=\"__sse4710182\" classid=\"clsid:d27cdb6e-ae6d-11cf-96b8-444553540000\" width=\"425\" height=\"355\" codebase=\"http:\/\/download.macromedia.com\/pub\/shockwave\/cabs\/flash\/swflash.cab#version=6,0,40,0\"><param name=\"allowFullScreen\" value=\"true\" \/><param name=\"allowScriptAccess\" value=\"always\" \/><param name=\"src\" value=\"http:\/\/static.slidesharecdn.com\/swf\/ssplayer2.swf?doc=presentaciomaquejadara3-100708065243-phpapp01&amp;stripped_title=realitat-augmentada\" \/><param name=\"name\" value=\"__sse4710182\" \/><param name=\"allowfullscreen\" value=\"true\" \/><embed id=\"__sse4710182\" type=\"application\/x-shockwave-flash\" width=\"425\" height=\"355\" src=\"http:\/\/static.slidesharecdn.com\/swf\/ssplayer2.swf?doc=presentaciomaquejadara3-100708065243-phpapp01&amp;stripped_title=realitat-augmentada\" name=\"__sse4710182\" allowscriptaccess=\"always\" allowfullscreen=\"true\"><\/embed><\/object><\/p>\n<div style=\"padding: 5px 0 12px;\">View more <a href=\"http:\/\/www.slideshare.net\/\">presentations<\/a> from <a href=\"http:\/\/www.slideshare.net\/omnia\">omnia<\/a>.<\/div>\n<\/div>\n","protected":false},"excerpt":{"rendered":"<p>Us presentem un web amb una estructura b\u00e0sica i senzilla per poder pujar alguns arxius i crear la nostra pr\u00f2pia RA: EZFlar Simplement necessitem una c\u00e0mera web, una impressora&#8230; i una mica d&#8217;imaginaci\u00f3. Per\u00f2 com la millor forma d&#8217;aprendre \u00e9s&hellip; <\/p>\n","protected":false},"author":61,"featured_media":0,"parent":0,"menu_order":2,"comment_status":"closed","ping_status":"open","template":"","meta":{"footnotes":""},"class_list":["post-8","page","type-page","status-publish","hentry"],"_links":{"self":[{"href":"https:\/\/bloc.xarxa-omnia.org\/realitataugmentada\/wp-json\/wp\/v2\/pages\/8","targetHints":{"allow":["GET"]}}],"collection":[{"href":"https:\/\/bloc.xarxa-omnia.org\/realitataugmentada\/wp-json\/wp\/v2\/pages"}],"about":[{"href":"https:\/\/bloc.xarxa-omnia.org\/realitataugmentada\/wp-json\/wp\/v2\/types\/page"}],"author":[{"embeddable":true,"href":"https:\/\/bloc.xarxa-omnia.org\/realitataugmentada\/wp-json\/wp\/v2\/users\/61"}],"replies":[{"embeddable":true,"href":"https:\/\/bloc.xarxa-omnia.org\/realitataugmentada\/wp-json\/wp\/v2\/comments?post=8"}],"version-history":[{"count":14,"href":"https:\/\/bloc.xarxa-omnia.org\/realitataugmentada\/wp-json\/wp\/v2\/pages\/8\/revisions"}],"predecessor-version":[{"id":25,"href":"https:\/\/bloc.xarxa-omnia.org\/realitataugmentada\/wp-json\/wp\/v2\/pages\/8\/revisions\/25"}],"wp:attachment":[{"href":"https:\/\/bloc.xarxa-omnia.org\/realitataugmentada\/wp-json\/wp\/v2\/media?parent=8"}],"curies":[{"name":"wp","href":"https:\/\/api.w.org\/{rel}","templated":true}]}}