{"id":151,"date":"2012-09-19T18:53:36","date_gmt":"2012-09-19T16:53:36","guid":{"rendered":"http:\/\/blog.xarxa-omnia.org\/reutilitzacio\/?page_id=151"},"modified":"2012-11-15T13:58:52","modified_gmt":"2012-11-15T11:58:52","slug":"resultats","status":"publish","type":"page","link":"https:\/\/bloc.xarxa-omnia.org\/reutilitzacio\/resultats\/","title":{"rendered":"Resultats"},"content":{"rendered":"<p>Compartiu amb la Xarxa \u00d2mnia el vostre diari de treball, o les imatges del Flickr o el vostre Koowall, i deixeu-ne <strong>un comentari en aquesta p\u00e0gina<\/strong>. <\/p>\n<p>Si ho preferiu, demaneu a seguiment[arrova]xarxa-omnia.org la invitaci\u00f3 per participar en el Koowall de tota la xarxa:<\/p>\n<p><center><iframe id=\"koowall\" src=\"http:\/\/koowall.com\/reutilitza?iframe=1&#038;demo=1&#038;height=300&#038;width=400&#038;wagon=0\" style=\"width:400px;height:300px;position:relative;padding: 0px 0px 0px 0px;\"scrolling='no'         frameborder='0' allowtransparency='yes'><\/iframe><\/center><\/p>\n","protected":false},"excerpt":{"rendered":"<p>Compartiu amb la Xarxa \u00d2mnia el vostre diari de treball, o les imatges del Flickr o el vostre Koowall, i deixeu-ne un comentari en aquesta p\u00e0gina. Si ho preferiu, demaneu a seguiment[arrova]xarxa-omnia.org la invitaci\u00f3 per participar en el Koowall de tota la xarxa:<\/p>\n","protected":false},"author":61,"featured_media":0,"parent":0,"menu_order":8,"comment_status":"open","ping_status":"open","template":"","meta":{"footnotes":""},"class_list":["post-151","page","type-page","status-publish","hentry"],"_links":{"self":[{"href":"https:\/\/bloc.xarxa-omnia.org\/reutilitzacio\/wp-json\/wp\/v2\/pages\/151","targetHints":{"allow":["GET"]}}],"collection":[{"href":"https:\/\/bloc.xarxa-omnia.org\/reutilitzacio\/wp-json\/wp\/v2\/pages"}],"about":[{"href":"https:\/\/bloc.xarxa-omnia.org\/reutilitzacio\/wp-json\/wp\/v2\/types\/page"}],"author":[{"embeddable":true,"href":"https:\/\/bloc.xarxa-omnia.org\/reutilitzacio\/wp-json\/wp\/v2\/users\/61"}],"replies":[{"embeddable":true,"href":"https:\/\/bloc.xarxa-omnia.org\/reutilitzacio\/wp-json\/wp\/v2\/comments?post=151"}],"version-history":[{"count":9,"href":"https:\/\/bloc.xarxa-omnia.org\/reutilitzacio\/wp-json\/wp\/v2\/pages\/151\/revisions"}],"predecessor-version":[{"id":300,"href":"https:\/\/bloc.xarxa-omnia.org\/reutilitzacio\/wp-json\/wp\/v2\/pages\/151\/revisions\/300"}],"wp:attachment":[{"href":"https:\/\/bloc.xarxa-omnia.org\/reutilitzacio\/wp-json\/wp\/v2\/media?parent=151"}],"curies":[{"name":"wp","href":"https:\/\/api.w.org\/{rel}","templated":true}]}}