{"id":16,"date":"2012-02-28T21:07:04","date_gmt":"2012-02-28T19:07:04","guid":{"rendered":"http:\/\/blog.xarxa-omnia.org\/reutilitzacio\/?page_id=16"},"modified":"2012-11-15T13:40:51","modified_gmt":"2012-11-15T11:40:51","slug":"proces","status":"publish","type":"page","link":"https:\/\/bloc.xarxa-omnia.org\/reutilitzacio\/proces\/","title":{"rendered":"Proc\u00e9s"},"content":{"rendered":"<p><big><\/p>\n<p>Per a dur a terme la <em>webquesta<\/em> cal que ens organitzem. En primer lloc farem\u00a0grups de tres persones i ens repartirem els rols seg\u00fcents:<\/p>\n<p><img loading=\"lazy\" decoding=\"async\" src=\"http:\/\/blog.xarxa-omnia.org\/reutilitzacio\/files\/2012\/02\/1348678872_diagram-22.png\" alt=\"c\u00e0mera\" title=\"Icona c\u00e0mera de fotos\" width=\"64\" height=\"64\" class=\"alignleft size-full wp-image-205\" align=\"left\"\/><br \/><strong>Reporter\/a gr\u00e0fic\/a<\/strong>: far\u00e0 un recull fotogr\u00e0fic amb les imatges m\u00e9s significatives de tot el proc\u00e9s que m\u00e9s endavant explicarem. Podr\u00e0 publicar els resultats a <a href=\"..\/..\/activitatsomnia\/tag\/flickr\/\" target=\"_blank\">Flickr<\/a> o <a href=\"http:\/\/koowall.com\/\" target=\"_blank\">Koowall<\/a> (et facilitem un tutorial).<\/p>\n<p><\/p>\n<p><a href=\"http:\/\/blog.xarxa-omnia.org\/reutilitzacio\/files\/2012\/02\/1348679005_Gnome-Preferences-Other-64.png\"><img loading=\"lazy\" decoding=\"async\" src=\"http:\/\/blog.xarxa-omnia.org\/reutilitzacio\/files\/2012\/02\/1348679005_Gnome-Preferences-Other-64.png\" alt=\"Caixa d&#039;eines\" title=\"Caixa d&#039;eines\" width=\"64\" height=\"64\" class=\"alignleft size-full wp-image-206\" align=\"left\" \/><\/a><br \/><strong>Reparador\/a<\/strong>: s&#8217;encarregar\u00e0 de portar a terme la reutilitzaci\u00f3 de forma imaginativa d&#8217;un objecte vell o espatllat. Comptar\u00e0 amb l&#8217;ajut de la resta de components.<\/p>\n<p><\/p>\n<p><a href=\"http:\/\/blog.xarxa-omnia.org\/reutilitzacio\/files\/2012\/02\/1348679124_notebook.png\"><img decoding=\"async\" src=\"http:\/\/blog.xarxa-omnia.org\/reutilitzacio\/files\/2012\/02\/1348679124_notebook.png\" alt=\"Llibreta\" title=\"Llibreta\" width=\"64\"  class=\"alignleft size-full wp-image-207\" align=\"left\"\/><\/a><br \/><strong>Redactor\/a<\/strong>: escriur\u00e0 un diari de treball explicant tot all\u00f2 que va succeint. Podr\u00e0 publicar els resultats al Koowall juntament amb el recull fotogr\u00e0fic.<\/big><\/p>\n<p><center><iframe loading=\"lazy\" src=\"http:\/\/www.slideshare.net\/slideshow\/embed_code\/14346632\" width=\"427\" height=\"356\" frameborder=\"0\" marginwidth=\"0\" marginheight=\"0\" scrolling=\"no\" style=\"border:1px solid #CCC;border-width:1px 1px 0;margin-bottom:5px\" allowfullscreen> <\/iframe> <\/p>\n<div style=\"margin-bottom:5px\"> <strong> <a href=\"http:\/\/www.slideshare.net\/omnia\/tutorial-koowall-14346632\" title=\"Tutorial Koowall\" target=\"_blank\">Tutorial sobre Koowall<\/a> <\/strong>de <strong><a href=\"http:\/\/www.slideshare.net\/omnia\" target=\"_blank\">Xarxa \u00d2mnia<\/a><\/strong> <\/div>\n<p><\/center><\/p>\n","protected":false},"excerpt":{"rendered":"<p>Per a dur a terme la webquesta cal que ens organitzem. En primer lloc farem\u00a0grups de tres persones i ens repartirem els rols seg\u00fcents: Reporter\/a gr\u00e0fic\/a: far\u00e0 un recull fotogr\u00e0fic amb les imatges m\u00e9s significatives de tot el proc\u00e9s que m\u00e9s endavant explicarem. Podr\u00e0 publicar els resultats a Flickr o Koowall (et facilitem un tutorial). [&hellip;]<\/p>\n","protected":false},"author":61,"featured_media":0,"parent":0,"menu_order":2,"comment_status":"closed","ping_status":"open","template":"","meta":{"footnotes":""},"class_list":["post-16","page","type-page","status-publish","hentry"],"_links":{"self":[{"href":"https:\/\/bloc.xarxa-omnia.org\/reutilitzacio\/wp-json\/wp\/v2\/pages\/16","targetHints":{"allow":["GET"]}}],"collection":[{"href":"https:\/\/bloc.xarxa-omnia.org\/reutilitzacio\/wp-json\/wp\/v2\/pages"}],"about":[{"href":"https:\/\/bloc.xarxa-omnia.org\/reutilitzacio\/wp-json\/wp\/v2\/types\/page"}],"author":[{"embeddable":true,"href":"https:\/\/bloc.xarxa-omnia.org\/reutilitzacio\/wp-json\/wp\/v2\/users\/61"}],"replies":[{"embeddable":true,"href":"https:\/\/bloc.xarxa-omnia.org\/reutilitzacio\/wp-json\/wp\/v2\/comments?post=16"}],"version-history":[{"count":42,"href":"https:\/\/bloc.xarxa-omnia.org\/reutilitzacio\/wp-json\/wp\/v2\/pages\/16\/revisions"}],"predecessor-version":[{"id":60,"href":"https:\/\/bloc.xarxa-omnia.org\/reutilitzacio\/wp-json\/wp\/v2\/pages\/16\/revisions\/60"}],"wp:attachment":[{"href":"https:\/\/bloc.xarxa-omnia.org\/reutilitzacio\/wp-json\/wp\/v2\/media?parent=16"}],"curies":[{"name":"wp","href":"https:\/\/api.w.org\/{rel}","templated":true}]}}