{"id":273,"date":"2012-10-17T14:51:55","date_gmt":"2012-10-17T12:51:55","guid":{"rendered":"http:\/\/blog.xarxa-omnia.org\/reutilitzacio\/?page_id=273"},"modified":"2012-11-15T15:33:32","modified_gmt":"2012-11-15T13:33:32","slug":"credits","status":"publish","type":"page","link":"https:\/\/bloc.xarxa-omnia.org\/reutilitzacio\/credits\/","title":{"rendered":"Cr\u00e8dits"},"content":{"rendered":"<p><a rel=\"license\" href=\"http:\/\/creativecommons.org\/licenses\/by-nc-sa\/3.0\/\"><img decoding=\"async\" style=\"border-width: 0;\" src=\"http:\/\/i.creativecommons.org\/l\/by-nc-sa\/3.0\/88x31.png\" alt=\"Creative Commons License\" \/><\/a><br \/>\nAquesta activitat est\u00e0 sota <a rel=\"license\" href=\"http:\/\/creativecommons.org\/licenses\/by-nc-sa\/3.0\/\">Llic\u00e8ncia Creative Commons Atribuci\u00f3-No Comercial- Compartir Igual 3.0. <\/a> &#8220;Reutilitza amb imaginaci\u00f3&#8221; ha estat creada i implementada per <strong>Jordi Llin\u00e0s<\/strong>, com a part del pr\u00e0cticum del m\u00e0ster oficial d&#8217;ensenyament i aprenentage en entorns digitals de la Universitat de Barcelona, amb el suport del Servei de Seguiment i Coordinaci\u00f3 de la Xarxa \u00d2mnia.<\/p>\n","protected":false},"excerpt":{"rendered":"<p>Aquesta activitat est\u00e0 sota Llic\u00e8ncia Creative Commons Atribuci\u00f3-No Comercial- Compartir Igual 3.0. &#8220;Reutilitza amb imaginaci\u00f3&#8221; ha estat creada i implementada per Jordi Llin\u00e0s, com a part del pr\u00e0cticum del m\u00e0ster oficial d&#8217;ensenyament i aprenentage en entorns digitals de la Universitat de Barcelona, amb el suport del Servei de Seguiment i Coordinaci\u00f3 de la Xarxa \u00d2mnia.<\/p>\n","protected":false},"author":61,"featured_media":0,"parent":0,"menu_order":9,"comment_status":"closed","ping_status":"closed","template":"","meta":{"footnotes":""},"class_list":["post-273","page","type-page","status-publish","hentry"],"_links":{"self":[{"href":"https:\/\/bloc.xarxa-omnia.org\/reutilitzacio\/wp-json\/wp\/v2\/pages\/273","targetHints":{"allow":["GET"]}}],"collection":[{"href":"https:\/\/bloc.xarxa-omnia.org\/reutilitzacio\/wp-json\/wp\/v2\/pages"}],"about":[{"href":"https:\/\/bloc.xarxa-omnia.org\/reutilitzacio\/wp-json\/wp\/v2\/types\/page"}],"author":[{"embeddable":true,"href":"https:\/\/bloc.xarxa-omnia.org\/reutilitzacio\/wp-json\/wp\/v2\/users\/61"}],"replies":[{"embeddable":true,"href":"https:\/\/bloc.xarxa-omnia.org\/reutilitzacio\/wp-json\/wp\/v2\/comments?post=273"}],"version-history":[{"count":8,"href":"https:\/\/bloc.xarxa-omnia.org\/reutilitzacio\/wp-json\/wp\/v2\/pages\/273\/revisions"}],"predecessor-version":[{"id":302,"href":"https:\/\/bloc.xarxa-omnia.org\/reutilitzacio\/wp-json\/wp\/v2\/pages\/273\/revisions\/302"}],"wp:attachment":[{"href":"https:\/\/bloc.xarxa-omnia.org\/reutilitzacio\/wp-json\/wp\/v2\/media?parent=273"}],"curies":[{"name":"wp","href":"https:\/\/api.w.org\/{rel}","templated":true}]}}