{"id":43,"date":"2012-02-29T21:59:47","date_gmt":"2012-02-29T19:59:47","guid":{"rendered":"http:\/\/blog.xarxa-omnia.org\/reutilitzacio\/?page_id=43"},"modified":"2012-11-15T13:54:58","modified_gmt":"2012-11-15T11:54:58","slug":"activitat-3","status":"publish","type":"page","link":"https:\/\/bloc.xarxa-omnia.org\/reutilitzacio\/tasca\/activitat-3\/","title":{"rendered":"Activitat 3: Oportunitats al teu entorn"},"content":{"rendered":"<p><a href=\"http:\/\/blog.xarxa-omnia.org\/reutilitzacio\/files\/2012\/02\/medium_23816545.jpg\"><img decoding=\"async\" class=\"alignleft size-full wp-image-253\" style=\"margin: 5px;\" title=\"&quot;Saturday in the park&quot;\" src=\"http:\/\/blog.xarxa-omnia.org\/reutilitzacio\/files\/2012\/02\/medium_23816545.jpg\" alt=\"Imatge de contenidors a un parc\" width=\"250\" align=\"left\" srcset=\"https:\/\/bloc.xarxa-omnia.org\/reutilitzacio\/files\/2012\/02\/medium_23816545.jpg 500w, https:\/\/bloc.xarxa-omnia.org\/reutilitzacio\/files\/2012\/02\/medium_23816545-300x152.jpg 300w\" sizes=\"(max-width: 500px) 100vw, 500px\" \/><\/a><br \/><big>Ara que tenim m\u00e9s coneixements sobre el tema \u00e9s el moment de descobrir quines organitzacions aposten per la recuperaci\u00f3, el reciclatge i la reutilitzaci\u00f3 al vostre voltant.<\/p>\n<p>En aquestes p\u00e0gines trobareu informaci\u00f3 relacionada que us ajudar\u00e0 for\u00e7a:<\/p>\n<ul>\n<li><a href=\"http:\/\/www.millorquenou.cat\/cat\/millor_agenda\" target=\"_blank\"><em>Agenda: millor que nou! <\/em><\/a><\/li>\n<li><a href=\"http:\/\/www.millorquenou.cat\/cat\/millor_enllacos\" target=\"_blank\"><em>Millor que nou! <\/em><\/a><\/li>\n<li><a href=\"http:\/\/www.millorquenou.cat\/cat\/reparat_enllacos\" target=\"_blank\"><em>Millor que nou: reparar<\/em><\/a><\/li>\n<li><a href=\"http:\/\/www.aeress.org\/default.asp?lang=es&amp;seccion=socios&amp;subSeccion=cataluna\" target=\"_blank\"><em>Aeress<\/em><\/a><\/li>\n<li><a href=\"http:\/\/www.arc-cat.net\/ca\/aplicatius\/municipal\/cgr_llista_general_m.asp?TipusInstalacio=Municipal&#038;TResidu=MUN&#038;CGestor=&#038;CCom=00&#038;CIns=DEIX&#038;CEst=F&#038;COrd=Nom&#038;Itemspp=10\"><em>\u00cdndex de deixalleries de Catalunya<\/em><\/a><\/li>\n<\/ul>\n<p>Si en teniu ocasi\u00f3, feu una visita en grup en algun d&#8217;aquests centres. Podreu elaborar un recull fotogr\u00e0fic de l&#8217;experi\u00e8ncia juntament amb una breu descripci\u00f3 al diari de treball.<\/big><\/p>\n<p>Imatge: <a href=\"http:\/\/www.flickr.com\/photos\/selva\/23816545\/\">selva<\/a> via <a href=\"http:\/\/photopin.com\">photopin<\/a> <a href=\"http:\/\/creativecommons.org\/licenses\/by-nc\/2.0\/\">cc<\/a><\/p>\n","protected":false},"excerpt":{"rendered":"<p>Ara que tenim m\u00e9s coneixements sobre el tema \u00e9s el moment de descobrir quines organitzacions aposten per la recuperaci\u00f3, el reciclatge i la reutilitzaci\u00f3 al vostre voltant. En aquestes p\u00e0gines trobareu informaci\u00f3 relacionada que us ajudar\u00e0 for\u00e7a: Agenda: millor que nou! Millor que nou! Millor que nou: reparar Aeress \u00cdndex de deixalleries de Catalunya Si [&hellip;]<\/p>\n","protected":false},"author":61,"featured_media":0,"parent":6,"menu_order":6,"comment_status":"closed","ping_status":"open","template":"","meta":{"footnotes":""},"class_list":["post-43","page","type-page","status-publish","hentry"],"_links":{"self":[{"href":"https:\/\/bloc.xarxa-omnia.org\/reutilitzacio\/wp-json\/wp\/v2\/pages\/43","targetHints":{"allow":["GET"]}}],"collection":[{"href":"https:\/\/bloc.xarxa-omnia.org\/reutilitzacio\/wp-json\/wp\/v2\/pages"}],"about":[{"href":"https:\/\/bloc.xarxa-omnia.org\/reutilitzacio\/wp-json\/wp\/v2\/types\/page"}],"author":[{"embeddable":true,"href":"https:\/\/bloc.xarxa-omnia.org\/reutilitzacio\/wp-json\/wp\/v2\/users\/61"}],"replies":[{"embeddable":true,"href":"https:\/\/bloc.xarxa-omnia.org\/reutilitzacio\/wp-json\/wp\/v2\/comments?post=43"}],"version-history":[{"count":30,"href":"https:\/\/bloc.xarxa-omnia.org\/reutilitzacio\/wp-json\/wp\/v2\/pages\/43\/revisions"}],"predecessor-version":[{"id":100,"href":"https:\/\/bloc.xarxa-omnia.org\/reutilitzacio\/wp-json\/wp\/v2\/pages\/43\/revisions\/100"}],"up":[{"embeddable":true,"href":"https:\/\/bloc.xarxa-omnia.org\/reutilitzacio\/wp-json\/wp\/v2\/pages\/6"}],"wp:attachment":[{"href":"https:\/\/bloc.xarxa-omnia.org\/reutilitzacio\/wp-json\/wp\/v2\/media?parent=43"}],"curies":[{"name":"wp","href":"https:\/\/api.w.org\/{rel}","templated":true}]}}