{"id":47,"date":"2012-02-29T22:10:34","date_gmt":"2012-02-29T20:10:34","guid":{"rendered":"http:\/\/blog.xarxa-omnia.org\/reutilitzacio\/?page_id=47"},"modified":"2012-11-15T13:57:54","modified_gmt":"2012-11-15T11:57:54","slug":"activitat-4","status":"publish","type":"page","link":"https:\/\/bloc.xarxa-omnia.org\/reutilitzacio\/tasca\/activitat-4\/","title":{"rendered":"Activitat 4: Ara et toca a tu!"},"content":{"rendered":"<p>Ara us toca passar a l&#8217;acci\u00f3, arriba el moment que poseu en pr\u00e0ctica el que heu apr\u00e8s. Us toca donar un nou \u00fas a un objecte vell o espatllat o reparar-lo.<\/p>\n<p><strong>1.<\/strong> Entre el tres components de l&#8217;equip triareu l&#8217;objecte que creieu m\u00e9s oport\u00fa.<\/p>\n<p><strong>2.<\/strong> El o la responsable de reparar l&#8217;objecte planificar\u00e0 l&#8217;acci\u00f3 i la dur\u00e0 a terme.<\/p>\n<p><strong>3.<\/strong> El o la\u00a0responsable de narrar les activitats juntament amb qui s&#8217;encarregui del reportatge gr\u00e0fic\u00a0faran un recull de tot el proc\u00e9s (<a href=\"http:\/\/www.slideshare.net\/xo2012\/tutorial-koowall-12283720\" target=\"_blank\">tutorial Koowall<\/a>).<\/p>\n<p>Si no en teniu cap idea, aquests v\u00eddeos us inspiraran!<\/p>\n<h3>Activitats de reutilitzaci\u00f3 d&#8217;altres punts \u00d2mnia:<\/h3>\n<p><strong>Reportatge sobre el taller de reciclatge i reparaci\u00f3 d&#8217;ordinadors de la Fundaci\u00f3 Marianao<\/strong><\/p>\n<p><iframe loading=\"lazy\" width=\"560\" height=\"315\" src=\"http:\/\/www.youtube.com\/embed\/2TcNQj9C3mw?hl=ca_ES\" frameborder=\"0\" allowfullscreen><\/iframe><\/p>\n<p><strong>Constru\u00efm un scrabble al taller de reciclatge de l&#8217;Espai Tecnol\u00f2gic del Raval<\/strong><br \/>\n<iframe loading=\"lazy\" width=\"560\" height=\"315\" src=\"http:\/\/www.youtube.com\/embed\/y6hn4i_Ikg4?hl=ca_ES\" frameborder=\"0\" allowfullscreen><\/iframe><\/p>\n<h3>Altres idees:<\/h3>\n<p><iframe loading=\"lazy\" width=\"560\" height=\"315\" src=\"http:\/\/www.youtube.com\/embed\/Qo33R0QC2o0?rel=0\" frameborder=\"0\" allowfullscreen><\/iframe><\/p>\n","protected":false},"excerpt":{"rendered":"<p>Ara us toca passar a l&#8217;acci\u00f3, arriba el moment que poseu en pr\u00e0ctica el que heu apr\u00e8s. Us toca donar un nou \u00fas a un objecte vell o espatllat o reparar-lo. 1. Entre el tres components de l&#8217;equip triareu l&#8217;objecte que creieu m\u00e9s oport\u00fa. 2. El o la responsable de reparar l&#8217;objecte planificar\u00e0 l&#8217;acci\u00f3 i [&hellip;]<\/p>\n","protected":false},"author":61,"featured_media":0,"parent":6,"menu_order":7,"comment_status":"closed","ping_status":"open","template":"","meta":{"footnotes":""},"class_list":["post-47","page","type-page","status-publish","hentry"],"_links":{"self":[{"href":"https:\/\/bloc.xarxa-omnia.org\/reutilitzacio\/wp-json\/wp\/v2\/pages\/47","targetHints":{"allow":["GET"]}}],"collection":[{"href":"https:\/\/bloc.xarxa-omnia.org\/reutilitzacio\/wp-json\/wp\/v2\/pages"}],"about":[{"href":"https:\/\/bloc.xarxa-omnia.org\/reutilitzacio\/wp-json\/wp\/v2\/types\/page"}],"author":[{"embeddable":true,"href":"https:\/\/bloc.xarxa-omnia.org\/reutilitzacio\/wp-json\/wp\/v2\/users\/61"}],"replies":[{"embeddable":true,"href":"https:\/\/bloc.xarxa-omnia.org\/reutilitzacio\/wp-json\/wp\/v2\/comments?post=47"}],"version-history":[{"count":21,"href":"https:\/\/bloc.xarxa-omnia.org\/reutilitzacio\/wp-json\/wp\/v2\/pages\/47\/revisions"}],"predecessor-version":[{"id":51,"href":"https:\/\/bloc.xarxa-omnia.org\/reutilitzacio\/wp-json\/wp\/v2\/pages\/47\/revisions\/51"}],"up":[{"embeddable":true,"href":"https:\/\/bloc.xarxa-omnia.org\/reutilitzacio\/wp-json\/wp\/v2\/pages\/6"}],"wp:attachment":[{"href":"https:\/\/bloc.xarxa-omnia.org\/reutilitzacio\/wp-json\/wp\/v2\/media?parent=47"}],"curies":[{"name":"wp","href":"https:\/\/api.w.org\/{rel}","templated":true}]}}