{"id":6,"date":"2012-02-28T20:46:24","date_gmt":"2012-02-28T18:46:24","guid":{"rendered":"http:\/\/blog.xarxa-omnia.org\/reutilitzacio\/tasca\/"},"modified":"2012-11-15T13:50:38","modified_gmt":"2012-11-15T11:50:38","slug":"tasca","status":"publish","type":"page","link":"https:\/\/bloc.xarxa-omnia.org\/reutilitzacio\/tasca\/","title":{"rendered":"Tasca"},"content":{"rendered":"<p><a href=\"http:\/\/blog.xarxa-omnia.org\/reutilitzacio\/files\/2012\/02\/small__3696670712.jpg\"><img loading=\"lazy\" decoding=\"async\" class=\"alignleft size-full wp-image-220\" style=\"margin: 5px;\" title=\"Imatge de la icona del reciclatge\" src=\"http:\/\/blog.xarxa-omnia.org\/reutilitzacio\/files\/2012\/02\/small__3696670712.jpg\" alt=\"icona de reciclatge\" width=\"200\" height=\"150\" align=\"left\"\/><\/a><big><br \/>Cal <strong>aprofitar els productes \u00fatils<\/strong> per fer diverses vegades la seva funci\u00f3, adaptar-los per a altres usos o donar-los a qui els pugui fer servir abans de desfer-nos-en. Si utilitzem el sentit com\u00fa adquirirem productes que ens durin m\u00e9s, estalviarem diners i ens estalviarem deixalles. Tot aix\u00f2 ens portar\u00e0 cap a un <strong>entorn m\u00e9s sostenible<\/strong> i saludable.<\/p>\n<p>A continuaci\u00f3 us proposem fer un seguit de tasques en equip per tal de descobrir com podem reutilitzar les coses de forma imaginativa:<\/p>\n<ul>\n<li><a href=\"http:\/\/blog.xarxa-omnia.org\/reutilitzacio\/tasca\/activitat-1\/\"><strong>Activitat 1<\/strong>.\u00a0 Descobrim on van a parar els residus.<\/a><\/li>\n<li><a href=\"http:\/\/blog.xarxa-omnia.org\/reutilitzacio\/tasca\/activitat-2\/\"><strong>Activitat 2<\/strong>. Posa&#8217;t a prova!<\/a><\/li>\n<li><a href=\"http:\/\/blog.xarxa-omnia.org\/reutilitzacio\/tasca\/activitat-3\/\"><strong>Activitat 3<\/strong>. Oportunitats al teu entorn.<\/a><\/li>\n<li><a href=\"http:\/\/blog.xarxa-omnia.org\/reutilitzacio\/tasca\/activitat-4\/\"><strong>Activitat 4<\/strong>. Ara et toca a tu!<\/a><\/li>\n<\/ul>\n<p><\/big><br \/>\nImatge: <a href=\"http:\/\/www.flickr.com\/photos\/10037058@N08\/3696670712\/\">Pylon757<\/a> via <a href=\"http:\/\/photopin.com\">photopin<\/a> <a href=\"http:\/\/creativecommons.org\/licenses\/by\/2.0\/\">cc<\/a><\/p>\n","protected":false},"excerpt":{"rendered":"<p>Cal aprofitar els productes \u00fatils per fer diverses vegades la seva funci\u00f3, adaptar-los per a altres usos o donar-los a qui els pugui fer servir abans de desfer-nos-en. Si utilitzem el sentit com\u00fa adquirirem productes que ens durin m\u00e9s, estalviarem diners i ens estalviarem deixalles. Tot aix\u00f2 ens portar\u00e0 cap a un entorn m\u00e9s sostenible [&hellip;]<\/p>\n","protected":false},"author":61,"featured_media":0,"parent":0,"menu_order":3,"comment_status":"closed","ping_status":"open","template":"","meta":{"footnotes":""},"class_list":["post-6","page","type-page","status-publish","hentry"],"_links":{"self":[{"href":"https:\/\/bloc.xarxa-omnia.org\/reutilitzacio\/wp-json\/wp\/v2\/pages\/6","targetHints":{"allow":["GET"]}}],"collection":[{"href":"https:\/\/bloc.xarxa-omnia.org\/reutilitzacio\/wp-json\/wp\/v2\/pages"}],"about":[{"href":"https:\/\/bloc.xarxa-omnia.org\/reutilitzacio\/wp-json\/wp\/v2\/types\/page"}],"author":[{"embeddable":true,"href":"https:\/\/bloc.xarxa-omnia.org\/reutilitzacio\/wp-json\/wp\/v2\/users\/61"}],"replies":[{"embeddable":true,"href":"https:\/\/bloc.xarxa-omnia.org\/reutilitzacio\/wp-json\/wp\/v2\/comments?post=6"}],"version-history":[{"count":28,"href":"https:\/\/bloc.xarxa-omnia.org\/reutilitzacio\/wp-json\/wp\/v2\/pages\/6\/revisions"}],"predecessor-version":[{"id":72,"href":"https:\/\/bloc.xarxa-omnia.org\/reutilitzacio\/wp-json\/wp\/v2\/pages\/6\/revisions\/72"}],"wp:attachment":[{"href":"https:\/\/bloc.xarxa-omnia.org\/reutilitzacio\/wp-json\/wp\/v2\/media?parent=6"}],"curies":[{"name":"wp","href":"https:\/\/api.w.org\/{rel}","templated":true}]}}