{"id":1142,"date":"2016-01-27T13:28:01","date_gmt":"2016-01-27T11:28:01","guid":{"rendered":"http:\/\/xarxaomnia.gencat.cat\/blocs\/rierabonet\/?page_id=1142"},"modified":"2016-02-23T17:03:11","modified_gmt":"2016-02-23T15:03:11","slug":"magrada-llegir","status":"publish","type":"page","link":"https:\/\/bloc.xarxa-omnia.org\/rierabonet\/magrada-llegir\/","title":{"rendered":"M&#8217;AGRADA LLEGIR!"},"content":{"rendered":"<p>En aquest apartat els nens i les nenes de la ludoteca del casal (programa Jugar i Llegir), que tamb\u00e9 assisteixen al punt \u00d2mnia del casal, us explicarem els contes i llibres que anem llegint i que ens han agradat molt. Abans, per\u00f2, podem omplir la <a href=\"http:\/\/www.edu365.cat\/piramide\/primaria\/index_primaria.html\" target=\"_blank\">Pir\u00e0mide de la lectura<\/a>.<\/p>\n<p>Tamb\u00e9 podem participar al <a href=\"http:\/\/www.cavallfort.cat\/cavallfort\/ca\/cavall-fort\/cf-concurs.html\">concurs del Cavall Fort<\/a>, <a href=\"http:\/\/www.edu365.cat\/infantil\/endevinalles\/portada.htm\">resoldre endevinalles<\/a>, <a href=\"http:\/\/www.zimmertwins.com\/movie\/starters\">fer una pel\u00b7l\u00edcula<\/a>&#8230;<\/p>\n<p><span style=\"color: #993366\"><strong>PER A MIRAR I DESCOBRIR:<\/strong><\/span><\/p>\n<figure style=\"width: 211px\" class=\"wp-caption alignleft\"><img loading=\"lazy\" decoding=\"async\" class=\"irc_mi\" src=\"http:\/\/ecx.images-amazon.com\/images\/I\/51F19mFD--L._SX381_BO1,204,203,200_.jpg\" alt=\"\" width=\"211\" height=\"275\" \/><figcaption class=\"wp-caption-text\">A cada p\u00e0gina hem de buscar coses impossibles: unes pomes quadrades, un arbre blau, un llac en un calaix&#8230;<\/figcaption><\/figure>\n<figure style=\"width: 213px\" class=\"wp-caption alignright\"><img loading=\"lazy\" decoding=\"async\" class=\"irc_mi\" src=\"https:\/\/mainadallibresco.files.wordpress.com\/2011\/12\/a-on-es-troba-el-pastc3ads.jpg\" alt=\"\" width=\"213\" height=\"246\" \/><figcaption class=\"wp-caption-text\">Als senyors Gos els han robat un past\u00eds, la conilleta ha perdut la seva nina, el senyor Gat coneix la fam\u00edlia Porquet\u2026 Tot aix\u00f2 passa en aquest \u00e0lbum il\u00b7lustrat sense paraules.<\/figcaption><\/figure>\n<p><span style=\"color: #993366\"><strong><br \/>\n<\/strong><\/span><\/p>\n<p>&nbsp;<\/p>\n<p>&nbsp;<\/p>\n<p>&nbsp;<\/p>\n<p>&nbsp;<\/p>\n<p>&nbsp;<\/p>\n<p>&nbsp;<\/p>\n<p>&nbsp;<\/p>\n<figure style=\"width: 234px\" class=\"wp-caption alignleft\"><img loading=\"lazy\" decoding=\"async\" class=\"irc_mi\" src=\"http:\/\/image.casadellibro.com\/a\/l\/t0\/46\/9788466125246.jpg\" alt=\"\" width=\"234\" height=\"197\" \/><figcaption class=\"wp-caption-text\">Fes els teus dinosaures combinant cap, cos i cua.<\/figcaption><\/figure>\n<figure style=\"width: 133px\" class=\"wp-caption alignright\"><img loading=\"lazy\" decoding=\"async\" class=\"irc_mi\" src=\"http:\/\/www.kalandraka.com\/fileadmin\/images\/books\/covers\/Nicomedes-C_01.jpg\" alt=\"\" width=\"133\" height=\"243\" \/><figcaption class=\"wp-caption-text\">Quan a en Nicomedes li comen\u00e7a a caure el cabell, t\u00e9 unes idees ben estrafol\u00e0ries!<\/figcaption><\/figure>\n<p>&nbsp;<\/p>\n<p>&nbsp;<\/p>\n<p>&nbsp;<\/p>\n<p>&nbsp;<\/p>\n<p>&nbsp;<\/p>\n<p>&nbsp;<\/p>\n<p>&nbsp;<\/p>\n<p><span style=\"color: #993366\"><strong>NENS COM NOSALTRES:<\/strong><\/span><\/p>\n<figure style=\"width: 221px\" class=\"wp-caption alignleft\"><img loading=\"lazy\" decoding=\"async\" class=\"irc_mi\" src=\"http:\/\/4.bp.blogspot.com\/_NEubL2COIs8\/TTPumfcFAMI\/AAAAAAAAAiE\/3UUs2ltNwfQ\/s1600\/en%2Bferran%2Benfadat.jpg\" alt=\"\" width=\"221\" height=\"254\" \/><figcaption class=\"wp-caption-text\">Qu\u00e8 passa quan a en Ferran li fan apagar la tele?<\/figcaption><\/figure>\n<figure style=\"width: 251px\" class=\"wp-caption alignright\"><img loading=\"lazy\" decoding=\"async\" class=\"irc_mi\" src=\"http:\/\/ecx.images-amazon.com\/images\/I\/51Rk8R7cnPL._SX258_BO1,204,203,200_.jpg\" alt=\"\" width=\"251\" height=\"234\" \/><figcaption class=\"wp-caption-text\">Tots podem fer coses especials.<\/figcaption><\/figure>\n<p>.<\/p>\n<p>&nbsp;<\/p>\n<p>&nbsp;<\/p>\n<p>&nbsp;<\/p>\n<p>&nbsp;<\/p>\n<p>&nbsp;<\/p>\n<figure style=\"width: 215px\" class=\"wp-caption alignnone\"><img loading=\"lazy\" decoding=\"async\" class=\"irc_mi\" src=\"http:\/\/2.bp.blogspot.com\/-UDB2eyTtXbc\/UoC8aGw8JmI\/AAAAAAAABKc\/cjhoORwq4ao\/s1600\/Quasi%2B1.jpeg\" alt=\"\" width=\"215\" height=\"202\" \/><figcaption class=\"wp-caption-text\">Una hist\u00f2ria sobre la confian\u00e7a i l&#8217;autoestima.<\/figcaption><\/figure>\n<figure style=\"width: 226px\" class=\"wp-caption alignleft\"><img loading=\"lazy\" decoding=\"async\" class=\"irc_mi\" src=\"https:\/\/annafores.files.wordpress.com\/2012\/06\/aaaleoportada.jpg\" alt=\"\" width=\"226\" height=\"253\" \/><figcaption class=\"wp-caption-text\">Sempre estic ocupat&#8230;<\/figcaption><\/figure>\n<p>&nbsp;<\/p>\n<p>&nbsp;<\/p>\n<p>&nbsp;<\/p>\n<p>&nbsp;<\/p>\n<p>&nbsp;<\/p>\n<figure style=\"width: 238px\" class=\"wp-caption alignnone\"><img loading=\"lazy\" decoding=\"async\" class=\"irc_mi\" src=\"http:\/\/image.casadellibro.com\/a\/l\/t0\/04\/9788484648604.jpg\" alt=\"\" width=\"238\" height=\"214\" \/><figcaption class=\"wp-caption-text\">Quan un s&#8217;enfada a casa, no est\u00e0 gens malament ser el rei dels monstres. Per\u00f2 potser t&#8217;enyores&#8230;<\/figcaption><\/figure>\n<p>&nbsp;<\/p>\n<p style=\"text-align: left\"><span style=\"color: #993366\"><strong>PER APRENDRE A DIBUIXAR I FER MANUALITATS:<\/strong><\/span><\/p>\n<figure style=\"width: 232px\" class=\"wp-caption alignleft\"><img loading=\"lazy\" decoding=\"async\" class=\"irc_mi\" src=\"http:\/\/image.casadellibro.com\/a\/l\/t0\/50\/9788498253450.jpg\" alt=\"\" width=\"232\" height=\"195\" \/><figcaption class=\"wp-caption-text\">Aprenem a dibuixar cases del m\u00f3n.<\/figcaption><\/figure>\n<figure style=\"width: 237px\" class=\"wp-caption alignright\"><img loading=\"lazy\" decoding=\"async\" class=\"irc_mi\" src=\"http:\/\/3.bp.blogspot.com\/_WrHPUb_FcJ0\/TMxudE6M5aI\/AAAAAAAAAoc\/uPqH017Wnq0\/s1600\/ed-papiroflexia-01.jpg\" alt=\"\" width=\"237\" height=\"190\" \/><figcaption class=\"wp-caption-text\">Papirofl\u00e8xia per a nens.<\/figcaption><\/figure>\n<p>&nbsp;<\/p>\n<p>&nbsp;<\/p>\n<p>&nbsp;<\/p>\n<p>&nbsp;<\/p>\n<p>&nbsp;<\/p>\n","protected":false},"excerpt":{"rendered":"<p>En aquest apartat els nens i les nenes de la ludoteca del casal (programa Jugar i Llegir), que tamb\u00e9 assisteixen al punt \u00d2mnia del casal, us explicarem els contes i llibres que anem llegint i que ens han agradat molt. Abans, per\u00f2, podem omplir la Pir\u00e0mide de la lectura. Tamb\u00e9 &#8230;<\/p>\n","protected":false},"author":157,"featured_media":0,"parent":0,"menu_order":0,"comment_status":"closed","ping_status":"closed","template":"","meta":{"_s2mail":"","footnotes":""},"class_list":["post-1142","page","type-page","status-publish","hentry","column","twocol"],"_links":{"self":[{"href":"https:\/\/bloc.xarxa-omnia.org\/rierabonet\/wp-json\/wp\/v2\/pages\/1142","targetHints":{"allow":["GET"]}}],"collection":[{"href":"https:\/\/bloc.xarxa-omnia.org\/rierabonet\/wp-json\/wp\/v2\/pages"}],"about":[{"href":"https:\/\/bloc.xarxa-omnia.org\/rierabonet\/wp-json\/wp\/v2\/types\/page"}],"author":[{"embeddable":true,"href":"https:\/\/bloc.xarxa-omnia.org\/rierabonet\/wp-json\/wp\/v2\/users\/157"}],"replies":[{"embeddable":true,"href":"https:\/\/bloc.xarxa-omnia.org\/rierabonet\/wp-json\/wp\/v2\/comments?post=1142"}],"version-history":[{"count":13,"href":"https:\/\/bloc.xarxa-omnia.org\/rierabonet\/wp-json\/wp\/v2\/pages\/1142\/revisions"}],"predecessor-version":[{"id":1165,"href":"https:\/\/bloc.xarxa-omnia.org\/rierabonet\/wp-json\/wp\/v2\/pages\/1142\/revisions\/1165"}],"wp:attachment":[{"href":"https:\/\/bloc.xarxa-omnia.org\/rierabonet\/wp-json\/wp\/v2\/media?parent=1142"}],"curies":[{"name":"wp","href":"https:\/\/api.w.org\/{rel}","templated":true}]}}