{"id":1145,"date":"2016-01-27T14:16:20","date_gmt":"2016-01-27T12:16:20","guid":{"rendered":"http:\/\/xarxaomnia.gencat.cat\/blocs\/rierabonet\/?page_id=1145"},"modified":"2016-02-12T14:32:12","modified_gmt":"2016-02-12T12:32:12","slug":"magrada-jugar","status":"publish","type":"page","link":"https:\/\/bloc.xarxa-omnia.org\/rierabonet\/magrada-jugar\/","title":{"rendered":"M&#8217;AGRADA JUGAR!"},"content":{"rendered":"<p>En aquest apartat us anirem explicant els jocs que aprenem al punt \u00d2mnia i que podem jugar en fam\u00edlia. Segur que us ho passareu molt b\u00e9!<\/p>\n<figure style=\"width: 219px\" class=\"wp-caption alignright\"><img loading=\"lazy\" decoding=\"async\" class=\"irc_mi\" src=\"http:\/\/ibizafamilymagazine.com\/wp-content\/uploads\/2013\/05\/haba1_El-Frutal.jpg\" alt=\"\" width=\"219\" height=\"159\" \/><figcaption class=\"wp-caption-text\">EL FRUTAL. Joc cooperatiu, en qu\u00e8 tots nosaltres juguem contra el corb. Aconseguirem guanyar-lo? A partir de 3 anys.<\/figcaption><\/figure>\n<figure style=\"width: 189px\" class=\"wp-caption alignleft\"><img loading=\"lazy\" decoding=\"async\" class=\"irc_mi\" src=\"http:\/\/ecx.images-amazon.com\/images\/I\/511A7BGG4YL._SY355_.jpg\" alt=\"\" width=\"189\" height=\"189\" \/><figcaption class=\"wp-caption-text\">PICCOBELLO. El primer que aconsegueixi penjar tota la roba a l&#8217;estenedor guanya! A partir de 3 anys.<\/figcaption><\/figure>\n<figure style=\"width: 210px\" class=\"wp-caption alignright\"><img loading=\"lazy\" decoding=\"async\" class=\"irc_mi\" src=\"http:\/\/www.elsenorglobo.com\/media\/catalog\/product\/cache\/1\/image\/765x937\/9df78eab33525d08d6e5fb8d27136e95\/j\/u\/juegos-de-tablero-haba-codigo-secreto.jpg\" alt=\"\" width=\"210\" height=\"258\" \/><figcaption class=\"wp-caption-text\">C\u00d3DIGO SECRETO. Qui ser\u00e0 el primer de desxifrar el codi secret i robar la joia? A partir de 8 anys<\/figcaption><\/figure>\n<figure style=\"width: 212px\" class=\"wp-caption alignnone\"><img loading=\"lazy\" decoding=\"async\" src=\"http:\/\/www.eurekakids.net\/m\/09107424\/puzzle-dinosaurios---libro.jpg\" alt=\"Puzzle dinosaurios + libro\" width=\"212\" height=\"212\" \/><figcaption class=\"wp-caption-text\">PUZLE DE DINOUSAURES. Amb peces molt grans, un p\u00f2ster i un llibret que ens explica els dinousaures que hi surten. A partir de 8 anys.<\/figcaption><\/figure>\n<figure style=\"width: 214px\" class=\"wp-caption aligncenter\"><img loading=\"lazy\" decoding=\"async\" class=\"irc_mi\" src=\"http:\/\/ecx.images-amazon.com\/images\/I\/61jtrSEnA4L._SY355_.jpg\" alt=\"\" width=\"214\" height=\"217\" \/><figcaption class=\"wp-caption-text\">Sigues el m\u00e9s r\u00e0pid en col\u00b7locar els cubs en ordre!<\/figcaption><\/figure>\n<p>&nbsp;<\/p>\n<p>&nbsp;<\/p>\n<p>&nbsp;<\/p>\n","protected":false},"excerpt":{"rendered":"<p>En aquest apartat us anirem explicant els jocs que aprenem al punt \u00d2mnia i que podem jugar en fam\u00edlia. Segur que us ho passareu molt b\u00e9! &nbsp; &nbsp; &nbsp;<\/p>\n","protected":false},"author":157,"featured_media":0,"parent":0,"menu_order":0,"comment_status":"closed","ping_status":"closed","template":"","meta":{"_s2mail":"","footnotes":""},"class_list":["post-1145","page","type-page","status-publish","hentry","column","twocol"],"_links":{"self":[{"href":"https:\/\/bloc.xarxa-omnia.org\/rierabonet\/wp-json\/wp\/v2\/pages\/1145","targetHints":{"allow":["GET"]}}],"collection":[{"href":"https:\/\/bloc.xarxa-omnia.org\/rierabonet\/wp-json\/wp\/v2\/pages"}],"about":[{"href":"https:\/\/bloc.xarxa-omnia.org\/rierabonet\/wp-json\/wp\/v2\/types\/page"}],"author":[{"embeddable":true,"href":"https:\/\/bloc.xarxa-omnia.org\/rierabonet\/wp-json\/wp\/v2\/users\/157"}],"replies":[{"embeddable":true,"href":"https:\/\/bloc.xarxa-omnia.org\/rierabonet\/wp-json\/wp\/v2\/comments?post=1145"}],"version-history":[{"count":3,"href":"https:\/\/bloc.xarxa-omnia.org\/rierabonet\/wp-json\/wp\/v2\/pages\/1145\/revisions"}],"predecessor-version":[{"id":1156,"href":"https:\/\/bloc.xarxa-omnia.org\/rierabonet\/wp-json\/wp\/v2\/pages\/1145\/revisions\/1156"}],"wp:attachment":[{"href":"https:\/\/bloc.xarxa-omnia.org\/rierabonet\/wp-json\/wp\/v2\/media?parent=1145"}],"curies":[{"name":"wp","href":"https:\/\/api.w.org\/{rel}","templated":true}]}}