{"id":165,"date":"2012-12-28T12:00:54","date_gmt":"2012-12-28T10:00:54","guid":{"rendered":"http:\/\/xarxaomnia.gencat.cat\/blocs\/rierabonet\/?page_id=165"},"modified":"2015-03-12T21:35:54","modified_gmt":"2015-03-12T19:35:54","slug":"enllacos-punt-omnia","status":"publish","type":"page","link":"https:\/\/bloc.xarxa-omnia.org\/rierabonet\/enllacos-punt-omnia\/","title":{"rendered":"Tutorials Punt \u00d2mnia"},"content":{"rendered":"<h2><span style=\"color: #008080\"><strong>Tutorials del punt \u00d2mnia Riera Bonet:<\/strong><\/span><\/h2>\n<p><span style=\"color: #008000\"><strong>INTERNET:<\/strong><\/span><\/p>\n<p><a href=\"http:\/\/youtu.be\/TdQ4Z23TAf8\">Tutorial 1: Com guardar les adre\u00e7es d&#8217;inter\u00e8s amb Firefox.<\/a><\/p>\n<p><a href=\"http:\/\/youtu.be\/5Y9DGAL4Twc\">Tutorial 1.1: Com guardar adreces d&#8217;inter\u00e8s amb Google Chrome.<\/a><\/p>\n<p><a href=\"http:\/\/youtu.be\/Afr00XX5Fy4\">Tutorial 2:\u00a0 Com descarregar programes de SoftCatal\u00e0.<\/a><\/p>\n","protected":false},"excerpt":{"rendered":"<p>Tutorials del punt \u00d2mnia Riera Bonet: INTERNET: Tutorial 1: Com guardar les adre\u00e7es d&#8217;inter\u00e8s amb Firefox. Tutorial 1.1: Com guardar adreces d&#8217;inter\u00e8s amb Google Chrome. Tutorial 2:\u00a0 Com descarregar programes de SoftCatal\u00e0.<\/p>\n","protected":false},"author":157,"featured_media":0,"parent":0,"menu_order":0,"comment_status":"closed","ping_status":"closed","template":"","meta":{"_s2mail":"","footnotes":""},"class_list":["post-165","page","type-page","status-publish","hentry","column","twocol"],"_links":{"self":[{"href":"https:\/\/bloc.xarxa-omnia.org\/rierabonet\/wp-json\/wp\/v2\/pages\/165","targetHints":{"allow":["GET"]}}],"collection":[{"href":"https:\/\/bloc.xarxa-omnia.org\/rierabonet\/wp-json\/wp\/v2\/pages"}],"about":[{"href":"https:\/\/bloc.xarxa-omnia.org\/rierabonet\/wp-json\/wp\/v2\/types\/page"}],"author":[{"embeddable":true,"href":"https:\/\/bloc.xarxa-omnia.org\/rierabonet\/wp-json\/wp\/v2\/users\/157"}],"replies":[{"embeddable":true,"href":"https:\/\/bloc.xarxa-omnia.org\/rierabonet\/wp-json\/wp\/v2\/comments?post=165"}],"version-history":[{"count":15,"href":"https:\/\/bloc.xarxa-omnia.org\/rierabonet\/wp-json\/wp\/v2\/pages\/165\/revisions"}],"predecessor-version":[{"id":490,"href":"https:\/\/bloc.xarxa-omnia.org\/rierabonet\/wp-json\/wp\/v2\/pages\/165\/revisions\/490"}],"wp:attachment":[{"href":"https:\/\/bloc.xarxa-omnia.org\/rierabonet\/wp-json\/wp\/v2\/media?parent=165"}],"curies":[{"name":"wp","href":"https:\/\/api.w.org\/{rel}","templated":true}]}}